{"id":836,"date":"2025-03-27T13:57:05","date_gmt":"2025-03-27T13:57:05","guid":{"rendered":"https:\/\/upartpal.com\/?post_type=product&#038;p=836"},"modified":"2025-09-04T15:55:46","modified_gmt":"2025-09-04T15:55:46","slug":"agitador-compativel-fisher-paykel-425025p","status":"publish","type":"product","link":"https:\/\/upartpal.com\/pt\/product\/agitador-compativel-fisher-paykel-425025p\/","title":{"rendered":"Agitador compat\u00edvel de qualidade melhorada Fisher and Paykel-425025P"},"content":{"rendered":"<h3>Nome do produto<\/h3>\n<p class=\"break-words\">Agitador compat\u00edvel Fisher and Paykel-425025P<\/p>\n<p><img fetchpriority=\"high\" decoding=\"async\" class=\"alignnone wp-image-839\" src=\"https:\/\/upartpal.com\/wp-content\/uploads\/2025\/03\/Fisher-and-Paykel-Agitator-425025P-300x300.webp\" alt=\"Aspirador de piscinas branco com cabe\u00e7a de aspira\u00e7\u00e3o autom\u00e1tica\" width=\"600\" height=\"600\" srcset=\"https:\/\/upartpal.com\/wp-content\/uploads\/2025\/03\/Fisher-and-Paykel-Agitator-425025P-300x300.webp 300w, https:\/\/upartpal.com\/wp-content\/uploads\/2025\/03\/Fisher-and-Paykel-Agitator-425025P-1024x1024.webp 1024w, https:\/\/upartpal.com\/wp-content\/uploads\/2025\/03\/Fisher-and-Paykel-Agitator-425025P-150x150.webp 150w, https:\/\/upartpal.com\/wp-content\/uploads\/2025\/03\/Fisher-and-Paykel-Agitator-425025P-768x768.webp 768w, https:\/\/upartpal.com\/wp-content\/uploads\/2025\/03\/Fisher-and-Paykel-Agitator-425025P-1536x1536.webp 1536w, https:\/\/upartpal.com\/wp-content\/uploads\/2025\/03\/Fisher-and-Paykel-Agitator-425025P-600x600.webp 600w, https:\/\/upartpal.com\/wp-content\/uploads\/2025\/03\/Fisher-and-Paykel-Agitator-425025P-100x100.webp 100w, https:\/\/upartpal.com\/wp-content\/uploads\/2025\/03\/Fisher-and-Paykel-Agitator-425025P.webp 1600w\" sizes=\"(max-width: 600px) 100vw, 600px\" \/><\/p>\n<div>\n<h3 class=\"break-words\"><strong>Detalhes do produto<\/strong><\/h3>\n<ul class=\"marker:text-secondary\">\n<li class=\"break-words\"><strong>Substitui:<\/strong> Pe\u00e7as 425025 e 478083P<\/li>\n<li class=\"break-words\"><strong>Fun\u00e7\u00e3o:<\/strong> O agitador (n\u00famero de pe\u00e7a 425025P, tamb\u00e9m conhecido como AP6791048) foi concebido para que as m\u00e1quinas de lavar limpem eficazmente a roupa.<\/li>\n<li class=\"break-words\"><strong>Precau\u00e7\u00e3o de seguran\u00e7a:<\/strong> Desligue sempre a m\u00e1quina de lavar antes da instala\u00e7\u00e3o para garantir a seguran\u00e7a.<\/li>\n<\/ul>\n<\/div>\n<p><img decoding=\"async\" class=\"alignnone wp-image-840\" src=\"https:\/\/upartpal.com\/wp-content\/uploads\/2025\/03\/s-l1600-2-300x179.webp\" alt=\"AGITADOR DE SUBSTITUI\u00c7\u00c3O PARA M\u00c1QUINA DE LAVAR\" width=\"600\" height=\"359\" srcset=\"https:\/\/upartpal.com\/wp-content\/uploads\/2025\/03\/s-l1600-2-300x179.webp 300w, https:\/\/upartpal.com\/wp-content\/uploads\/2025\/03\/s-l1600-2-1024x612.webp 1024w, https:\/\/upartpal.com\/wp-content\/uploads\/2025\/03\/s-l1600-2-768x459.webp 768w, https:\/\/upartpal.com\/wp-content\/uploads\/2025\/03\/s-l1600-2-1536x919.webp 1536w, https:\/\/upartpal.com\/wp-content\/uploads\/2025\/03\/s-l1600-2-600x359.webp 600w, https:\/\/upartpal.com\/wp-content\/uploads\/2025\/03\/s-l1600-2.webp 1600w\" sizes=\"(max-width: 600px) 100vw, 600px\" \/><\/p>\n<h3>Compatibilidade<\/h3>\n<p>Este agitador \u00e9 compat\u00edvel com uma vasta gama de modelos de m\u00e1quinas de lavar Fisher &amp; Paykel, incluindo, entre outros:<\/p>\n<ul class=\"marker:text-secondary\">\n<li>GWL11-96151,GWL11-96151B,GWL15-96200A,GWL11-96151,GWL11-96151B,GWL15-96200A,GWL15-96155A,IWL16-96203A,IWL16-96160A,IWL12-96192,IWL12-96154B,WA4127G1-96212-A,GWL12-96187,GWL03-96986,GWL15-96155B,GWL15-96155C,IWL16-96160B,WA37T26EW2-96139A,WA37T26EW2-96146A,WA37T26EW2-96146B,WA37T26EW2-96186A,WA37T26GW-96181A,WA37T26GW2-96133A,WA37T26GW2-96134A,WA37T26GW2-96152A,WA42T26GW1-96172A,WA42T26GW1-96184A,WA42T26GW1-96193A<\/li>\n<\/ul>\n<p><img decoding=\"async\" class=\"alignnone wp-image-841\" src=\"https:\/\/upartpal.com\/wp-content\/uploads\/2025\/03\/s-l1600-300x218.webp\" alt=\"Interior da m\u00e1quina de lavar roupa de carregamento superior com agitador\" width=\"600\" height=\"436\" srcset=\"https:\/\/upartpal.com\/wp-content\/uploads\/2025\/03\/s-l1600-300x218.webp 300w, https:\/\/upartpal.com\/wp-content\/uploads\/2025\/03\/s-l1600-1024x744.webp 1024w, https:\/\/upartpal.com\/wp-content\/uploads\/2025\/03\/s-l1600-768x558.webp 768w, https:\/\/upartpal.com\/wp-content\/uploads\/2025\/03\/s-l1600-1536x1116.webp 1536w, https:\/\/upartpal.com\/wp-content\/uploads\/2025\/03\/s-l1600-600x436.webp 600w, https:\/\/upartpal.com\/wp-content\/uploads\/2025\/03\/s-l1600.webp 1600w\" sizes=\"(max-width: 600px) 100vw, 600px\" \/><\/p>\n<h3><strong style=\"font-family: -apple-system, BlinkMacSystemFont, 'Segoe UI', Roboto, 'Helvetica Neue', Arial, 'Noto Sans', sans-serif, 'Apple Color Emoji', 'Segoe UI Emoji', 'Segoe UI Symbol', 'Noto Color Emoji'; font-size: 16px;\">Sobre este item<\/strong><\/h3>\n<div>\n<ul class=\"marker:text-secondary\">\n<li class=\"break-words\"><strong>Objetivo:<\/strong> Um agitador de substitui\u00e7\u00e3o de alta qualidade concebido para se adaptar perfeitamente \u00e0s m\u00e1quinas de lavar topo de gama Fisher &amp; Paykel.<\/li>\n<li class=\"break-words\"><strong>Compatibilidade:<\/strong> Adapta-se a todas as m\u00e1quinas de lavar roupa de carga superior Fisher &amp; Paykel.<\/li>\n<li class=\"break-words\"><strong>Facilidade de utiliza\u00e7\u00e3o:<\/strong> Simples de instalar e manter, o que a torna a escolha ideal para atualizar ou reparar a sua m\u00e1quina de lavar.<\/li>\n<li class=\"break-words\"><strong>Desempenho:<\/strong> Agita eficazmente a roupa para uma limpeza completa nas m\u00e1quinas de lavar de carga superior.<\/li>\n<\/ul>\n<p><img loading=\"lazy\" decoding=\"async\" class=\"alignnone wp-image-842\" src=\"https:\/\/upartpal.com\/wp-content\/uploads\/2025\/03\/s-l1600-1-300x300.webp\" alt=\"Vista superior de um coador de a\u00e7o inoxid\u00e1vel com orif\u00edcios.\" width=\"600\" height=\"600\" srcset=\"https:\/\/upartpal.com\/wp-content\/uploads\/2025\/03\/s-l1600-1-300x300.webp 300w, https:\/\/upartpal.com\/wp-content\/uploads\/2025\/03\/s-l1600-1-1024x1024.webp 1024w, https:\/\/upartpal.com\/wp-content\/uploads\/2025\/03\/s-l1600-1-150x150.webp 150w, https:\/\/upartpal.com\/wp-content\/uploads\/2025\/03\/s-l1600-1-768x768.webp 768w, https:\/\/upartpal.com\/wp-content\/uploads\/2025\/03\/s-l1600-1-600x600.webp 600w, https:\/\/upartpal.com\/wp-content\/uploads\/2025\/03\/s-l1600-1-100x100.webp 100w, https:\/\/upartpal.com\/wp-content\/uploads\/2025\/03\/s-l1600-1.webp 1080w\" sizes=\"(max-width: 600px) 100vw, 600px\" \/><\/p>\n<\/div>","protected":false},"excerpt":{"rendered":"<ul>\n<li>Marca: Upartpal<\/li>\n<li>N\u00famero do modelo do artigo: 425025P<\/li>\n<li>N\u00famero de pe\u00e7a: 425025P<\/li>\n<li>Dimens\u00f5es do produto: 14 x 14 x 17 polegadas<\/li>\n<li>Peso do item: 3,1 libras<\/li>\n<li>Componentes inclu\u00eddos: 1 PCS Agitador compat\u00edvel com Fisher e Paykel-425025P<\/li>\n<\/ul>","protected":false},"featured_media":837,"comment_status":"open","ping_status":"closed","template":"","meta":{"_seopress_robots_primary_cat":"none","_seopress_titles_title":"Upgrade Your Washing Machine's Suspension with 424569P","_seopress_titles_desc":"Upgrade your washing machine's stability with the 424569P suspension rod. Made of stainless steel, it reduces noise and vibration for smoother operation.","_seopress_robots_index":""},"product_brand":[44],"product_cat":[34],"product_tag":[],"class_list":{"0":"post-836","1":"product","2":"type-product","3":"status-publish","4":"has-post-thumbnail","6":"product_brand-fisher-paykel","7":"product_cat-washing-machine-spare-parts","9":"first","10":"instock","11":"sale","12":"shipping-taxable","13":"purchasable","14":"product-type-simple"},"meta_box":[],"_links":{"self":[{"href":"https:\/\/upartpal.com\/pt\/wp-json\/wp\/v2\/product\/836","targetHints":{"allow":["GET"]}}],"collection":[{"href":"https:\/\/upartpal.com\/pt\/wp-json\/wp\/v2\/product"}],"about":[{"href":"https:\/\/upartpal.com\/pt\/wp-json\/wp\/v2\/types\/product"}],"replies":[{"embeddable":true,"href":"https:\/\/upartpal.com\/pt\/wp-json\/wp\/v2\/comments?post=836"}],"wp:featuredmedia":[{"embeddable":true,"href":"https:\/\/upartpal.com\/pt\/wp-json\/wp\/v2\/media\/837"}],"wp:attachment":[{"href":"https:\/\/upartpal.com\/pt\/wp-json\/wp\/v2\/media?parent=836"}],"wp:term":[{"taxonomy":"product_brand","embeddable":true,"href":"https:\/\/upartpal.com\/pt\/wp-json\/wp\/v2\/product_brand?post=836"},{"taxonomy":"product_cat","embeddable":true,"href":"https:\/\/upartpal.com\/pt\/wp-json\/wp\/v2\/product_cat?post=836"},{"taxonomy":"product_tag","embeddable":true,"href":"https:\/\/upartpal.com\/pt\/wp-json\/wp\/v2\/product_tag?post=836"}],"curies":[{"name":"wp","href":"https:\/\/api.w.org\/{rel}","templated":true}]}}