{"id":795,"date":"2025-03-27T08:23:16","date_gmt":"2025-03-27T08:23:16","guid":{"rendered":"https:\/\/upartpal.com\/?post_type=product&#038;p=795"},"modified":"2026-04-08T10:28:12","modified_gmt":"2026-04-08T10:28:12","slug":"2x-filtro-de-cotao-para-fisher-paykel-426451p","status":"publish","type":"product","link":"https:\/\/upartpal.com\/pt\/product\/2x-filtro-de-cotao-para-fisher-paykel-426451p\/","title":{"rendered":"2x FILTRO DE CAIXA PARA FISHER &amp; PAYKEL-426451P"},"content":{"rendered":"<h3>Vis\u00e3o geral do produto<\/h3>\n<ul class=\"marker:text-secondary\">\n<li class=\"break-words\"><strong>Nome<\/strong>: 426451P 2x Filtro de cot\u00e3o para carregador superior Fisher &amp; Paykel FabricSmart WA70T60FW1<\/li>\n<li class=\"break-words\"><strong>Descri\u00e7\u00e3o<\/strong>: Este \u00e9 um conjunto de dois filtros de cot\u00e3o especificamente concebidos para as m\u00e1quinas de lavar roupa de carregamento superior da Fisher &amp; Paykel.<\/li>\n<\/ul>\n<p><img fetchpriority=\"high\" decoding=\"async\" class=\"alignnone wp-image-798\" src=\"https:\/\/upartpal.com\/wp-content\/uploads\/2025\/03\/426451-2-300x300.webp\" alt=\"Dois filtros de cot\u00e3o para o carregador superior\" width=\"600\" height=\"600\" srcset=\"https:\/\/upartpal.com\/wp-content\/uploads\/2025\/03\/426451-2-300x300.webp 300w, https:\/\/upartpal.com\/wp-content\/uploads\/2025\/03\/426451-2-1024x1024.webp 1024w, https:\/\/upartpal.com\/wp-content\/uploads\/2025\/03\/426451-2-150x150.webp 150w, https:\/\/upartpal.com\/wp-content\/uploads\/2025\/03\/426451-2-768x768.webp 768w, https:\/\/upartpal.com\/wp-content\/uploads\/2025\/03\/426451-2-1536x1536.webp 1536w, https:\/\/upartpal.com\/wp-content\/uploads\/2025\/03\/426451-2-600x600.webp 600w, https:\/\/upartpal.com\/wp-content\/uploads\/2025\/03\/426451-2-100x100.webp 100w, https:\/\/upartpal.com\/wp-content\/uploads\/2025\/03\/426451-2.webp 1600w\" sizes=\"(max-width: 600px) 100vw, 600px\" \/><\/p>\n<div>\n<h3>Benef\u00edcios do produto<\/h3>\n<ul class=\"marker:text-secondary\">\n<li class=\"break-words\"><strong>Evita o entupimento dos tubos<\/strong>: Muitas m\u00e1quinas de lavar roupa Fisher &amp; Paykel n\u00e3o t\u00eam um filtro de cot\u00e3o incorporado, permitindo que o cot\u00e3o flua para o sistema de esgotos. Isto pode entupir os canos e levar a repara\u00e7\u00f5es dispendiosas na canaliza\u00e7\u00e3o, que podem custar centenas de d\u00f3lares.<\/li>\n<li class=\"break-words\"><strong>Elimina\u00e7\u00e3o manual de cot\u00e3o<\/strong>: O filtro ret\u00e9m o cot\u00e3o durante o ciclo de lavagem, permitindo-lhe elimin\u00e1-lo no lixo em vez de o deixar entrar no seu sistema de drenagem.<\/li>\n<li class=\"break-words\"><strong>Poupan\u00e7a de custos<\/strong>: Ao capturar o cot\u00e3o, este filtro protege a sua m\u00e1quina de lavar roupa e a canaliza\u00e7\u00e3o da sua casa, ajudando-o a evitar despesas de repara\u00e7\u00e3o dispendiosas.<\/li>\n<\/ul>\n<p><img decoding=\"async\" class=\"alignnone wp-image-800\" src=\"https:\/\/upartpal.com\/wp-content\/uploads\/2025\/03\/426451-4-300x300.webp\" alt=\"Agitador de m\u00e1quina de lavar roupa rotulado Suits Agitator 425025P.\" width=\"600\" height=\"600\" srcset=\"https:\/\/upartpal.com\/wp-content\/uploads\/2025\/03\/426451-4-300x300.webp 300w, https:\/\/upartpal.com\/wp-content\/uploads\/2025\/03\/426451-4-1024x1024.webp 1024w, https:\/\/upartpal.com\/wp-content\/uploads\/2025\/03\/426451-4-150x150.webp 150w, https:\/\/upartpal.com\/wp-content\/uploads\/2025\/03\/426451-4-768x768.webp 768w, https:\/\/upartpal.com\/wp-content\/uploads\/2025\/03\/426451-4-1536x1536.webp 1536w, https:\/\/upartpal.com\/wp-content\/uploads\/2025\/03\/426451-4-600x600.webp 600w, https:\/\/upartpal.com\/wp-content\/uploads\/2025\/03\/426451-4-100x100.webp 100w, https:\/\/upartpal.com\/wp-content\/uploads\/2025\/03\/426451-4.webp 1600w\" sizes=\"(max-width: 600px) 100vw, 600px\" \/><\/p>\n<h3>Especifica\u00e7\u00f5es do produto<\/h3>\n<ul class=\"marker:text-secondary\">\n<li class=\"break-words\"><strong>Acess\u00f3rio essencial<\/strong>: Uma vez que a maioria das m\u00e1quinas de carregamento superior da Fisher &amp; Paykel n\u00e3o inclui um filtro de cot\u00e3o, este \u00e9 um complemento indispens\u00e1vel.<\/li>\n<li class=\"break-words\"><strong>Compatibilidade<\/strong>: Funciona com a maioria dos modelos de carregadores de topo da Fisher &amp; Paykel que possuem um agitador.<\/li>\n<li class=\"break-words\"><strong>Ajuste perfeito<\/strong>: Concebido para corresponder ao n\u00famero de pe\u00e7a do agitador <strong>425025P<\/strong>.<\/li>\n<li class=\"break-words\"><strong>F\u00e1cil de utilizar<\/strong>: Simples de instalar, retirar e limpar.<\/li>\n<li class=\"break-words\"><strong>Reutiliz\u00e1vel<\/strong>: Limpe-o ap\u00f3s cada utiliza\u00e7\u00e3o e reinstale-o para um desempenho repetido.<\/li>\n<\/ul>\n<p><img decoding=\"async\" class=\"alignnone wp-image-801\" src=\"https:\/\/upartpal.com\/wp-content\/uploads\/2025\/03\/426451-1-300x300.webp\" alt=\"Pe\u00e7as de substitui\u00e7\u00e3o do agitador com n\u00fameros de modelo etiquetados.\" width=\"600\" height=\"600\" srcset=\"https:\/\/upartpal.com\/wp-content\/uploads\/2025\/03\/426451-1-300x300.webp 300w, https:\/\/upartpal.com\/wp-content\/uploads\/2025\/03\/426451-1-1024x1024.webp 1024w, https:\/\/upartpal.com\/wp-content\/uploads\/2025\/03\/426451-1-150x150.webp 150w, https:\/\/upartpal.com\/wp-content\/uploads\/2025\/03\/426451-1-768x768.webp 768w, https:\/\/upartpal.com\/wp-content\/uploads\/2025\/03\/426451-1-1536x1536.webp 1536w, https:\/\/upartpal.com\/wp-content\/uploads\/2025\/03\/426451-1-600x600.webp 600w, https:\/\/upartpal.com\/wp-content\/uploads\/2025\/03\/426451-1-100x100.webp 100w, https:\/\/upartpal.com\/wp-content\/uploads\/2025\/03\/426451-1.webp 1600w\" sizes=\"(max-width: 600px) 100vw, 600px\" \/><\/p>\n<h3>Etapas de instala\u00e7\u00e3o<\/h3>\n<ol class=\"marker:text-secondary\">\n<li class=\"break-words\">Retirar o copo dispensador de tecidos da parte superior do agitador.<\/li>\n<li class=\"break-words\">Empurrar o filtro de cot\u00e3o para o fundo do agitador.<\/li>\n<li class=\"break-words\">Voltar a colocar o copo dispensador de tecido.<\/li>\n<\/ol>\n<h3>Compatibilidade<\/h3>\n<ul class=\"marker:text-secondary\">\n<li class=\"break-words\"><strong>Modelo confirmado<\/strong>: Carregador superior Fisher &amp; Paykel FabricSmart WA70T60FW1.<\/li>\n<\/ul>\n<p><img loading=\"lazy\" decoding=\"async\" class=\"alignnone wp-image-802\" src=\"https:\/\/upartpal.com\/wp-content\/uploads\/2025\/03\/426451-3-300x300.webp\" alt=\"Modelos de agitadores adequados para m\u00e1quinas de lavar roupa, Fisher &amp; Paykel\" width=\"600\" height=\"600\" srcset=\"https:\/\/upartpal.com\/wp-content\/uploads\/2025\/03\/426451-3-300x300.webp 300w, https:\/\/upartpal.com\/wp-content\/uploads\/2025\/03\/426451-3-1024x1024.webp 1024w, https:\/\/upartpal.com\/wp-content\/uploads\/2025\/03\/426451-3-150x150.webp 150w, https:\/\/upartpal.com\/wp-content\/uploads\/2025\/03\/426451-3-768x768.webp 768w, https:\/\/upartpal.com\/wp-content\/uploads\/2025\/03\/426451-3-1536x1536.webp 1536w, https:\/\/upartpal.com\/wp-content\/uploads\/2025\/03\/426451-3-600x600.webp 600w, https:\/\/upartpal.com\/wp-content\/uploads\/2025\/03\/426451-3-100x100.webp 100w, https:\/\/upartpal.com\/wp-content\/uploads\/2025\/03\/426451-3.webp 1600w\" sizes=\"(max-width: 600px) 100vw, 600px\" \/><\/p>\n<\/div>","protected":false},"excerpt":{"rendered":"<ul>\n<li>Marca: Upartpal<\/li>\n<li>N\u00famero do modelo do artigo: 426451P<\/li>\n<li>N\u00famero da pe\u00e7a: 426451P<\/li>\n<li>Peso aproximado\uff1a0,041 kg<\/li>\n<li>Tamanho aproximado\uff1a\u03c690*70 mm<\/li>\n<li>Componentes inclu\u00eddos: 2x Filtro de cot\u00e3o para FISHER &amp; PAYKEL<\/li>\n<\/ul>","protected":false},"featured_media":797,"comment_status":"open","ping_status":"closed","template":"","meta":{"_seopress_robots_primary_cat":"none","_seopress_titles_title":"Upgrade Your Washing Machine's Suspension with 424569P","_seopress_titles_desc":"Upgrade your washing machine's stability with the 424569P suspension rod. Made of stainless steel, it reduces noise and vibration for smoother operation.","_seopress_robots_index":""},"product_brand":[44],"product_cat":[34],"product_tag":[],"class_list":{"0":"post-795","1":"product","2":"type-product","3":"status-publish","4":"has-post-thumbnail","6":"product_brand-fisher-paykel","7":"product_cat-washing-machine-spare-parts","9":"first","10":"instock","11":"sale","12":"shipping-taxable","13":"purchasable","14":"product-type-simple"},"meta_box":[],"_links":{"self":[{"href":"https:\/\/upartpal.com\/pt\/wp-json\/wp\/v2\/product\/795","targetHints":{"allow":["GET"]}}],"collection":[{"href":"https:\/\/upartpal.com\/pt\/wp-json\/wp\/v2\/product"}],"about":[{"href":"https:\/\/upartpal.com\/pt\/wp-json\/wp\/v2\/types\/product"}],"replies":[{"embeddable":true,"href":"https:\/\/upartpal.com\/pt\/wp-json\/wp\/v2\/comments?post=795"}],"wp:featuredmedia":[{"embeddable":true,"href":"https:\/\/upartpal.com\/pt\/wp-json\/wp\/v2\/media\/797"}],"wp:attachment":[{"href":"https:\/\/upartpal.com\/pt\/wp-json\/wp\/v2\/media?parent=795"}],"wp:term":[{"taxonomy":"product_brand","embeddable":true,"href":"https:\/\/upartpal.com\/pt\/wp-json\/wp\/v2\/product_brand?post=795"},{"taxonomy":"product_cat","embeddable":true,"href":"https:\/\/upartpal.com\/pt\/wp-json\/wp\/v2\/product_cat?post=795"},{"taxonomy":"product_tag","embeddable":true,"href":"https:\/\/upartpal.com\/pt\/wp-json\/wp\/v2\/product_tag?post=795"}],"curies":[{"name":"wp","href":"https:\/\/api.w.org\/{rel}","templated":true}]}}