{"id":719,"date":"2025-03-26T06:28:41","date_gmt":"2025-03-26T06:28:41","guid":{"rendered":"https:\/\/upartpal.com\/?post_type=product&#038;p=719"},"modified":"2026-04-08T10:28:30","modified_gmt":"2026-04-08T10:28:30","slug":"fisher-paykel-modelos-424495p","status":"publish","type":"product","link":"https:\/\/upartpal.com\/pt\/product\/fisher-paykel-modelos-424495p\/","title":{"rendered":"Kit de atualiza\u00e7\u00e3o da haste de suspens\u00e3o da m\u00e1quina de lavar roupa, 4 unidades para os modelos Fisher &amp; Paykel -424495P"},"content":{"rendered":"<h3>Nome do produto<\/h3>\n<p class=\"break-words\">424495P Haste de suspens\u00e3o da m\u00e1quina de lavar roupa<\/p>\n<p><img fetchpriority=\"high\" decoding=\"async\" class=\"alignnone wp-image-723\" src=\"https:\/\/upartpal.com\/wp-content\/uploads\/2025\/03\/2-1-1-300x300.webp\" alt=\"Hastes de suspens\u00e3o e pe\u00e7as para m\u00e1quinas de lavar roupa com m\u00e1quina de lavar.\" width=\"600\" height=\"600\" srcset=\"https:\/\/upartpal.com\/wp-content\/uploads\/2025\/03\/2-1-1-300x300.webp 300w, https:\/\/upartpal.com\/wp-content\/uploads\/2025\/03\/2-1-1-1024x1024.webp 1024w, https:\/\/upartpal.com\/wp-content\/uploads\/2025\/03\/2-1-1-150x150.webp 150w, https:\/\/upartpal.com\/wp-content\/uploads\/2025\/03\/2-1-1-768x768.webp 768w, https:\/\/upartpal.com\/wp-content\/uploads\/2025\/03\/2-1-1-1536x1536.webp 1536w, https:\/\/upartpal.com\/wp-content\/uploads\/2025\/03\/2-1-1-600x600.webp 600w, https:\/\/upartpal.com\/wp-content\/uploads\/2025\/03\/2-1-1-100x100.webp 100w, https:\/\/upartpal.com\/wp-content\/uploads\/2025\/03\/2-1-1.webp 1600w\" sizes=\"(max-width: 600px) 100vw, 600px\" \/><\/p>\n<h3>Carater\u00edsticas principais<\/h3>\n<ul class=\"marker:text-secondary\">\n<li class=\"break-words\"><strong>Engrossado e atualizado<\/strong>: 0,2 polegadas mais espesso do que o modelo standard, com um di\u00e2metro refor\u00e7ado para uma maior resist\u00eancia.<\/li>\n<li class=\"break-words\"><strong>Material<\/strong>: Fabricado em a\u00e7o inoxid\u00e1vel, garante durabilidade e resist\u00eancia \u00e0 ferrugem.<\/li>\n<li class=\"break-words\"><strong>Dimens\u00f5es<\/strong>: O comprimento da haste de suspens\u00e3o \u00e9 de aproximadamente 26,37 polegadas.<\/li>\n<li class=\"break-words\"><strong style=\"font-family: -apple-system, BlinkMacSystemFont, 'Segoe UI', Roboto, 'Helvetica Neue', Arial, 'Noto Sans', sans-serif, 'Apple Color Emoji', 'Segoe UI Emoji', 'Segoe UI Symbol', 'Noto Color Emoji';\">Mola actualizada<\/strong><span style=\"font-family: -apple-system, BlinkMacSystemFont, 'Segoe UI', Roboto, 'Helvetica Neue', Arial, 'Noto Sans', sans-serif, 'Apple Color Emoji', 'Segoe UI Emoji', 'Segoe UI Symbol', 'Noto Color Emoji';\">: Equipado com uma mola de absor\u00e7\u00e3o de choque de alta resist\u00eancia para reduzir efetivamente as vibra\u00e7\u00f5es e melhorar a estabilidade da m\u00e1quina de lavar roupa durante o funcionamento.<\/span><\/li>\n<\/ul>\n<p><img decoding=\"async\" class=\"alignnone wp-image-724\" src=\"https:\/\/upartpal.com\/wp-content\/uploads\/2025\/03\/2-3-300x300.webp\" alt=\"Amortecedores de m\u00e1quina de lavar roupa em utiliza\u00e7\u00e3o, embalagem de quatro.\" width=\"600\" height=\"600\" srcset=\"https:\/\/upartpal.com\/wp-content\/uploads\/2025\/03\/2-3-300x300.webp 300w, https:\/\/upartpal.com\/wp-content\/uploads\/2025\/03\/2-3-1024x1024.webp 1024w, https:\/\/upartpal.com\/wp-content\/uploads\/2025\/03\/2-3-150x150.webp 150w, https:\/\/upartpal.com\/wp-content\/uploads\/2025\/03\/2-3-768x768.webp 768w, https:\/\/upartpal.com\/wp-content\/uploads\/2025\/03\/2-3-1536x1536.webp 1536w, https:\/\/upartpal.com\/wp-content\/uploads\/2025\/03\/2-3-600x600.webp 600w, https:\/\/upartpal.com\/wp-content\/uploads\/2025\/03\/2-3-100x100.webp 100w, https:\/\/upartpal.com\/wp-content\/uploads\/2025\/03\/2-3.webp 1600w\" sizes=\"(max-width: 600px) 100vw, 600px\" \/><\/p>\n<h3>Compatibilidade<\/h3>\n<p>Compat\u00edvel com os seguintes modelos de m\u00e1quinas de lavar roupa Fisher &amp; Paykel:<\/p>\n<ul class=\"marker:text-secondary\">\n<li class=\"break-words\">WL70T60DW1, WL70T60CW1, WL70T60CW2, WL80T65DW1, WL80T65CW1, WL80T65CW2, 93221-A, 93253-A, 93171-A, 93117-A, 93130-A, 93130-B, 93252-A, 93003-A, 93114-A, 93114-B, 93250-A, 93191-A, 93004-A, 93118-A, 93125-A, 93251-A, WL70T60CW, WL80T65DW, WL80T65C, WL70T60DW, WL70T60CW1, 93221-A, 93253-A, WL70T60CW2, 93171-A, WL70T60DW1, 93117-A, 93130-A, 93130-B, 93252-A, WL80T65CW1, 93003-A, 93114-A, 93114-B, 93250-A, WL80T65CW2, 93191-A, WL80T65DW1, 93004-A, 93118-A, 93125-A, 93251-A, WL70T60CW, WL80T65DW, WL80T65C, WL70T60DW, WL80T65CW1, WL42T26CW1, WL42T26DW1, WL42T26KW1, L37T26CW2, WL37T26DW1, WL37T26DW2, WL37T26KW2, WL26CW1, WL26CW2, WL37CW2, WL80T65CW1, 93220-8<\/li>\n<\/ul>\n<p><img decoding=\"async\" class=\"alignnone wp-image-725\" src=\"https:\/\/upartpal.com\/wp-content\/uploads\/2025\/03\/2-2-300x300.webp\" alt=\"Tamanhos das hastes de suporte do cap\u00f4 do carro com medidas detalhadas.\" width=\"600\" height=\"600\" srcset=\"https:\/\/upartpal.com\/wp-content\/uploads\/2025\/03\/2-2-300x300.webp 300w, https:\/\/upartpal.com\/wp-content\/uploads\/2025\/03\/2-2-1024x1024.webp 1024w, https:\/\/upartpal.com\/wp-content\/uploads\/2025\/03\/2-2-150x150.webp 150w, https:\/\/upartpal.com\/wp-content\/uploads\/2025\/03\/2-2-768x768.webp 768w, https:\/\/upartpal.com\/wp-content\/uploads\/2025\/03\/2-2-1536x1536.webp 1536w, https:\/\/upartpal.com\/wp-content\/uploads\/2025\/03\/2-2-600x600.webp 600w, https:\/\/upartpal.com\/wp-content\/uploads\/2025\/03\/2-2-100x100.webp 100w, https:\/\/upartpal.com\/wp-content\/uploads\/2025\/03\/2-2.webp 1600w\" sizes=\"(max-width: 600px) 100vw, 600px\" \/><\/p>\n<h3>Vantagens do produto<\/h3>\n<ul class=\"marker:text-secondary\">\n<li class=\"break-words\"><strong>Material de alta qualidade<\/strong>: Constru\u00eddo em a\u00e7o inoxid\u00e1vel para resist\u00eancia \u00e0 corros\u00e3o e desempenho duradouro. Embora n\u00e3o seja um produto OEM, cumpre as rigorosas normas OEM e foi submetido a testes exaustivos para garantir um ajuste perfeito \u00e0s barras de suspens\u00e3o das m\u00e1quinas de lavar roupa Fisher &amp; Paykel.<\/li>\n<li class=\"break-words\"><strong>Instala\u00e7\u00e3o f\u00e1cil<\/strong>: Concebido para uma instala\u00e7\u00e3o simples e r\u00e1pida, poupando tempo e esfor\u00e7o.<\/li>\n<li class=\"break-words\"><strong>Resolve problemas comuns<\/strong>: Reduz eficazmente o desequil\u00edbrio, a oscila\u00e7\u00e3o e o ru\u00eddo excessivo durante o funcionamento, proporcionando um apoio fi\u00e1vel e estabilidade para um desempenho suave da m\u00e1quina de lavar roupa.<\/li>\n<\/ul>\n<p><img loading=\"lazy\" decoding=\"async\" class=\"alignnone wp-image-715\" src=\"https:\/\/upartpal.com\/wp-content\/uploads\/2025\/03\/5-300x300.webp\" alt=\"Aten\u00e7\u00e3o: risco de choque el\u00e9trico durante a instala\u00e7\u00e3o.\" width=\"600\" height=\"600\" srcset=\"https:\/\/upartpal.com\/wp-content\/uploads\/2025\/03\/5-300x300.webp 300w, https:\/\/upartpal.com\/wp-content\/uploads\/2025\/03\/5-1024x1024.webp 1024w, https:\/\/upartpal.com\/wp-content\/uploads\/2025\/03\/5-150x150.webp 150w, https:\/\/upartpal.com\/wp-content\/uploads\/2025\/03\/5-768x768.webp 768w, https:\/\/upartpal.com\/wp-content\/uploads\/2025\/03\/5-1536x1536.webp 1536w, https:\/\/upartpal.com\/wp-content\/uploads\/2025\/03\/5-600x600.webp 600w, https:\/\/upartpal.com\/wp-content\/uploads\/2025\/03\/5-100x100.webp 100w, https:\/\/upartpal.com\/wp-content\/uploads\/2025\/03\/5.webp 1600w\" sizes=\"(max-width: 600px) 100vw, 600px\" \/><\/p>","protected":false},"excerpt":{"rendered":"<ul>\n<li>Marca: Upartpal<\/li>\n<li>N\u00famero do modelo do artigo: 424495P<\/li>\n<li>N\u00famero da pe\u00e7a: 424495P<\/li>\n<li>Dimens\u00f5es do produto: 27 x 5 x 3,5 polegadas<\/li>\n<li>Peso do item: 3,09 libras<\/li>\n<li>Componentes inclu\u00eddos: 424495P Kit de haste de suspens\u00e3o da arruela 4 Pack<\/li>\n<\/ul>","protected":false},"featured_media":720,"comment_status":"open","ping_status":"closed","template":"","meta":{"_seopress_robots_primary_cat":"none","_seopress_titles_title":"Upgrade Your Washer: 424495P Suspension Rods","_seopress_titles_desc":"Upgrade your Fisher & Paykel washer with our 424495P rod\u2014thickened, stainless steel for durability, reducing noise and imbalance. Easy to install!","_seopress_robots_index":""},"product_brand":[44],"product_cat":[34],"product_tag":[],"class_list":{"0":"post-719","1":"product","2":"type-product","3":"status-publish","4":"has-post-thumbnail","6":"product_brand-fisher-paykel","7":"product_cat-washing-machine-spare-parts","9":"first","10":"instock","11":"sale","12":"shipping-taxable","13":"purchasable","14":"product-type-simple"},"meta_box":[],"_links":{"self":[{"href":"https:\/\/upartpal.com\/pt\/wp-json\/wp\/v2\/product\/719","targetHints":{"allow":["GET"]}}],"collection":[{"href":"https:\/\/upartpal.com\/pt\/wp-json\/wp\/v2\/product"}],"about":[{"href":"https:\/\/upartpal.com\/pt\/wp-json\/wp\/v2\/types\/product"}],"replies":[{"embeddable":true,"href":"https:\/\/upartpal.com\/pt\/wp-json\/wp\/v2\/comments?post=719"}],"wp:featuredmedia":[{"embeddable":true,"href":"https:\/\/upartpal.com\/pt\/wp-json\/wp\/v2\/media\/720"}],"wp:attachment":[{"href":"https:\/\/upartpal.com\/pt\/wp-json\/wp\/v2\/media?parent=719"}],"wp:term":[{"taxonomy":"product_brand","embeddable":true,"href":"https:\/\/upartpal.com\/pt\/wp-json\/wp\/v2\/product_brand?post=719"},{"taxonomy":"product_cat","embeddable":true,"href":"https:\/\/upartpal.com\/pt\/wp-json\/wp\/v2\/product_cat?post=719"},{"taxonomy":"product_tag","embeddable":true,"href":"https:\/\/upartpal.com\/pt\/wp-json\/wp\/v2\/product_tag?post=719"}],"curies":[{"name":"wp","href":"https:\/\/api.w.org\/{rel}","templated":true}]}}