{"id":543,"date":"2025-03-22T21:00:15","date_gmt":"2025-03-22T21:00:15","guid":{"rendered":"https:\/\/upartpal.com\/product\/temporibus-temporibus-corporis-est-dolor-quia\/"},"modified":"2026-01-30T00:48:57","modified_gmt":"2026-01-30T00:48:57","slug":"fisher-paykel-modelos-424569p","status":"publish","type":"product","link":"https:\/\/upartpal.com\/pt\/product\/fisher-paykel-modelos-424569p\/","title":{"rendered":"Kit de atualiza\u00e7\u00e3o da haste de suspens\u00e3o da m\u00e1quina de lavar roupa, 4 unidades para os modelos Fisher &amp; Paykel -424569P"},"content":{"rendered":"<h3>Nome do produto<\/h3>\n<p class=\"break-words\">424569P Haste de suspens\u00e3o da m\u00e1quina de lavar roupa<\/p>\n<p><img fetchpriority=\"high\" decoding=\"async\" class=\"alignnone wp-image-712\" src=\"https:\/\/upartpal.com\/wp-content\/uploads\/2025\/03\/1-300x300.webp\" alt=\"Kit de substitui\u00e7\u00e3o das barras de suspens\u00e3o da m\u00e1quina de lavar roupa.\" width=\"600\" height=\"600\" srcset=\"https:\/\/upartpal.com\/wp-content\/uploads\/2025\/03\/1-300x300.webp 300w, https:\/\/upartpal.com\/wp-content\/uploads\/2025\/03\/1-1024x1024.webp 1024w, https:\/\/upartpal.com\/wp-content\/uploads\/2025\/03\/1-150x150.webp 150w, https:\/\/upartpal.com\/wp-content\/uploads\/2025\/03\/1-768x768.webp 768w, https:\/\/upartpal.com\/wp-content\/uploads\/2025\/03\/1-1536x1536.webp 1536w, https:\/\/upartpal.com\/wp-content\/uploads\/2025\/03\/1-600x600.webp 600w, https:\/\/upartpal.com\/wp-content\/uploads\/2025\/03\/1-100x100.webp 100w, https:\/\/upartpal.com\/wp-content\/uploads\/2025\/03\/1.webp 1600w\" sizes=\"(max-width: 600px) 100vw, 600px\" \/><\/p>\n<h3>Carater\u00edsticas principais<\/h3>\n<ul class=\"marker:text-secondary\">\n<li class=\"break-words\"><strong>Engrossado e atualizado<\/strong>: 0,2 polegadas mais espesso do que o modelo standard, com um di\u00e2metro refor\u00e7ado para uma maior resist\u00eancia.<\/li>\n<li class=\"break-words\"><strong>Material<\/strong>: Fabricado em a\u00e7o inoxid\u00e1vel, garante durabilidade e resist\u00eancia \u00e0 ferrugem.<\/li>\n<li class=\"break-words\"><strong>Dimens\u00f5es<\/strong>: O comprimento da haste de suspens\u00e3o \u00e9 de aproximadamente 26,37 polegadas.<\/li>\n<li class=\"break-words\"><strong style=\"font-family: -apple-system, BlinkMacSystemFont, 'Segoe UI', Roboto, 'Helvetica Neue', Arial, 'Noto Sans', sans-serif, 'Apple Color Emoji', 'Segoe UI Emoji', 'Segoe UI Symbol', 'Noto Color Emoji';\">Mola actualizada<\/strong><span style=\"font-family: -apple-system, BlinkMacSystemFont, 'Segoe UI', Roboto, 'Helvetica Neue', Arial, 'Noto Sans', sans-serif, 'Apple Color Emoji', 'Segoe UI Emoji', 'Segoe UI Symbol', 'Noto Color Emoji';\">: Equipado com uma mola de absor\u00e7\u00e3o de choque de alta resist\u00eancia para reduzir efetivamente as vibra\u00e7\u00f5es e melhorar a estabilidade da m\u00e1quina de lavar roupa durante o funcionamento.<\/span><\/li>\n<\/ul>\n<p><img decoding=\"async\" class=\"alignnone wp-image-713\" src=\"https:\/\/upartpal.com\/wp-content\/uploads\/2025\/03\/3-300x300.webp\" alt=\"Quatro hastes de suspens\u00e3o com anilhas, em a\u00e7o inoxid\u00e1vel, para absor\u00e7\u00e3o de choques.\" width=\"600\" height=\"600\" srcset=\"https:\/\/upartpal.com\/wp-content\/uploads\/2025\/03\/3-300x300.webp 300w, https:\/\/upartpal.com\/wp-content\/uploads\/2025\/03\/3-1024x1024.webp 1024w, https:\/\/upartpal.com\/wp-content\/uploads\/2025\/03\/3-150x150.webp 150w, https:\/\/upartpal.com\/wp-content\/uploads\/2025\/03\/3-768x768.webp 768w, https:\/\/upartpal.com\/wp-content\/uploads\/2025\/03\/3-1536x1536.webp 1536w, https:\/\/upartpal.com\/wp-content\/uploads\/2025\/03\/3-600x600.webp 600w, https:\/\/upartpal.com\/wp-content\/uploads\/2025\/03\/3-100x100.webp 100w, https:\/\/upartpal.com\/wp-content\/uploads\/2025\/03\/3.webp 1600w\" sizes=\"(max-width: 600px) 100vw, 600px\" \/><\/p>\n<h3>Compatibilidade<\/h3>\n<p>Compat\u00edvel com os seguintes modelos de m\u00e1quinas de lavar roupa Fisher &amp; Paykel:<\/p>\n<ul class=\"marker:text-secondary\">\n<li class=\"break-words\">WL42T26DW1-96198A, WL42T26DW1-96178B, WL42T26DW1-96178A, WL26CW1-96215B<\/li>\n<li class=\"break-words\">WL37T26DW1-96125A, WL26CW2-96114A, WL37T26CW2-96109A, WL37T26DW2-96113A<\/li>\n<li class=\"break-words\">WL26CW1-96215A, WL26CW2, WL37T26KW2-96104A, WL42T26KW1-96174A<\/li>\n<li class=\"break-words\">WL42T26CW1-96176A, WL42T26CW1-96176B, WL42T26CW1-96196A<\/li>\n<li class=\"break-words\">Outros modelos compat\u00edveis:\n<ul class=\"marker:text-secondary\">\n<li class=\"break-words\">WL8060P1 (92111-A), WL4227J1 (96208-A), WL4227P1 (96207-A), WA4127G1 (96212-A)<\/li>\n<li class=\"break-words\">WA8060P1 (92147-A), WA8060E1 (92168-A), WA8060G1 (92176-A), WA7060E1 (92217-A)<\/li>\n<li class=\"break-words\">WA7060G1, WA8560E1 (92233-A), WA8560G1 (93232-A), WA1068G1<\/li>\n<\/ul>\n<\/li>\n<\/ul>\n<p><img decoding=\"async\" class=\"alignnone wp-image-714\" src=\"https:\/\/upartpal.com\/wp-content\/uploads\/2025\/03\/4-300x300.webp\" alt=\"As barras de suspens\u00e3o da m\u00e1quina de lavar resolvem problemas de vibra\u00e7\u00e3o e ru\u00eddo.\" width=\"600\" height=\"600\" srcset=\"https:\/\/upartpal.com\/wp-content\/uploads\/2025\/03\/4-300x300.webp 300w, https:\/\/upartpal.com\/wp-content\/uploads\/2025\/03\/4-1024x1024.webp 1024w, https:\/\/upartpal.com\/wp-content\/uploads\/2025\/03\/4-150x150.webp 150w, https:\/\/upartpal.com\/wp-content\/uploads\/2025\/03\/4-768x768.webp 768w, https:\/\/upartpal.com\/wp-content\/uploads\/2025\/03\/4-1536x1536.webp 1536w, https:\/\/upartpal.com\/wp-content\/uploads\/2025\/03\/4-600x600.webp 600w, https:\/\/upartpal.com\/wp-content\/uploads\/2025\/03\/4-100x100.webp 100w, https:\/\/upartpal.com\/wp-content\/uploads\/2025\/03\/4.webp 1600w\" sizes=\"(max-width: 600px) 100vw, 600px\" \/><\/p>\n<h3>N\u00fameros de pe\u00e7as de substitui\u00e7\u00e3o<\/h3>\n<p class=\"break-words\">424569P, 421841P, 1880882<\/p>\n<h3>Vantagens do produto<\/h3>\n<ul class=\"marker:text-secondary\">\n<li class=\"break-words\"><strong>Material de alta qualidade<\/strong>: Constru\u00eddo em a\u00e7o inoxid\u00e1vel para resist\u00eancia \u00e0 corros\u00e3o e desempenho duradouro. Embora n\u00e3o seja um produto OEM, cumpre as rigorosas normas OEM e foi submetido a testes exaustivos para garantir um ajuste perfeito \u00e0s barras de suspens\u00e3o das m\u00e1quinas de lavar roupa Fisher &amp; Paykel.<\/li>\n<li class=\"break-words\"><strong>Instala\u00e7\u00e3o f\u00e1cil<\/strong>: Concebido para uma instala\u00e7\u00e3o simples e r\u00e1pida, poupando tempo e esfor\u00e7o.<\/li>\n<li class=\"break-words\"><strong>Resolve problemas comuns<\/strong>: Reduz eficazmente o desequil\u00edbrio, a oscila\u00e7\u00e3o e o ru\u00eddo excessivo durante o funcionamento, proporcionando um apoio fi\u00e1vel e estabilidade para um desempenho suave da m\u00e1quina de lavar roupa.<\/li>\n<\/ul>\n<p><img loading=\"lazy\" decoding=\"async\" class=\"alignnone wp-image-716\" src=\"https:\/\/upartpal.com\/wp-content\/uploads\/2025\/03\/2-300x300.webp\" alt=\"Dimens\u00f5es do produto com as medidas da mola e da pega.\" width=\"600\" height=\"600\" srcset=\"https:\/\/upartpal.com\/wp-content\/uploads\/2025\/03\/2-300x300.webp 300w, https:\/\/upartpal.com\/wp-content\/uploads\/2025\/03\/2-1024x1024.webp 1024w, https:\/\/upartpal.com\/wp-content\/uploads\/2025\/03\/2-150x150.webp 150w, https:\/\/upartpal.com\/wp-content\/uploads\/2025\/03\/2-768x768.webp 768w, https:\/\/upartpal.com\/wp-content\/uploads\/2025\/03\/2-1536x1536.webp 1536w, https:\/\/upartpal.com\/wp-content\/uploads\/2025\/03\/2-600x600.webp 600w, https:\/\/upartpal.com\/wp-content\/uploads\/2025\/03\/2-100x100.webp 100w, https:\/\/upartpal.com\/wp-content\/uploads\/2025\/03\/2.webp 1600w\" sizes=\"(max-width: 600px) 100vw, 600px\" \/><\/p>\n<h3>Notas importantes<\/h3>\n<p>A barra de suspens\u00e3o da m\u00e1quina de lavar 424569P \u00e9 <strong>n\u00e3o compat\u00edvel<\/strong> com os seguintes c\u00f3digos de produto:<\/p>\n<ul class=\"marker:text-secondary\">\n<li class=\"break-words\">92263-B, 92264-B, 93264-B, 92266-B, 92262-B, 93262-B, 93265-B<\/li>\n<\/ul>\n<p><img loading=\"lazy\" decoding=\"async\" class=\"alignnone wp-image-715\" src=\"https:\/\/upartpal.com\/wp-content\/uploads\/2025\/03\/5-300x300.webp\" alt=\"Aten\u00e7\u00e3o: risco de choque el\u00e9trico durante a instala\u00e7\u00e3o.\" width=\"600\" height=\"600\" srcset=\"https:\/\/upartpal.com\/wp-content\/uploads\/2025\/03\/5-300x300.webp 300w, https:\/\/upartpal.com\/wp-content\/uploads\/2025\/03\/5-1024x1024.webp 1024w, https:\/\/upartpal.com\/wp-content\/uploads\/2025\/03\/5-150x150.webp 150w, https:\/\/upartpal.com\/wp-content\/uploads\/2025\/03\/5-768x768.webp 768w, https:\/\/upartpal.com\/wp-content\/uploads\/2025\/03\/5-1536x1536.webp 1536w, https:\/\/upartpal.com\/wp-content\/uploads\/2025\/03\/5-600x600.webp 600w, https:\/\/upartpal.com\/wp-content\/uploads\/2025\/03\/5-100x100.webp 100w, https:\/\/upartpal.com\/wp-content\/uploads\/2025\/03\/5.webp 1600w\" sizes=\"(max-width: 600px) 100vw, 600px\" \/><\/p>","protected":false},"excerpt":{"rendered":"<ul>\n<li>Marca: Upartpal<\/li>\n<li>N\u00famero do modelo do artigo: 424569P<\/li>\n<li>N\u00famero da pe\u00e7a: 424569P<\/li>\n<li>Dimens\u00f5es do produto: 27 x 5 x 3,5 polegadas<\/li>\n<li>Peso do item: 3,09 libras<\/li>\n<li>Componentes inclu\u00eddos: 424569P Kit de haste de suspens\u00e3o da arruela 4 Pack<\/li>\n<\/ul>","protected":false},"featured_media":688,"comment_status":"open","ping_status":"closed","template":"","meta":{"_seopress_robots_primary_cat":"none","_seopress_titles_title":"Upgrade Your Washing Machine's Suspension with 424569P","_seopress_titles_desc":"Upgrade your washing machine's stability with the 424569P suspension rod. Made of stainless steel, it reduces noise and vibration for smoother operation.","_seopress_robots_index":""},"product_brand":[44],"product_cat":[34],"product_tag":[],"class_list":{"0":"post-543","1":"product","2":"type-product","3":"status-publish","4":"has-post-thumbnail","6":"product_brand-fisher-paykel","7":"product_cat-washing-machine-spare-parts","9":"first","10":"instock","11":"sale","12":"shipping-taxable","13":"purchasable","14":"product-type-simple"},"meta_box":[],"_links":{"self":[{"href":"https:\/\/upartpal.com\/pt\/wp-json\/wp\/v2\/product\/543","targetHints":{"allow":["GET"]}}],"collection":[{"href":"https:\/\/upartpal.com\/pt\/wp-json\/wp\/v2\/product"}],"about":[{"href":"https:\/\/upartpal.com\/pt\/wp-json\/wp\/v2\/types\/product"}],"replies":[{"embeddable":true,"href":"https:\/\/upartpal.com\/pt\/wp-json\/wp\/v2\/comments?post=543"}],"wp:featuredmedia":[{"embeddable":true,"href":"https:\/\/upartpal.com\/pt\/wp-json\/wp\/v2\/media\/688"}],"wp:attachment":[{"href":"https:\/\/upartpal.com\/pt\/wp-json\/wp\/v2\/media?parent=543"}],"wp:term":[{"taxonomy":"product_brand","embeddable":true,"href":"https:\/\/upartpal.com\/pt\/wp-json\/wp\/v2\/product_brand?post=543"},{"taxonomy":"product_cat","embeddable":true,"href":"https:\/\/upartpal.com\/pt\/wp-json\/wp\/v2\/product_cat?post=543"},{"taxonomy":"product_tag","embeddable":true,"href":"https:\/\/upartpal.com\/pt\/wp-json\/wp\/v2\/product_tag?post=543"}],"curies":[{"name":"wp","href":"https:\/\/api.w.org\/{rel}","templated":true}]}}