{"id":719,"date":"2025-03-26T06:28:41","date_gmt":"2025-03-26T06:28:41","guid":{"rendered":"https:\/\/upartpal.com\/?post_type=product&#038;p=719"},"modified":"2026-04-08T10:28:30","modified_gmt":"2026-04-08T10:28:30","slug":"modelli-fisher-paykel-424495p","status":"publish","type":"product","link":"https:\/\/upartpal.com\/it\/product\/modelli-fisher-paykel-424495p\/","title":{"rendered":"Kit di aggiornamento dell'asta di sospensione della lavatrice, confezione da 4 per i modelli Fisher &amp; Paykel -424495P"},"content":{"rendered":"<h3>Nome del prodotto<\/h3>\n<p class=\"break-words\">424495P Asta di sospensione della lavatrice<\/p>\n<p><img fetchpriority=\"high\" decoding=\"async\" class=\"alignnone wp-image-723\" src=\"https:\/\/upartpal.com\/wp-content\/uploads\/2025\/03\/2-1-1-300x300.webp\" alt=\"Aste di sospensione e parti della lavatrice con lavatrice.\" width=\"600\" height=\"600\" srcset=\"https:\/\/upartpal.com\/wp-content\/uploads\/2025\/03\/2-1-1-300x300.webp 300w, https:\/\/upartpal.com\/wp-content\/uploads\/2025\/03\/2-1-1-1024x1024.webp 1024w, https:\/\/upartpal.com\/wp-content\/uploads\/2025\/03\/2-1-1-150x150.webp 150w, https:\/\/upartpal.com\/wp-content\/uploads\/2025\/03\/2-1-1-768x768.webp 768w, https:\/\/upartpal.com\/wp-content\/uploads\/2025\/03\/2-1-1-1536x1536.webp 1536w, https:\/\/upartpal.com\/wp-content\/uploads\/2025\/03\/2-1-1-600x600.webp 600w, https:\/\/upartpal.com\/wp-content\/uploads\/2025\/03\/2-1-1-100x100.webp 100w, https:\/\/upartpal.com\/wp-content\/uploads\/2025\/03\/2-1-1.webp 1600w\" sizes=\"(max-width: 600px) 100vw, 600px\" \/><\/p>\n<h3>Caratteristiche principali<\/h3>\n<ul class=\"marker:text-secondary\">\n<li class=\"break-words\"><strong>Addensato e potenziato<\/strong>: 0,2 pollici pi\u00f9 spesso del modello standard, con un diametro rinforzato per una maggiore resistenza.<\/li>\n<li class=\"break-words\"><strong>Materiale<\/strong>: Realizzato in acciaio inox, garantisce durata e resistenza alla ruggine.<\/li>\n<li class=\"break-words\"><strong>Dimensioni<\/strong>: La lunghezza dell'asta di sospensione \u00e8 di circa 26,37 pollici.<\/li>\n<li class=\"break-words\"><strong style=\"font-family: -apple-system, BlinkMacSystemFont, 'Segoe UI', Roboto, 'Helvetica Neue', Arial, 'Noto Sans', sans-serif, 'Apple Color Emoji', 'Segoe UI Emoji', 'Segoe UI Symbol', 'Noto Color Emoji';\">Primavera aggiornata<\/strong><span style=\"font-family: -apple-system, BlinkMacSystemFont, 'Segoe UI', Roboto, 'Helvetica Neue', Arial, 'Noto Sans', sans-serif, 'Apple Color Emoji', 'Segoe UI Emoji', 'Segoe UI Symbol', 'Noto Color Emoji';\">: Dotato di una molla ammortizzante ad alta resistenza per ridurre efficacemente le vibrazioni e migliorare la stabilit\u00e0 della lavatrice durante il funzionamento.<\/span><\/li>\n<\/ul>\n<p><img decoding=\"async\" class=\"alignnone wp-image-724\" src=\"https:\/\/upartpal.com\/wp-content\/uploads\/2025\/03\/2-3-300x300.webp\" alt=\"Ammortizzatori per lavatrice in uso, confezione da quattro.\" width=\"600\" height=\"600\" srcset=\"https:\/\/upartpal.com\/wp-content\/uploads\/2025\/03\/2-3-300x300.webp 300w, https:\/\/upartpal.com\/wp-content\/uploads\/2025\/03\/2-3-1024x1024.webp 1024w, https:\/\/upartpal.com\/wp-content\/uploads\/2025\/03\/2-3-150x150.webp 150w, https:\/\/upartpal.com\/wp-content\/uploads\/2025\/03\/2-3-768x768.webp 768w, https:\/\/upartpal.com\/wp-content\/uploads\/2025\/03\/2-3-1536x1536.webp 1536w, https:\/\/upartpal.com\/wp-content\/uploads\/2025\/03\/2-3-600x600.webp 600w, https:\/\/upartpal.com\/wp-content\/uploads\/2025\/03\/2-3-100x100.webp 100w, https:\/\/upartpal.com\/wp-content\/uploads\/2025\/03\/2-3.webp 1600w\" sizes=\"(max-width: 600px) 100vw, 600px\" \/><\/p>\n<h3>Compatibilit\u00e0<\/h3>\n<p>Compatibile con i seguenti modelli di lavatrici Fisher &amp; Paykel:<\/p>\n<ul class=\"marker:text-secondary\">\n<li class=\"break-words\">WL70T60DW1, WL70T60CW1, WL70T60CW2, WL80T65DW1, WL80T65CW1, WL80T65CW2, 93221-A, 93253-A, 93171-A, 93117-A, 93130-A, 93130-B, 93252-A, 93003-A, 93114-A, 93114-B, 93250-A, 93191-A, 93004-A, 93118-A, 93125-A, 93251-A, WL70T60CW, WL80T65DW, WL80T65C, WL70T60DW, WL70T60CW1, 93221-A, 93253-A, WL70T60CW2, 93171-A, WL70T60DW1, 93117-A, 93130-A, 93130-B, 93252-A, WL80T65CW1, 93003-A, 93114-A, 93114-B, 93250-A, WL80T65CW2, 93191-A, WL80T65DW1, 93004-A, 93118-A, 93125-A, 93251-A, WL70T60CW, WL80T65DW, WL80T65C, WL70T60DW, WL80T65CW1, WL42T26CW1, WL42T26DW1, WL42T26KW1, L37T26CW2, WL37T26DW1, WL37T26DW2, WL37T26KW2, WL26CW1, WL26CW2, WL37CW2, WL80T65CW1, 93220-8<\/li>\n<\/ul>\n<p><img decoding=\"async\" class=\"alignnone wp-image-725\" src=\"https:\/\/upartpal.com\/wp-content\/uploads\/2025\/03\/2-2-300x300.webp\" alt=\"Misure delle aste di sostegno del cofano dell&#039;auto con misure dettagliate.\" width=\"600\" height=\"600\" srcset=\"https:\/\/upartpal.com\/wp-content\/uploads\/2025\/03\/2-2-300x300.webp 300w, https:\/\/upartpal.com\/wp-content\/uploads\/2025\/03\/2-2-1024x1024.webp 1024w, https:\/\/upartpal.com\/wp-content\/uploads\/2025\/03\/2-2-150x150.webp 150w, https:\/\/upartpal.com\/wp-content\/uploads\/2025\/03\/2-2-768x768.webp 768w, https:\/\/upartpal.com\/wp-content\/uploads\/2025\/03\/2-2-1536x1536.webp 1536w, https:\/\/upartpal.com\/wp-content\/uploads\/2025\/03\/2-2-600x600.webp 600w, https:\/\/upartpal.com\/wp-content\/uploads\/2025\/03\/2-2-100x100.webp 100w, https:\/\/upartpal.com\/wp-content\/uploads\/2025\/03\/2-2.webp 1600w\" sizes=\"(max-width: 600px) 100vw, 600px\" \/><\/p>\n<h3>Vantaggi del prodotto<\/h3>\n<ul class=\"marker:text-secondary\">\n<li class=\"break-words\"><strong>Materiale di alta qualit\u00e0<\/strong>: Costruito in acciaio inossidabile per garantire resistenza alla corrosione e prestazioni di lunga durata. Pur non essendo un prodotto OEM, \u00e8 conforme ai rigorosi standard OEM ed \u00e8 stato sottoposto a test approfonditi per garantire una perfetta compatibilit\u00e0 con le aste di sospensione delle lavatrici Fisher &amp; Paykel.<\/li>\n<li class=\"break-words\"><strong>Installazione semplice<\/strong>: Progettato per un'installazione semplice e rapida, per risparmiare tempo e fatica.<\/li>\n<li class=\"break-words\"><strong>Risolve i problemi pi\u00f9 comuni<\/strong>: Riduce efficacemente lo squilibrio, le oscillazioni e il rumore eccessivo durante il funzionamento, fornendo un supporto e una stabilit\u00e0 affidabili per un funzionamento regolare della lavatrice.<\/li>\n<\/ul>\n<p><img loading=\"lazy\" decoding=\"async\" class=\"alignnone wp-image-715\" src=\"https:\/\/upartpal.com\/wp-content\/uploads\/2025\/03\/5-300x300.webp\" alt=\"Attenzione: rischio di scosse elettriche durante l&#039;installazione.\" width=\"600\" height=\"600\" srcset=\"https:\/\/upartpal.com\/wp-content\/uploads\/2025\/03\/5-300x300.webp 300w, https:\/\/upartpal.com\/wp-content\/uploads\/2025\/03\/5-1024x1024.webp 1024w, https:\/\/upartpal.com\/wp-content\/uploads\/2025\/03\/5-150x150.webp 150w, https:\/\/upartpal.com\/wp-content\/uploads\/2025\/03\/5-768x768.webp 768w, https:\/\/upartpal.com\/wp-content\/uploads\/2025\/03\/5-1536x1536.webp 1536w, https:\/\/upartpal.com\/wp-content\/uploads\/2025\/03\/5-600x600.webp 600w, https:\/\/upartpal.com\/wp-content\/uploads\/2025\/03\/5-100x100.webp 100w, https:\/\/upartpal.com\/wp-content\/uploads\/2025\/03\/5.webp 1600w\" sizes=\"(max-width: 600px) 100vw, 600px\" \/><\/p>","protected":false},"excerpt":{"rendered":"<ul>\n<li>Marchio: Upartpal<\/li>\n<li>Numero di modello dell'articolo: 424495P<\/li>\n<li>Numero di parte: 424495P<\/li>\n<li>Dimensioni del prodotto: 27 x 5 x 3,5 pollici<\/li>\n<li>Peso dell'articolo: 3,09 libbre<\/li>\n<li>Componenti inclusi: 424495P Rondella Kit asta di sospensione 4 Pack<\/li>\n<\/ul>","protected":false},"featured_media":720,"comment_status":"open","ping_status":"closed","template":"","meta":{"_seopress_robots_primary_cat":"none","_seopress_titles_title":"Upgrade Your Washer: 424495P Suspension Rods","_seopress_titles_desc":"Upgrade your Fisher & Paykel washer with our 424495P rod\u2014thickened, stainless steel for durability, reducing noise and imbalance. Easy to install!","_seopress_robots_index":""},"product_brand":[44],"product_cat":[34],"product_tag":[],"class_list":{"0":"post-719","1":"product","2":"type-product","3":"status-publish","4":"has-post-thumbnail","6":"product_brand-fisher-paykel","7":"product_cat-washing-machine-spare-parts","9":"first","10":"instock","11":"sale","12":"shipping-taxable","13":"purchasable","14":"product-type-simple"},"meta_box":[],"_links":{"self":[{"href":"https:\/\/upartpal.com\/it\/wp-json\/wp\/v2\/product\/719","targetHints":{"allow":["GET"]}}],"collection":[{"href":"https:\/\/upartpal.com\/it\/wp-json\/wp\/v2\/product"}],"about":[{"href":"https:\/\/upartpal.com\/it\/wp-json\/wp\/v2\/types\/product"}],"replies":[{"embeddable":true,"href":"https:\/\/upartpal.com\/it\/wp-json\/wp\/v2\/comments?post=719"}],"wp:featuredmedia":[{"embeddable":true,"href":"https:\/\/upartpal.com\/it\/wp-json\/wp\/v2\/media\/720"}],"wp:attachment":[{"href":"https:\/\/upartpal.com\/it\/wp-json\/wp\/v2\/media?parent=719"}],"wp:term":[{"taxonomy":"product_brand","embeddable":true,"href":"https:\/\/upartpal.com\/it\/wp-json\/wp\/v2\/product_brand?post=719"},{"taxonomy":"product_cat","embeddable":true,"href":"https:\/\/upartpal.com\/it\/wp-json\/wp\/v2\/product_cat?post=719"},{"taxonomy":"product_tag","embeddable":true,"href":"https:\/\/upartpal.com\/it\/wp-json\/wp\/v2\/product_tag?post=719"}],"curies":[{"name":"wp","href":"https:\/\/api.w.org\/{rel}","templated":true}]}}