{"id":543,"date":"2025-03-22T21:00:15","date_gmt":"2025-03-22T21:00:15","guid":{"rendered":"https:\/\/upartpal.com\/product\/temporibus-temporibus-corporis-est-dolor-quia\/"},"modified":"2026-01-30T00:48:57","modified_gmt":"2026-01-30T00:48:57","slug":"modelli-fisher-paykel-424569p","status":"publish","type":"product","link":"https:\/\/upartpal.com\/it\/product\/modelli-fisher-paykel-424569p\/","title":{"rendered":"Kit di aggiornamento dell'asta di sospensione della lavatrice, confezione da 4 pezzi per i modelli Fisher &amp; Paykel -424569P"},"content":{"rendered":"<h3>Nome del prodotto<\/h3>\n<p class=\"break-words\">424569P Asta di sospensione della lavatrice<\/p>\n<p><img fetchpriority=\"high\" decoding=\"async\" class=\"alignnone wp-image-712\" src=\"https:\/\/upartpal.com\/wp-content\/uploads\/2025\/03\/1-300x300.webp\" alt=\"Kit di sostituzione delle aste di sospensione della lavatrice.\" width=\"600\" height=\"600\" srcset=\"https:\/\/upartpal.com\/wp-content\/uploads\/2025\/03\/1-300x300.webp 300w, https:\/\/upartpal.com\/wp-content\/uploads\/2025\/03\/1-1024x1024.webp 1024w, https:\/\/upartpal.com\/wp-content\/uploads\/2025\/03\/1-150x150.webp 150w, https:\/\/upartpal.com\/wp-content\/uploads\/2025\/03\/1-768x768.webp 768w, https:\/\/upartpal.com\/wp-content\/uploads\/2025\/03\/1-1536x1536.webp 1536w, https:\/\/upartpal.com\/wp-content\/uploads\/2025\/03\/1-600x600.webp 600w, https:\/\/upartpal.com\/wp-content\/uploads\/2025\/03\/1-100x100.webp 100w, https:\/\/upartpal.com\/wp-content\/uploads\/2025\/03\/1.webp 1600w\" sizes=\"(max-width: 600px) 100vw, 600px\" \/><\/p>\n<h3>Caratteristiche principali<\/h3>\n<ul class=\"marker:text-secondary\">\n<li class=\"break-words\"><strong>Addensato e potenziato<\/strong>: 0,2 pollici pi\u00f9 spesso del modello standard, con un diametro rinforzato per una maggiore resistenza.<\/li>\n<li class=\"break-words\"><strong>Materiale<\/strong>: Realizzato in acciaio inox, garantisce durata e resistenza alla ruggine.<\/li>\n<li class=\"break-words\"><strong>Dimensioni<\/strong>: La lunghezza dell'asta di sospensione \u00e8 di circa 26,37 pollici.<\/li>\n<li class=\"break-words\"><strong style=\"font-family: -apple-system, BlinkMacSystemFont, 'Segoe UI', Roboto, 'Helvetica Neue', Arial, 'Noto Sans', sans-serif, 'Apple Color Emoji', 'Segoe UI Emoji', 'Segoe UI Symbol', 'Noto Color Emoji';\">Primavera aggiornata<\/strong><span style=\"font-family: -apple-system, BlinkMacSystemFont, 'Segoe UI', Roboto, 'Helvetica Neue', Arial, 'Noto Sans', sans-serif, 'Apple Color Emoji', 'Segoe UI Emoji', 'Segoe UI Symbol', 'Noto Color Emoji';\">: Dotato di una molla ammortizzante ad alta resistenza per ridurre efficacemente le vibrazioni e migliorare la stabilit\u00e0 della lavatrice durante il funzionamento.<\/span><\/li>\n<\/ul>\n<p><img decoding=\"async\" class=\"alignnone wp-image-713\" src=\"https:\/\/upartpal.com\/wp-content\/uploads\/2025\/03\/3-300x300.webp\" alt=\"Quattro aste di sospensione a rondella, in acciaio inox, per l&#039;assorbimento degli urti.\" width=\"600\" height=\"600\" srcset=\"https:\/\/upartpal.com\/wp-content\/uploads\/2025\/03\/3-300x300.webp 300w, https:\/\/upartpal.com\/wp-content\/uploads\/2025\/03\/3-1024x1024.webp 1024w, https:\/\/upartpal.com\/wp-content\/uploads\/2025\/03\/3-150x150.webp 150w, https:\/\/upartpal.com\/wp-content\/uploads\/2025\/03\/3-768x768.webp 768w, https:\/\/upartpal.com\/wp-content\/uploads\/2025\/03\/3-1536x1536.webp 1536w, https:\/\/upartpal.com\/wp-content\/uploads\/2025\/03\/3-600x600.webp 600w, https:\/\/upartpal.com\/wp-content\/uploads\/2025\/03\/3-100x100.webp 100w, https:\/\/upartpal.com\/wp-content\/uploads\/2025\/03\/3.webp 1600w\" sizes=\"(max-width: 600px) 100vw, 600px\" \/><\/p>\n<h3>Compatibilit\u00e0<\/h3>\n<p>Compatibile con i seguenti modelli di lavatrici Fisher &amp; Paykel:<\/p>\n<ul class=\"marker:text-secondary\">\n<li class=\"break-words\">WL42T26DW1-96198A, WL42T26DW1-96178B, WL42T26DW1-96178A, WL26CW1-96215B<\/li>\n<li class=\"break-words\">WL37T26DW1-96125A, WL26CW2-96114A, WL37T26CW2-96109A, WL37T26DW2-96113A<\/li>\n<li class=\"break-words\">WL26CW1-96215A, WL26CW2, WL37T26KW2-96104A, WL42T26KW1-96174A<\/li>\n<li class=\"break-words\">WL42T26CW1-96176A, WL42T26CW1-96176B, WL42T26CW1-96196A<\/li>\n<li class=\"break-words\">Altri modelli compatibili:\n<ul class=\"marker:text-secondary\">\n<li class=\"break-words\">WL8060P1 (92111-A), WL4227J1 (96208-A), WL4227P1 (96207-A), WA4127G1 (96212-A)<\/li>\n<li class=\"break-words\">WA8060P1 (92147-A), WA8060E1 (92168-A), WA8060G1 (92176-A), WA7060E1 (92217-A)<\/li>\n<li class=\"break-words\">WA7060G1, WA8560E1 (92233-A), WA8560G1 (93232-A), WA1068G1<\/li>\n<\/ul>\n<\/li>\n<\/ul>\n<p><img decoding=\"async\" class=\"alignnone wp-image-714\" src=\"https:\/\/upartpal.com\/wp-content\/uploads\/2025\/03\/4-300x300.webp\" alt=\"Le aste delle sospensioni a rondella risolvono i problemi di vibrazioni e rumorosit\u00e0.\" width=\"600\" height=\"600\" srcset=\"https:\/\/upartpal.com\/wp-content\/uploads\/2025\/03\/4-300x300.webp 300w, https:\/\/upartpal.com\/wp-content\/uploads\/2025\/03\/4-1024x1024.webp 1024w, https:\/\/upartpal.com\/wp-content\/uploads\/2025\/03\/4-150x150.webp 150w, https:\/\/upartpal.com\/wp-content\/uploads\/2025\/03\/4-768x768.webp 768w, https:\/\/upartpal.com\/wp-content\/uploads\/2025\/03\/4-1536x1536.webp 1536w, https:\/\/upartpal.com\/wp-content\/uploads\/2025\/03\/4-600x600.webp 600w, https:\/\/upartpal.com\/wp-content\/uploads\/2025\/03\/4-100x100.webp 100w, https:\/\/upartpal.com\/wp-content\/uploads\/2025\/03\/4.webp 1600w\" sizes=\"(max-width: 600px) 100vw, 600px\" \/><\/p>\n<h3>Numeri di parte sostitutivi<\/h3>\n<p class=\"break-words\">424569P, 421841P, 1880882<\/p>\n<h3>Vantaggi del prodotto<\/h3>\n<ul class=\"marker:text-secondary\">\n<li class=\"break-words\"><strong>Materiale di alta qualit\u00e0<\/strong>: Costruito in acciaio inossidabile per garantire resistenza alla corrosione e prestazioni di lunga durata. Pur non essendo un prodotto OEM, \u00e8 conforme ai rigorosi standard OEM ed \u00e8 stato sottoposto a test approfonditi per garantire una perfetta compatibilit\u00e0 con le aste di sospensione delle lavatrici Fisher &amp; Paykel.<\/li>\n<li class=\"break-words\"><strong>Installazione semplice<\/strong>: Progettato per un'installazione semplice e rapida, per risparmiare tempo e fatica.<\/li>\n<li class=\"break-words\"><strong>Risolve i problemi pi\u00f9 comuni<\/strong>: Riduce efficacemente lo squilibrio, le oscillazioni e il rumore eccessivo durante il funzionamento, fornendo un supporto e una stabilit\u00e0 affidabili per un funzionamento regolare della lavatrice.<\/li>\n<\/ul>\n<p><img loading=\"lazy\" decoding=\"async\" class=\"alignnone wp-image-716\" src=\"https:\/\/upartpal.com\/wp-content\/uploads\/2025\/03\/2-300x300.webp\" alt=\"Dimensioni del prodotto con misure della molla e dell&#039;impugnatura.\" width=\"600\" height=\"600\" srcset=\"https:\/\/upartpal.com\/wp-content\/uploads\/2025\/03\/2-300x300.webp 300w, https:\/\/upartpal.com\/wp-content\/uploads\/2025\/03\/2-1024x1024.webp 1024w, https:\/\/upartpal.com\/wp-content\/uploads\/2025\/03\/2-150x150.webp 150w, https:\/\/upartpal.com\/wp-content\/uploads\/2025\/03\/2-768x768.webp 768w, https:\/\/upartpal.com\/wp-content\/uploads\/2025\/03\/2-1536x1536.webp 1536w, https:\/\/upartpal.com\/wp-content\/uploads\/2025\/03\/2-600x600.webp 600w, https:\/\/upartpal.com\/wp-content\/uploads\/2025\/03\/2-100x100.webp 100w, https:\/\/upartpal.com\/wp-content\/uploads\/2025\/03\/2.webp 1600w\" sizes=\"(max-width: 600px) 100vw, 600px\" \/><\/p>\n<h3>Note importanti<\/h3>\n<p>L'asta di sospensione per lavatrice 424569P \u00e8 <strong>non compatibile<\/strong> con i seguenti codici prodotto:<\/p>\n<ul class=\"marker:text-secondary\">\n<li class=\"break-words\">92263-B, 92264-B, 93264-B, 92266-B, 92262-B, 93262-B, 93265-B<\/li>\n<\/ul>\n<p><img loading=\"lazy\" decoding=\"async\" class=\"alignnone wp-image-715\" src=\"https:\/\/upartpal.com\/wp-content\/uploads\/2025\/03\/5-300x300.webp\" alt=\"Attenzione: rischio di scosse elettriche durante l&#039;installazione.\" width=\"600\" height=\"600\" srcset=\"https:\/\/upartpal.com\/wp-content\/uploads\/2025\/03\/5-300x300.webp 300w, https:\/\/upartpal.com\/wp-content\/uploads\/2025\/03\/5-1024x1024.webp 1024w, https:\/\/upartpal.com\/wp-content\/uploads\/2025\/03\/5-150x150.webp 150w, https:\/\/upartpal.com\/wp-content\/uploads\/2025\/03\/5-768x768.webp 768w, https:\/\/upartpal.com\/wp-content\/uploads\/2025\/03\/5-1536x1536.webp 1536w, https:\/\/upartpal.com\/wp-content\/uploads\/2025\/03\/5-600x600.webp 600w, https:\/\/upartpal.com\/wp-content\/uploads\/2025\/03\/5-100x100.webp 100w, https:\/\/upartpal.com\/wp-content\/uploads\/2025\/03\/5.webp 1600w\" sizes=\"(max-width: 600px) 100vw, 600px\" \/><\/p>","protected":false},"excerpt":{"rendered":"<ul>\n<li>Marchio: Upartpal<\/li>\n<li>Numero di modello dell'articolo: 424569P<\/li>\n<li>Numero di parte: 424569P<\/li>\n<li>Dimensioni del prodotto: 27 x 5 x 3,5 pollici<\/li>\n<li>Peso dell'articolo: 3,09 libbre<\/li>\n<li>Componenti inclusi: 424569P Rondella Kit asta di sospensione 4 Pack<\/li>\n<\/ul>","protected":false},"featured_media":688,"comment_status":"open","ping_status":"closed","template":"","meta":{"_seopress_robots_primary_cat":"none","_seopress_titles_title":"Upgrade Your Washing Machine's Suspension with 424569P","_seopress_titles_desc":"Upgrade your washing machine's stability with the 424569P suspension rod. Made of stainless steel, it reduces noise and vibration for smoother operation.","_seopress_robots_index":""},"product_brand":[44],"product_cat":[34],"product_tag":[],"class_list":{"0":"post-543","1":"product","2":"type-product","3":"status-publish","4":"has-post-thumbnail","6":"product_brand-fisher-paykel","7":"product_cat-washing-machine-spare-parts","9":"first","10":"instock","11":"sale","12":"shipping-taxable","13":"purchasable","14":"product-type-simple"},"meta_box":[],"_links":{"self":[{"href":"https:\/\/upartpal.com\/it\/wp-json\/wp\/v2\/product\/543","targetHints":{"allow":["GET"]}}],"collection":[{"href":"https:\/\/upartpal.com\/it\/wp-json\/wp\/v2\/product"}],"about":[{"href":"https:\/\/upartpal.com\/it\/wp-json\/wp\/v2\/types\/product"}],"replies":[{"embeddable":true,"href":"https:\/\/upartpal.com\/it\/wp-json\/wp\/v2\/comments?post=543"}],"wp:featuredmedia":[{"embeddable":true,"href":"https:\/\/upartpal.com\/it\/wp-json\/wp\/v2\/media\/688"}],"wp:attachment":[{"href":"https:\/\/upartpal.com\/it\/wp-json\/wp\/v2\/media?parent=543"}],"wp:term":[{"taxonomy":"product_brand","embeddable":true,"href":"https:\/\/upartpal.com\/it\/wp-json\/wp\/v2\/product_brand?post=543"},{"taxonomy":"product_cat","embeddable":true,"href":"https:\/\/upartpal.com\/it\/wp-json\/wp\/v2\/product_cat?post=543"},{"taxonomy":"product_tag","embeddable":true,"href":"https:\/\/upartpal.com\/it\/wp-json\/wp\/v2\/product_tag?post=543"}],"curies":[{"name":"wp","href":"https:\/\/api.w.org\/{rel}","templated":true}]}}