{"id":988,"date":"2025-04-22T02:36:43","date_gmt":"2025-04-22T02:36:43","guid":{"rendered":"https:\/\/upartpal.com\/?post_type=product&#038;p=988"},"modified":"2026-04-08T10:28:45","modified_gmt":"2026-04-08T10:28:45","slug":"kit-de-couplage-de-moteur-a-noyau-metallique","status":"publish","type":"product","link":"https:\/\/upartpal.com\/fr\/product\/kit-de-couplage-de-moteur-a-noyau-metallique\/","title":{"rendered":"METAL Core Motor Coupling Kit for Kenmore Whirlpool Washers Parts-285753A"},"content":{"rendered":"<h3>Nom du produit<\/h3>\n<p class=\"break-words\">METAL Core Motor Coupling Kit for Kenmore Whirlpool Washers Parts-285753A<\/p>\n<figure id=\"attachment_990\" aria-describedby=\"caption-attachment-990\" style=\"width: 600px\" class=\"wp-caption alignnone\"><img fetchpriority=\"high\" decoding=\"async\" class=\"wp-image-990\" src=\"https:\/\/upartpal.com\/wp-content\/uploads\/2025\/04\/METAL-Core-Motor-Coupling-Kit-1-1024x1024.webp\" alt=\"L&#039;agitateur pour lave-linge convient \u00e0 diff\u00e9rentes marques.\" width=\"600\" height=\"600\" \/><figcaption id=\"caption-attachment-990\" class=\"wp-caption-text\">Kit de couplage de moteur \u00e0 noyau m\u00e9tallique<\/figcaption><\/figure>\n<div>\n<h3 dir=\"ltr\" data-pm-slice=\"1 3 []\">Caract\u00e9ristiques principales<\/h3>\n<ul class=\"tight\" dir=\"ltr\" data-tight=\"true\">\n<li>\n<p dir=\"ltr\"><strong>Un ajustement parfait<\/strong>: Con\u00e7u pour fournir une connexion amortie entre la transmission et l'arbre du moteur.<\/p>\n<\/li>\n<li>\n<p dir=\"ltr\"><strong>Composants<\/strong>: Comprend 2 raccords de moteur en plastique et 1 isolation de moteur pour des performances fiables.<\/p>\n<\/li>\n<li>\n<p dir=\"ltr\"><strong>Mat\u00e9riau de haute qualit\u00e9<\/strong>: Fabriqu\u00e9 en plastique durable avec un noyau m\u00e9tallique am\u00e9lior\u00e9 pour une r\u00e9sistance et une long\u00e9vit\u00e9 accrues.<\/p>\n<\/li>\n<li>\n<p dir=\"ltr\"><strong>S\u00fbr et respectueux de l'environnement<\/strong>: Exempt de produits chimiques nocifs, pour une utilisation en toute s\u00e9curit\u00e9.<\/p>\n<\/li>\n<\/ul>\n<\/div>\n<figure id=\"attachment_991\" aria-describedby=\"caption-attachment-991\" style=\"width: 600px\" class=\"wp-caption alignnone\"><img decoding=\"async\" class=\"wp-image-991\" src=\"https:\/\/upartpal.com\/wp-content\/uploads\/2025\/04\/METAL-Core-Motor-Coupling-Kit-for-Kenmore-Whirlpool-Washers-Part-1024x1024.webp\" alt=\"Mat\u00e9riaux de haute qualit\u00e9 : m\u00e9tal, plastique, composants en caoutchouc.\" width=\"600\" height=\"600\" \/><figcaption id=\"caption-attachment-991\" class=\"wp-caption-text\">METAL Core Motor Coupling Kit for Kenmore Whirlpool Washers Part<\/figcaption><\/figure>\n<h3 dir=\"ltr\" data-pm-slice=\"1 1 []\">Num\u00e9ros de pi\u00e8ces de rechange<\/h3>\n<p dir=\"ltr\">285753A, 1195967, 21003, 280152, 285140, 285743, 285753, 285753AVP, 3352470, 3363664, 33002, 33003, 62672, 62693, 661560, 80008, 8559748, AP3963893, PS1485646, AH1485646, EA1485646, ER285753, SB285753A<\/p>\n<figure id=\"attachment_993\" aria-describedby=\"caption-attachment-993\" style=\"width: 600px\" class=\"wp-caption alignnone\"><img decoding=\"async\" class=\"wp-image-993\" src=\"https:\/\/upartpal.com\/wp-content\/uploads\/2025\/04\/METAL-Core-Motor-Coupling-Kit-for-Kenmore-Whirlpool-Washers-Parts.webp\" alt=\"Accouplement universel de moteur de laveuse compatible avec les principales marques.\" width=\"600\" height=\"588\" srcset=\"https:\/\/upartpal.com\/wp-content\/uploads\/2025\/04\/METAL-Core-Motor-Coupling-Kit-for-Kenmore-Whirlpool-Washers-Parts.webp 992w, https:\/\/upartpal.com\/wp-content\/uploads\/2025\/04\/METAL-Core-Motor-Coupling-Kit-for-Kenmore-Whirlpool-Washers-Parts-300x294.webp 300w, https:\/\/upartpal.com\/wp-content\/uploads\/2025\/04\/METAL-Core-Motor-Coupling-Kit-for-Kenmore-Whirlpool-Washers-Parts-768x753.webp 768w, https:\/\/upartpal.com\/wp-content\/uploads\/2025\/04\/METAL-Core-Motor-Coupling-Kit-for-Kenmore-Whirlpool-Washers-Parts-12x12.webp 12w, https:\/\/upartpal.com\/wp-content\/uploads\/2025\/04\/METAL-Core-Motor-Coupling-Kit-for-Kenmore-Whirlpool-Washers-Parts-600x588.webp 600w\" sizes=\"(max-width: 600px) 100vw, 600px\" \/><figcaption id=\"caption-attachment-993\" class=\"wp-caption-text\">METAL Core Motor Coupling Kit for Kenmore Whirlpool Washers Parts<\/figcaption><\/figure>\n<h3>Compatibilit\u00e9<\/h3>\n<p dir=\"ltr\" data-pm-slice=\"1 5 []\">Compatible avec la plupart des lave-linge de grandes marques, y compris :<\/p>\n<ul class=\"tight\" dir=\"ltr\" data-tight=\"true\">\n<li>\n<p dir=\"ltr\">Whirlpool, Kenmore, KitchenAid, Roper, Estate, Inglis, Crosley, Amana, Maytag, Admiral, General Electric, Magic Chef<\/p>\n<\/li>\n<li>\n<p dir=\"ltr\">Remplace les num\u00e9ros de pi\u00e8ces :<\/p>\n<ul class=\"tight\" dir=\"ltr\" data-tight=\"true\">\n<li>\n<p dir=\"ltr\">1195967, 21003, 280152, 285140, 285743, 285753, 285753AVP<\/p>\n<\/li>\n<li>3352470, 3363664, 3364002, 3364003, 62672, 62693, 661560, 80008, 8559748<\/li>\n<li>\n<p dir=\"ltr\">AP3963893, PS1485646, AH1485646, EA1485646, ER285753, SB285753A<\/p>\n<\/li>\n<\/ul>\n<\/li>\n<\/ul>\n<figure id=\"attachment_992\" aria-describedby=\"caption-attachment-992\" style=\"width: 600px\" class=\"wp-caption alignnone\"><img loading=\"lazy\" decoding=\"async\" class=\"wp-image-992\" src=\"https:\/\/upartpal.com\/wp-content\/uploads\/2025\/04\/METAL-Core-Motor-Coupling-Kit-for-Kenmore-Whirlpool-Washers-Parts-285753A-1024x1011.webp\" alt=\"Comparaison des pi\u00e8ces durables et des pi\u00e8ces fragiles.\" width=\"600\" height=\"593\" \/><figcaption id=\"caption-attachment-992\" class=\"wp-caption-text\">METAL Core Motor Coupling Kit for Kenmore Whirlpool Washers Parts-285753A<\/figcaption><\/figure>\n<div>\n<h3 dir=\"ltr\" data-pm-slice=\"1 3 []\">Avantages du produit<\/h3>\n<ul class=\"tight\" dir=\"ltr\" data-tight=\"true\">\n<li>\n<p dir=\"ltr\"><strong>Construction de haute qualit\u00e9<\/strong>: Fabriqu\u00e9 en plastique solide avec un noyau m\u00e9tallique, il r\u00e9pond aux normes OEM en mati\u00e8re de durabilit\u00e9 et d'efficacit\u00e9.<\/p>\n<\/li>\n<li>\n<p dir=\"ltr\"><strong>Installation facile<\/strong>: N\u00e9cessite seulement un tournevis \u00e0 lame plate, un tourne-\u00e9crou d'un quart de pouce et un tournevis Phillips, ce qui le rend facile \u00e0 utiliser pour les r\u00e9parations de bricolage.<\/p>\n<\/li>\n<li>\n<p dir=\"ltr\"><strong>R\u00e9soudre les probl\u00e8mes courants<\/strong>: Corrige les sympt\u00f4mes tels que le lave-linge pompe mais n'essore pas, ne s'agite pas, fait un bruit excessif ou essore lentement, assurant ainsi un fonctionnement sans heurts.<\/p>\n<\/li>\n<li>\n<p dir=\"ltr\"><strong>Rentabilit\u00e9<\/strong>: Une solution abordable pour r\u00e9parer votre lave-linge, permettant d'\u00e9conomiser du temps et de l'argent par rapport aux services professionnels ou au remplacement.<\/p>\n<p><figure id=\"attachment_994\" aria-describedby=\"caption-attachment-994\" style=\"width: 600px\" class=\"wp-caption alignnone\"><img loading=\"lazy\" decoding=\"async\" class=\"wp-image-994\" src=\"https:\/\/upartpal.com\/wp-content\/uploads\/2025\/04\/285753A-Direct-Drive-Motor-Coupling-Kit--1024x977.webp\" alt=\"Quatre amortisseurs pour le montage des appareils, noir et blanc.\" width=\"600\" height=\"572\" srcset=\"https:\/\/upartpal.com\/wp-content\/uploads\/2025\/04\/285753A-Direct-Drive-Motor-Coupling-Kit--1024x977.webp 1024w, https:\/\/upartpal.com\/wp-content\/uploads\/2025\/04\/285753A-Direct-Drive-Motor-Coupling-Kit--300x286.webp 300w, https:\/\/upartpal.com\/wp-content\/uploads\/2025\/04\/285753A-Direct-Drive-Motor-Coupling-Kit--768x733.webp 768w, https:\/\/upartpal.com\/wp-content\/uploads\/2025\/04\/285753A-Direct-Drive-Motor-Coupling-Kit--13x12.webp 13w, https:\/\/upartpal.com\/wp-content\/uploads\/2025\/04\/285753A-Direct-Drive-Motor-Coupling-Kit--600x572.webp 600w, https:\/\/upartpal.com\/wp-content\/uploads\/2025\/04\/285753A-Direct-Drive-Motor-Coupling-Kit-.webp 1500w\" sizes=\"(max-width: 600px) 100vw, 600px\" \/><figcaption id=\"caption-attachment-994\" class=\"wp-caption-text\">285753A Kit d'accouplement de moteur \u00e0 entra\u00eenement direct<\/figcaption><\/figure><\/li>\n<\/ul>\n<h3 dir=\"ltr\">Remarques importantes<\/h3>\n<ul class=\"tight\" dir=\"ltr\" data-tight=\"true\">\n<li>\n<p dir=\"ltr\"><strong>V\u00e9rification du mod\u00e8le<\/strong>: V\u00e9rifiez le num\u00e9ro de mod\u00e8le de votre laveuse avant de passer commande pour vous assurer de sa compatibilit\u00e9. Contactez notre \u00e9quipe de support avec votre num\u00e9ro de mod\u00e8le pour confirmation.<\/p>\n<\/li>\n<li>\n<p dir=\"ltr\"><strong>Pr\u00e9cautions de s\u00e9curit\u00e9<\/strong>: D\u00e9branchez le lave-linge avant l'installation et portez des gants de travail pour prot\u00e9ger vos mains.<\/p>\n<\/li>\n<li>\n<p dir=\"ltr\"><strong>Mod\u00e8les non compatibles<\/strong>: Confirmez que votre mod\u00e8le n'est pas exclu ; contactez-nous si vous avez des doutes sur l'adaptation.<\/p>\n<\/li>\n<\/ul>\n<\/div>","protected":false},"excerpt":{"rendered":"<ul>\n<li>Marque : Upartpal<\/li>\n<li>Num\u00e9ro de mod\u00e8le : 285753A 1195967 285753AVP PS1485646<\/li>\n<li>Num\u00e9ro de pi\u00e8ce : 285753A<\/li>\n<li>Dimensions du produit : 5 x 4 x 0.7 pouces<\/li>\n<li>Poids de l'article : 1,6 onces<\/li>\n<li>Composants inclus : 285753A Coupleur de moteur de lavage, comprenant 2 coupleurs de moteur en plastique et 1 isolation de moteur.<\/li>\n<\/ul>","protected":false},"featured_media":989,"comment_status":"open","ping_status":"closed","template":"","meta":{"_seopress_robots_primary_cat":"none","_seopress_titles_title":"Durable Metal Core Motor Coupling Kit for Washers","_seopress_titles_desc":"Enhance washer efficiency with durable METAL Core Motor Coupling Kit for Kenmore Whirlpool. Solve spinning, noise issues easily. Compatible with top brands.","_seopress_robots_index":""},"product_brand":[45,46],"product_cat":[34],"product_tag":[],"class_list":{"0":"post-988","1":"product","2":"type-product","3":"status-publish","4":"has-post-thumbnail","6":"product_brand-kenmore","7":"product_brand-whirlpool","8":"product_cat-washing-machine-spare-parts","10":"first","11":"instock","12":"sale","13":"shipping-taxable","14":"purchasable","15":"product-type-simple"},"meta_box":[],"_links":{"self":[{"href":"https:\/\/upartpal.com\/fr\/wp-json\/wp\/v2\/product\/988","targetHints":{"allow":["GET"]}}],"collection":[{"href":"https:\/\/upartpal.com\/fr\/wp-json\/wp\/v2\/product"}],"about":[{"href":"https:\/\/upartpal.com\/fr\/wp-json\/wp\/v2\/types\/product"}],"replies":[{"embeddable":true,"href":"https:\/\/upartpal.com\/fr\/wp-json\/wp\/v2\/comments?post=988"}],"wp:featuredmedia":[{"embeddable":true,"href":"https:\/\/upartpal.com\/fr\/wp-json\/wp\/v2\/media\/989"}],"wp:attachment":[{"href":"https:\/\/upartpal.com\/fr\/wp-json\/wp\/v2\/media?parent=988"}],"wp:term":[{"taxonomy":"product_brand","embeddable":true,"href":"https:\/\/upartpal.com\/fr\/wp-json\/wp\/v2\/product_brand?post=988"},{"taxonomy":"product_cat","embeddable":true,"href":"https:\/\/upartpal.com\/fr\/wp-json\/wp\/v2\/product_cat?post=988"},{"taxonomy":"product_tag","embeddable":true,"href":"https:\/\/upartpal.com\/fr\/wp-json\/wp\/v2\/product_tag?post=988"}],"curies":[{"name":"wp","href":"https:\/\/api.w.org\/{rel}","templated":true}]}}