{"id":836,"date":"2025-03-27T13:57:05","date_gmt":"2025-03-27T13:57:05","guid":{"rendered":"https:\/\/upartpal.com\/?post_type=product&#038;p=836"},"modified":"2025-09-04T15:55:46","modified_gmt":"2025-09-04T15:55:46","slug":"agitateur-compatible-fisher-paykel-425025p","status":"publish","type":"product","link":"https:\/\/upartpal.com\/fr\/product\/agitateur-compatible-fisher-paykel-425025p\/","title":{"rendered":"Agitateur compatible Fisher and Paykel de qualit\u00e9 sup\u00e9rieure-425025P"},"content":{"rendered":"<h3>Nom du produit<\/h3>\n<p class=\"break-words\">Agitateur compatible Fisher and Paykel-425025P<\/p>\n<p><img fetchpriority=\"high\" decoding=\"async\" class=\"alignnone wp-image-839\" src=\"https:\/\/upartpal.com\/wp-content\/uploads\/2025\/03\/Fisher-and-Paykel-Agitator-425025P-300x300.webp\" alt=\"Aspirateur de piscine blanc avec t\u00eate de nettoyage automatique\" width=\"600\" height=\"600\" srcset=\"https:\/\/upartpal.com\/wp-content\/uploads\/2025\/03\/Fisher-and-Paykel-Agitator-425025P-300x300.webp 300w, https:\/\/upartpal.com\/wp-content\/uploads\/2025\/03\/Fisher-and-Paykel-Agitator-425025P-1024x1024.webp 1024w, https:\/\/upartpal.com\/wp-content\/uploads\/2025\/03\/Fisher-and-Paykel-Agitator-425025P-150x150.webp 150w, https:\/\/upartpal.com\/wp-content\/uploads\/2025\/03\/Fisher-and-Paykel-Agitator-425025P-768x768.webp 768w, https:\/\/upartpal.com\/wp-content\/uploads\/2025\/03\/Fisher-and-Paykel-Agitator-425025P-1536x1536.webp 1536w, https:\/\/upartpal.com\/wp-content\/uploads\/2025\/03\/Fisher-and-Paykel-Agitator-425025P-600x600.webp 600w, https:\/\/upartpal.com\/wp-content\/uploads\/2025\/03\/Fisher-and-Paykel-Agitator-425025P-100x100.webp 100w, https:\/\/upartpal.com\/wp-content\/uploads\/2025\/03\/Fisher-and-Paykel-Agitator-425025P.webp 1600w\" sizes=\"(max-width: 600px) 100vw, 600px\" \/><\/p>\n<div>\n<h3 class=\"break-words\"><strong>D\u00e9tails du produit<\/strong><\/h3>\n<ul class=\"marker:text-secondary\">\n<li class=\"break-words\"><strong>Remplace :<\/strong> Pi\u00e8ces 425025 et 478083P<\/li>\n<li class=\"break-words\"><strong>Fonction :<\/strong> L'agitateur (r\u00e9f\u00e9rence 425025P, \u00e9galement connu sous le nom de AP6791048) est con\u00e7u pour les laveuses afin de nettoyer efficacement les v\u00eatements.<\/li>\n<li class=\"break-words\"><strong>Pr\u00e9caution de s\u00e9curit\u00e9 :<\/strong> D\u00e9branchez toujours le lave-linge avant l'installation pour des raisons de s\u00e9curit\u00e9.<\/li>\n<\/ul>\n<\/div>\n<p><img decoding=\"async\" class=\"alignnone wp-image-840\" src=\"https:\/\/upartpal.com\/wp-content\/uploads\/2025\/03\/s-l1600-2-300x179.webp\" alt=\"AGITATEUR DE REMPLACEMENT POUR LAVEUSE\" width=\"600\" height=\"359\" srcset=\"https:\/\/upartpal.com\/wp-content\/uploads\/2025\/03\/s-l1600-2-300x179.webp 300w, https:\/\/upartpal.com\/wp-content\/uploads\/2025\/03\/s-l1600-2-1024x612.webp 1024w, https:\/\/upartpal.com\/wp-content\/uploads\/2025\/03\/s-l1600-2-768x459.webp 768w, https:\/\/upartpal.com\/wp-content\/uploads\/2025\/03\/s-l1600-2-1536x919.webp 1536w, https:\/\/upartpal.com\/wp-content\/uploads\/2025\/03\/s-l1600-2-600x359.webp 600w, https:\/\/upartpal.com\/wp-content\/uploads\/2025\/03\/s-l1600-2.webp 1600w\" sizes=\"(max-width: 600px) 100vw, 600px\" \/><\/p>\n<h3>Compatibilit\u00e9<\/h3>\n<p>Cet agitateur est compatible avec une large gamme de mod\u00e8les de lave-linge Fisher &amp; Paykel, y compris mais sans s'y limiter :<\/p>\n<ul class=\"marker:text-secondary\">\n<li>GWL11-96151,GWL11-96151B,GWL15-96200A,GWL11-96151,GWL11-96151B,GWL15-96200A,GWL15-96155A,IWL16-96203A,IWL16-96160A,IWL12-96192,IWL12-96154B,WA4127G1-96212-A,GWL12-96187,GWL03-96986,GWL15-96155B,GWL15-96155C,IWL16-96160B,WA37T26EW2-96139A,WA37T26EW2-96146A,WA37T26EW2-96146B,WA37T26EW2-96186A,WA37T26GW-96181A,WA37T26GW2-96133A,WA37T26GW2-96134A,WA37T26GW2-96152A,WA42T26GW1-96172A,WA42T26GW1-96184A,WA42T26GW1-96193A<\/li>\n<\/ul>\n<p><img decoding=\"async\" class=\"alignnone wp-image-841\" src=\"https:\/\/upartpal.com\/wp-content\/uploads\/2025\/03\/s-l1600-300x218.webp\" alt=\"Int\u00e9rieur du lave-linge \u00e0 chargement par le haut avec agitateur\" width=\"600\" height=\"436\" srcset=\"https:\/\/upartpal.com\/wp-content\/uploads\/2025\/03\/s-l1600-300x218.webp 300w, https:\/\/upartpal.com\/wp-content\/uploads\/2025\/03\/s-l1600-1024x744.webp 1024w, https:\/\/upartpal.com\/wp-content\/uploads\/2025\/03\/s-l1600-768x558.webp 768w, https:\/\/upartpal.com\/wp-content\/uploads\/2025\/03\/s-l1600-1536x1116.webp 1536w, https:\/\/upartpal.com\/wp-content\/uploads\/2025\/03\/s-l1600-600x436.webp 600w, https:\/\/upartpal.com\/wp-content\/uploads\/2025\/03\/s-l1600.webp 1600w\" sizes=\"(max-width: 600px) 100vw, 600px\" \/><\/p>\n<h3><strong style=\"font-family: -apple-system, BlinkMacSystemFont, 'Segoe UI', Roboto, 'Helvetica Neue', Arial, 'Noto Sans', sans-serif, 'Apple Color Emoji', 'Segoe UI Emoji', 'Segoe UI Symbol', 'Noto Color Emoji'; font-size: 16px;\">A propos de cet article<\/strong><\/h3>\n<div>\n<ul class=\"marker:text-secondary\">\n<li class=\"break-words\"><strong>Objet :<\/strong> Un agitateur de remplacement de haute qualit\u00e9 con\u00e7u pour s'adapter parfaitement aux laveuses \u00e0 chargement par le haut Fisher &amp; Paykel.<\/li>\n<li class=\"break-words\"><strong>Compatibilit\u00e9 :<\/strong> Convient \u00e0 tous les lave-linge Fisher &amp; Paykel \u00e0 chargement par le haut.<\/li>\n<li class=\"break-words\"><strong>Facilit\u00e9 d'utilisation :<\/strong> Simple \u00e0 installer et \u00e0 entretenir, c'est le choix id\u00e9al pour am\u00e9liorer ou r\u00e9parer votre lave-linge.<\/li>\n<li class=\"break-words\"><strong>Performance :<\/strong> Agite efficacement les v\u00eatements pour un nettoyage en profondeur dans les laveuses \u00e0 chargement par le haut.<\/li>\n<\/ul>\n<p><img loading=\"lazy\" decoding=\"async\" class=\"alignnone wp-image-842\" src=\"https:\/\/upartpal.com\/wp-content\/uploads\/2025\/03\/s-l1600-1-300x300.webp\" alt=\"Vue de dessus d&#039;une passoire \u00e0 trous en acier inoxydable.\" width=\"600\" height=\"600\" srcset=\"https:\/\/upartpal.com\/wp-content\/uploads\/2025\/03\/s-l1600-1-300x300.webp 300w, https:\/\/upartpal.com\/wp-content\/uploads\/2025\/03\/s-l1600-1-1024x1024.webp 1024w, https:\/\/upartpal.com\/wp-content\/uploads\/2025\/03\/s-l1600-1-150x150.webp 150w, https:\/\/upartpal.com\/wp-content\/uploads\/2025\/03\/s-l1600-1-768x768.webp 768w, https:\/\/upartpal.com\/wp-content\/uploads\/2025\/03\/s-l1600-1-600x600.webp 600w, https:\/\/upartpal.com\/wp-content\/uploads\/2025\/03\/s-l1600-1-100x100.webp 100w, https:\/\/upartpal.com\/wp-content\/uploads\/2025\/03\/s-l1600-1.webp 1080w\" sizes=\"(max-width: 600px) 100vw, 600px\" \/><\/p>\n<\/div>","protected":false},"excerpt":{"rendered":"<ul>\n<li>Marque : Upartpal<\/li>\n<li>Num\u00e9ro de mod\u00e8le : 425025P<\/li>\n<li>Num\u00e9ro de pi\u00e8ce : 425025P<\/li>\n<li>Dimensions du produit : 14 x 14 x 17 pouces<\/li>\n<li>Poids de l'article : 3,1 livres<\/li>\n<li>Composants inclus : 1 PCS Agitateur compatible Fisher and Paykel-425025P<\/li>\n<\/ul>","protected":false},"featured_media":837,"comment_status":"open","ping_status":"closed","template":"","meta":{"_seopress_robots_primary_cat":"none","_seopress_titles_title":"Upgrade Your Washing Machine's Suspension with 424569P","_seopress_titles_desc":"Upgrade your washing machine's stability with the 424569P suspension rod. Made of stainless steel, it reduces noise and vibration for smoother operation.","_seopress_robots_index":""},"product_brand":[44],"product_cat":[34],"product_tag":[],"class_list":{"0":"post-836","1":"product","2":"type-product","3":"status-publish","4":"has-post-thumbnail","6":"product_brand-fisher-paykel","7":"product_cat-washing-machine-spare-parts","9":"first","10":"instock","11":"sale","12":"shipping-taxable","13":"purchasable","14":"product-type-simple"},"meta_box":[],"_links":{"self":[{"href":"https:\/\/upartpal.com\/fr\/wp-json\/wp\/v2\/product\/836","targetHints":{"allow":["GET"]}}],"collection":[{"href":"https:\/\/upartpal.com\/fr\/wp-json\/wp\/v2\/product"}],"about":[{"href":"https:\/\/upartpal.com\/fr\/wp-json\/wp\/v2\/types\/product"}],"replies":[{"embeddable":true,"href":"https:\/\/upartpal.com\/fr\/wp-json\/wp\/v2\/comments?post=836"}],"wp:featuredmedia":[{"embeddable":true,"href":"https:\/\/upartpal.com\/fr\/wp-json\/wp\/v2\/media\/837"}],"wp:attachment":[{"href":"https:\/\/upartpal.com\/fr\/wp-json\/wp\/v2\/media?parent=836"}],"wp:term":[{"taxonomy":"product_brand","embeddable":true,"href":"https:\/\/upartpal.com\/fr\/wp-json\/wp\/v2\/product_brand?post=836"},{"taxonomy":"product_cat","embeddable":true,"href":"https:\/\/upartpal.com\/fr\/wp-json\/wp\/v2\/product_cat?post=836"},{"taxonomy":"product_tag","embeddable":true,"href":"https:\/\/upartpal.com\/fr\/wp-json\/wp\/v2\/product_tag?post=836"}],"curies":[{"name":"wp","href":"https:\/\/api.w.org\/{rel}","templated":true}]}}