{"id":795,"date":"2025-03-27T08:23:16","date_gmt":"2025-03-27T08:23:16","guid":{"rendered":"https:\/\/upartpal.com\/?post_type=product&#038;p=795"},"modified":"2026-04-08T10:28:12","modified_gmt":"2026-04-08T10:28:12","slug":"2x-filtre-a-peluches-pour-fisher-paykel-426451p","status":"publish","type":"product","link":"https:\/\/upartpal.com\/fr\/product\/2x-filtre-a-peluches-pour-fisher-paykel-426451p\/","title":{"rendered":"2x FILTRE A POUSSES POUR FISHER &amp; PAYKEL-426451P"},"content":{"rendered":"<h3>Aper\u00e7u du produit<\/h3>\n<ul class=\"marker:text-secondary\">\n<li class=\"break-words\"><strong>Nom<\/strong>: 426451P 2x Filtre \u00e0 charpie pour Fisher &amp; Paykel FabricSmart WA70T60FW1 Top-Loader<\/li>\n<li class=\"break-words\"><strong>Description<\/strong>: Il s'agit d'un ensemble de deux filtres \u00e0 peluches sp\u00e9cialement con\u00e7us pour les lave-linge \u00e0 chargement par le haut de Fisher &amp; Paykel.<\/li>\n<\/ul>\n<p><img fetchpriority=\"high\" decoding=\"async\" class=\"alignnone wp-image-798\" src=\"https:\/\/upartpal.com\/wp-content\/uploads\/2025\/03\/426451-2-300x300.webp\" alt=\"Deux filtres \u00e0 peluches pour chargeur sup\u00e9rieur\" width=\"600\" height=\"600\" srcset=\"https:\/\/upartpal.com\/wp-content\/uploads\/2025\/03\/426451-2-300x300.webp 300w, https:\/\/upartpal.com\/wp-content\/uploads\/2025\/03\/426451-2-1024x1024.webp 1024w, https:\/\/upartpal.com\/wp-content\/uploads\/2025\/03\/426451-2-150x150.webp 150w, https:\/\/upartpal.com\/wp-content\/uploads\/2025\/03\/426451-2-768x768.webp 768w, https:\/\/upartpal.com\/wp-content\/uploads\/2025\/03\/426451-2-1536x1536.webp 1536w, https:\/\/upartpal.com\/wp-content\/uploads\/2025\/03\/426451-2-600x600.webp 600w, https:\/\/upartpal.com\/wp-content\/uploads\/2025\/03\/426451-2-100x100.webp 100w, https:\/\/upartpal.com\/wp-content\/uploads\/2025\/03\/426451-2.webp 1600w\" sizes=\"(max-width: 600px) 100vw, 600px\" \/><\/p>\n<div>\n<h3>Avantages du produit<\/h3>\n<ul class=\"marker:text-secondary\">\n<li class=\"break-words\"><strong>Pr\u00e9vient l'obstruction des tuyaux<\/strong>: De nombreux lave-linge Fisher &amp; Paykel n'ont pas de filtre \u00e0 peluches int\u00e9gr\u00e9, ce qui permet aux peluches de s'\u00e9couler dans le syst\u00e8me d'\u00e9gouts. Cela peut boucher les tuyaux et entra\u00eener des r\u00e9parations de plomberie co\u00fbteuses, qui peuvent s'\u00e9lever \u00e0 plusieurs centaines d'euros.<\/li>\n<li class=\"break-words\"><strong>\u00c9limination manuelle des peluches<\/strong>: Le filtre retient les peluches pendant le cycle de lavage, ce qui vous permet de les jeter \u00e0 la poubelle au lieu de les laisser p\u00e9n\u00e9trer dans votre syst\u00e8me d'\u00e9vacuation.<\/li>\n<li class=\"break-words\"><strong>\u00c9conomies de co\u00fbts<\/strong>: En capturant les peluches, ce filtre prot\u00e8ge votre lave-linge et la plomberie de votre maison, vous \u00e9vitant ainsi de co\u00fbteuses factures de r\u00e9paration.<\/li>\n<\/ul>\n<p><img decoding=\"async\" class=\"alignnone wp-image-800\" src=\"https:\/\/upartpal.com\/wp-content\/uploads\/2025\/03\/426451-4-300x300.webp\" alt=\"Agitateur de machine \u00e0 laver \u00e9tiquet\u00e9 Suits Agitator 425025P.\" width=\"600\" height=\"600\" srcset=\"https:\/\/upartpal.com\/wp-content\/uploads\/2025\/03\/426451-4-300x300.webp 300w, https:\/\/upartpal.com\/wp-content\/uploads\/2025\/03\/426451-4-1024x1024.webp 1024w, https:\/\/upartpal.com\/wp-content\/uploads\/2025\/03\/426451-4-150x150.webp 150w, https:\/\/upartpal.com\/wp-content\/uploads\/2025\/03\/426451-4-768x768.webp 768w, https:\/\/upartpal.com\/wp-content\/uploads\/2025\/03\/426451-4-1536x1536.webp 1536w, https:\/\/upartpal.com\/wp-content\/uploads\/2025\/03\/426451-4-600x600.webp 600w, https:\/\/upartpal.com\/wp-content\/uploads\/2025\/03\/426451-4-100x100.webp 100w, https:\/\/upartpal.com\/wp-content\/uploads\/2025\/03\/426451-4.webp 1600w\" sizes=\"(max-width: 600px) 100vw, 600px\" \/><\/p>\n<h3>Sp\u00e9cifications des produits<\/h3>\n<ul class=\"marker:text-secondary\">\n<li class=\"break-words\"><strong>Accessoire essentiel<\/strong>: Comme la plupart des laveuses \u00e0 chargement par le haut de Fisher &amp; Paykel ne sont pas \u00e9quip\u00e9es d'un filtre \u00e0 charpie, il s'agit d'un ajout indispensable.<\/li>\n<li class=\"break-words\"><strong>Compatibilit\u00e9<\/strong>: Fonctionne avec la plupart des mod\u00e8les de lave-linge \u00e0 chargement par le haut de Fisher &amp; Paykel \u00e9quip\u00e9s d'un agitateur.<\/li>\n<li class=\"break-words\"><strong>Un ajustement parfait<\/strong>: Con\u00e7u pour correspondre \u00e0 la r\u00e9f\u00e9rence de l'agitateur <strong>425025P<\/strong>.<\/li>\n<li class=\"break-words\"><strong>Convivialit\u00e9<\/strong>: Simple \u00e0 installer, \u00e0 retirer et \u00e0 nettoyer.<\/li>\n<li class=\"break-words\"><strong>R\u00e9utilisable<\/strong>: Nettoyez-le apr\u00e8s chaque utilisation et r\u00e9installez-le pour une meilleure performance.<\/li>\n<\/ul>\n<p><img decoding=\"async\" class=\"alignnone wp-image-801\" src=\"https:\/\/upartpal.com\/wp-content\/uploads\/2025\/03\/426451-1-300x300.webp\" alt=\"Pi\u00e8ces de rechange pour agitateurs avec num\u00e9ros de mod\u00e8les \u00e9tiquet\u00e9s.\" width=\"600\" height=\"600\" srcset=\"https:\/\/upartpal.com\/wp-content\/uploads\/2025\/03\/426451-1-300x300.webp 300w, https:\/\/upartpal.com\/wp-content\/uploads\/2025\/03\/426451-1-1024x1024.webp 1024w, https:\/\/upartpal.com\/wp-content\/uploads\/2025\/03\/426451-1-150x150.webp 150w, https:\/\/upartpal.com\/wp-content\/uploads\/2025\/03\/426451-1-768x768.webp 768w, https:\/\/upartpal.com\/wp-content\/uploads\/2025\/03\/426451-1-1536x1536.webp 1536w, https:\/\/upartpal.com\/wp-content\/uploads\/2025\/03\/426451-1-600x600.webp 600w, https:\/\/upartpal.com\/wp-content\/uploads\/2025\/03\/426451-1-100x100.webp 100w, https:\/\/upartpal.com\/wp-content\/uploads\/2025\/03\/426451-1.webp 1600w\" sizes=\"(max-width: 600px) 100vw, 600px\" \/><\/p>\n<h3>\u00c9tapes de l'installation<\/h3>\n<ol class=\"marker:text-secondary\">\n<li class=\"break-words\">Retirer la coupelle du distributeur de tissu de la partie sup\u00e9rieure de l'agitateur.<\/li>\n<li class=\"break-words\">Pousser le filtre \u00e0 peluches jusqu'au fond de l'agitateur.<\/li>\n<li class=\"break-words\">Remettre en place la coupelle du distributeur de tissu.<\/li>\n<\/ol>\n<h3>Compatibilit\u00e9<\/h3>\n<ul class=\"marker:text-secondary\">\n<li class=\"break-words\"><strong>Mod\u00e8le confirm\u00e9<\/strong>: Fisher &amp; Paykel FabricSmart WA70T60FW1 Top-Loader.<\/li>\n<\/ul>\n<p><img loading=\"lazy\" decoding=\"async\" class=\"alignnone wp-image-802\" src=\"https:\/\/upartpal.com\/wp-content\/uploads\/2025\/03\/426451-3-300x300.webp\" alt=\"Mod\u00e8les d&#039;agitateurs adapt\u00e9s aux lave-linge, Fisher &amp; Paykel\" width=\"600\" height=\"600\" srcset=\"https:\/\/upartpal.com\/wp-content\/uploads\/2025\/03\/426451-3-300x300.webp 300w, https:\/\/upartpal.com\/wp-content\/uploads\/2025\/03\/426451-3-1024x1024.webp 1024w, https:\/\/upartpal.com\/wp-content\/uploads\/2025\/03\/426451-3-150x150.webp 150w, https:\/\/upartpal.com\/wp-content\/uploads\/2025\/03\/426451-3-768x768.webp 768w, https:\/\/upartpal.com\/wp-content\/uploads\/2025\/03\/426451-3-1536x1536.webp 1536w, https:\/\/upartpal.com\/wp-content\/uploads\/2025\/03\/426451-3-600x600.webp 600w, https:\/\/upartpal.com\/wp-content\/uploads\/2025\/03\/426451-3-100x100.webp 100w, https:\/\/upartpal.com\/wp-content\/uploads\/2025\/03\/426451-3.webp 1600w\" sizes=\"(max-width: 600px) 100vw, 600px\" \/><\/p>\n<\/div>","protected":false},"excerpt":{"rendered":"<ul>\n<li>Marque : Upartpal<\/li>\n<li>Num\u00e9ro de mod\u00e8le : 426451P<\/li>\n<li>Num\u00e9ro de pi\u00e8ce : 426451P<\/li>\n<li>Poids approximatif\uff1a0,041 kg<\/li>\n<li>Taille approximative\uff1a\u03c690*70 mm<\/li>\n<li>Composants inclus : 2x FILTRE A POUSSES POUR FISHER &amp; PAYKEL<\/li>\n<\/ul>","protected":false},"featured_media":797,"comment_status":"open","ping_status":"closed","template":"","meta":{"_seopress_robots_primary_cat":"none","_seopress_titles_title":"Upgrade Your Washing Machine's Suspension with 424569P","_seopress_titles_desc":"Upgrade your washing machine's stability with the 424569P suspension rod. Made of stainless steel, it reduces noise and vibration for smoother operation.","_seopress_robots_index":""},"product_brand":[44],"product_cat":[34],"product_tag":[],"class_list":{"0":"post-795","1":"product","2":"type-product","3":"status-publish","4":"has-post-thumbnail","6":"product_brand-fisher-paykel","7":"product_cat-washing-machine-spare-parts","9":"first","10":"instock","11":"sale","12":"shipping-taxable","13":"purchasable","14":"product-type-simple"},"meta_box":[],"_links":{"self":[{"href":"https:\/\/upartpal.com\/fr\/wp-json\/wp\/v2\/product\/795","targetHints":{"allow":["GET"]}}],"collection":[{"href":"https:\/\/upartpal.com\/fr\/wp-json\/wp\/v2\/product"}],"about":[{"href":"https:\/\/upartpal.com\/fr\/wp-json\/wp\/v2\/types\/product"}],"replies":[{"embeddable":true,"href":"https:\/\/upartpal.com\/fr\/wp-json\/wp\/v2\/comments?post=795"}],"wp:featuredmedia":[{"embeddable":true,"href":"https:\/\/upartpal.com\/fr\/wp-json\/wp\/v2\/media\/797"}],"wp:attachment":[{"href":"https:\/\/upartpal.com\/fr\/wp-json\/wp\/v2\/media?parent=795"}],"wp:term":[{"taxonomy":"product_brand","embeddable":true,"href":"https:\/\/upartpal.com\/fr\/wp-json\/wp\/v2\/product_brand?post=795"},{"taxonomy":"product_cat","embeddable":true,"href":"https:\/\/upartpal.com\/fr\/wp-json\/wp\/v2\/product_cat?post=795"},{"taxonomy":"product_tag","embeddable":true,"href":"https:\/\/upartpal.com\/fr\/wp-json\/wp\/v2\/product_tag?post=795"}],"curies":[{"name":"wp","href":"https:\/\/api.w.org\/{rel}","templated":true}]}}