{"id":719,"date":"2025-03-26T06:28:41","date_gmt":"2025-03-26T06:28:41","guid":{"rendered":"https:\/\/upartpal.com\/?post_type=product&#038;p=719"},"modified":"2026-04-08T10:28:30","modified_gmt":"2026-04-08T10:28:30","slug":"fisher-paykel-modeles-424495p","status":"publish","type":"product","link":"https:\/\/upartpal.com\/fr\/product\/fisher-paykel-modeles-424495p\/","title":{"rendered":"Kit de suspension pour laveuse, 4 packs pour les mod\u00e8les Fisher &amp; Paykel -424495P"},"content":{"rendered":"<h3>Nom du produit<\/h3>\n<p class=\"break-words\">424495P Tige de suspension pour machine \u00e0 laver<\/p>\n<p><img fetchpriority=\"high\" decoding=\"async\" class=\"alignnone wp-image-723\" src=\"https:\/\/upartpal.com\/wp-content\/uploads\/2025\/03\/2-1-1-300x300.webp\" alt=\"Tiges et pi\u00e8ces de suspension pour lave-linge avec lave-linge.\" width=\"600\" height=\"600\" srcset=\"https:\/\/upartpal.com\/wp-content\/uploads\/2025\/03\/2-1-1-300x300.webp 300w, https:\/\/upartpal.com\/wp-content\/uploads\/2025\/03\/2-1-1-1024x1024.webp 1024w, https:\/\/upartpal.com\/wp-content\/uploads\/2025\/03\/2-1-1-150x150.webp 150w, https:\/\/upartpal.com\/wp-content\/uploads\/2025\/03\/2-1-1-768x768.webp 768w, https:\/\/upartpal.com\/wp-content\/uploads\/2025\/03\/2-1-1-1536x1536.webp 1536w, https:\/\/upartpal.com\/wp-content\/uploads\/2025\/03\/2-1-1-600x600.webp 600w, https:\/\/upartpal.com\/wp-content\/uploads\/2025\/03\/2-1-1-100x100.webp 100w, https:\/\/upartpal.com\/wp-content\/uploads\/2025\/03\/2-1-1.webp 1600w\" sizes=\"(max-width: 600px) 100vw, 600px\" \/><\/p>\n<h3>Caract\u00e9ristiques principales<\/h3>\n<ul class=\"marker:text-secondary\">\n<li class=\"break-words\"><strong>\u00c9paissie et am\u00e9lior\u00e9e<\/strong>: 0,2 pouce plus \u00e9pais que le mod\u00e8le standard, avec un diam\u00e8tre renforc\u00e9 pour une meilleure r\u00e9sistance.<\/li>\n<li class=\"break-words\"><strong>Mat\u00e9riau<\/strong>: Fabriqu\u00e9 en acier inoxydable, il garantit la durabilit\u00e9 et la r\u00e9sistance \u00e0 la rouille.<\/li>\n<li class=\"break-words\"><strong>Dimensions<\/strong>: La longueur de la tige de suspension est d'environ 26,37 pouces.<\/li>\n<li class=\"break-words\"><strong style=\"font-family: -apple-system, BlinkMacSystemFont, 'Segoe UI', Roboto, 'Helvetica Neue', Arial, 'Noto Sans', sans-serif, 'Apple Color Emoji', 'Segoe UI Emoji', 'Segoe UI Symbol', 'Noto Color Emoji';\">Ressort am\u00e9lior\u00e9<\/strong><span style=\"font-family: -apple-system, BlinkMacSystemFont, 'Segoe UI', Roboto, 'Helvetica Neue', Arial, 'Noto Sans', sans-serif, 'Apple Color Emoji', 'Segoe UI Emoji', 'Segoe UI Symbol', 'Noto Color Emoji';\">: \u00c9quip\u00e9 d'un ressort amortisseur \u00e0 haute r\u00e9sistance pour r\u00e9duire efficacement les vibrations et am\u00e9liorer la stabilit\u00e9 du lave-linge pendant son fonctionnement.<\/span><\/li>\n<\/ul>\n<p><img decoding=\"async\" class=\"alignnone wp-image-724\" src=\"https:\/\/upartpal.com\/wp-content\/uploads\/2025\/03\/2-3-300x300.webp\" alt=\"Amortisseurs de lave-linge en cours d&#039;utilisation, paquet de quatre.\" width=\"600\" height=\"600\" srcset=\"https:\/\/upartpal.com\/wp-content\/uploads\/2025\/03\/2-3-300x300.webp 300w, https:\/\/upartpal.com\/wp-content\/uploads\/2025\/03\/2-3-1024x1024.webp 1024w, https:\/\/upartpal.com\/wp-content\/uploads\/2025\/03\/2-3-150x150.webp 150w, https:\/\/upartpal.com\/wp-content\/uploads\/2025\/03\/2-3-768x768.webp 768w, https:\/\/upartpal.com\/wp-content\/uploads\/2025\/03\/2-3-1536x1536.webp 1536w, https:\/\/upartpal.com\/wp-content\/uploads\/2025\/03\/2-3-600x600.webp 600w, https:\/\/upartpal.com\/wp-content\/uploads\/2025\/03\/2-3-100x100.webp 100w, https:\/\/upartpal.com\/wp-content\/uploads\/2025\/03\/2-3.webp 1600w\" sizes=\"(max-width: 600px) 100vw, 600px\" \/><\/p>\n<h3>Compatibilit\u00e9<\/h3>\n<p>Compatible avec les mod\u00e8les de lave-linge Fisher &amp; Paykel suivants :<\/p>\n<ul class=\"marker:text-secondary\">\n<li class=\"break-words\">WL70T60DW1, WL70T60CW1, WL70T60CW2, WL80T65DW1, WL80T65CW1, WL80T65CW2, 93221-A, 93253-A, 93171-A, 93117-A, 93130-A, 93130-B, 93252-A, 93003-A, 93114-A, 93114-B, 93250-A, 93191-A, 93004-A, 93118-A, 93125-A, 93251-A, WL70T60CW, WL80T65DW, WL80T65C, WL70T60DW, WL70T60CW1, 93221-A, 93253-A, WL70T60CW2, 93171-A, WL70T60DW1, 93117-A, 93130-A, 93130-B, 93252-A, WL80T65CW1, 93003-A, 93114-A, 93114-B, 93250-A, WL80T65CW2, 93191-A, WL80T65DW1, 93004-A, 93118-A, 93125-A, 93251-A, WL70T60CW, WL80T65DW, WL80T65C, WL70T60DW, WL80T65CW1, WL42T26CW1, WL42T26DW1, WL42T26KW1, L37T26CW2, WL37T26DW1, WL37T26DW2, WL37T26KW2, WL26CW1, WL26CW2, WL37CW2, WL80T65CW1, 93220-8<\/li>\n<\/ul>\n<p><img decoding=\"async\" class=\"alignnone wp-image-725\" src=\"https:\/\/upartpal.com\/wp-content\/uploads\/2025\/03\/2-2-300x300.webp\" alt=\"Tailles des tiges d&#039;\u00e9tai de capot de voiture avec mesures d\u00e9taill\u00e9es.\" width=\"600\" height=\"600\" srcset=\"https:\/\/upartpal.com\/wp-content\/uploads\/2025\/03\/2-2-300x300.webp 300w, https:\/\/upartpal.com\/wp-content\/uploads\/2025\/03\/2-2-1024x1024.webp 1024w, https:\/\/upartpal.com\/wp-content\/uploads\/2025\/03\/2-2-150x150.webp 150w, https:\/\/upartpal.com\/wp-content\/uploads\/2025\/03\/2-2-768x768.webp 768w, https:\/\/upartpal.com\/wp-content\/uploads\/2025\/03\/2-2-1536x1536.webp 1536w, https:\/\/upartpal.com\/wp-content\/uploads\/2025\/03\/2-2-600x600.webp 600w, https:\/\/upartpal.com\/wp-content\/uploads\/2025\/03\/2-2-100x100.webp 100w, https:\/\/upartpal.com\/wp-content\/uploads\/2025\/03\/2-2.webp 1600w\" sizes=\"(max-width: 600px) 100vw, 600px\" \/><\/p>\n<h3>Avantages du produit<\/h3>\n<ul class=\"marker:text-secondary\">\n<li class=\"break-words\"><strong>Mat\u00e9riau de haute qualit\u00e9<\/strong>: Fabriqu\u00e9 en acier inoxydable pour une r\u00e9sistance \u00e0 la corrosion et des performances durables. Bien qu'il ne s'agisse pas d'un produit OEM, il r\u00e9pond \u00e0 des normes OEM strictes et a fait l'objet de tests approfondis pour garantir une adaptation parfaite aux tiges de suspension des lave-linge Fisher &amp; Paykel.<\/li>\n<li class=\"break-words\"><strong>Installation facile<\/strong>: Con\u00e7ue pour une installation simple et rapide, elle permet d'\u00e9conomiser du temps et des efforts.<\/li>\n<li class=\"break-words\"><strong>R\u00e9soudre les probl\u00e8mes courants<\/strong>: R\u00e9duit efficacement le d\u00e9s\u00e9quilibre, l'oscillation et le bruit excessif pendant le fonctionnement, offrant un soutien et une stabilit\u00e9 fiables pour un fonctionnement r\u00e9gulier de la machine \u00e0 laver.<\/li>\n<\/ul>\n<p><img loading=\"lazy\" decoding=\"async\" class=\"alignnone wp-image-715\" src=\"https:\/\/upartpal.com\/wp-content\/uploads\/2025\/03\/5-300x300.webp\" alt=\"Avertissement : risque de choc \u00e9lectrique lors de l&#039;installation.\" width=\"600\" height=\"600\" srcset=\"https:\/\/upartpal.com\/wp-content\/uploads\/2025\/03\/5-300x300.webp 300w, https:\/\/upartpal.com\/wp-content\/uploads\/2025\/03\/5-1024x1024.webp 1024w, https:\/\/upartpal.com\/wp-content\/uploads\/2025\/03\/5-150x150.webp 150w, https:\/\/upartpal.com\/wp-content\/uploads\/2025\/03\/5-768x768.webp 768w, https:\/\/upartpal.com\/wp-content\/uploads\/2025\/03\/5-1536x1536.webp 1536w, https:\/\/upartpal.com\/wp-content\/uploads\/2025\/03\/5-600x600.webp 600w, https:\/\/upartpal.com\/wp-content\/uploads\/2025\/03\/5-100x100.webp 100w, https:\/\/upartpal.com\/wp-content\/uploads\/2025\/03\/5.webp 1600w\" sizes=\"(max-width: 600px) 100vw, 600px\" \/><\/p>","protected":false},"excerpt":{"rendered":"<ul>\n<li>Marque : Upartpal<\/li>\n<li>Num\u00e9ro de mod\u00e8le : 424495P<\/li>\n<li>Num\u00e9ro de pi\u00e8ce : 424495P<\/li>\n<li>Dimensions du produit : 27 x 5 x 3.5 pouces<\/li>\n<li>Poids de l'article : 3,09 livres<\/li>\n<li>Composants inclus : 424495P Kit de tige de suspension de rondelle 4 packs<\/li>\n<\/ul>","protected":false},"featured_media":720,"comment_status":"open","ping_status":"closed","template":"","meta":{"_seopress_robots_primary_cat":"none","_seopress_titles_title":"Upgrade Your Washer: 424495P Suspension Rods","_seopress_titles_desc":"Upgrade your Fisher & Paykel washer with our 424495P rod\u2014thickened, stainless steel for durability, reducing noise and imbalance. Easy to install!","_seopress_robots_index":""},"product_brand":[44],"product_cat":[34],"product_tag":[],"class_list":{"0":"post-719","1":"product","2":"type-product","3":"status-publish","4":"has-post-thumbnail","6":"product_brand-fisher-paykel","7":"product_cat-washing-machine-spare-parts","9":"first","10":"instock","11":"sale","12":"shipping-taxable","13":"purchasable","14":"product-type-simple"},"meta_box":[],"_links":{"self":[{"href":"https:\/\/upartpal.com\/fr\/wp-json\/wp\/v2\/product\/719","targetHints":{"allow":["GET"]}}],"collection":[{"href":"https:\/\/upartpal.com\/fr\/wp-json\/wp\/v2\/product"}],"about":[{"href":"https:\/\/upartpal.com\/fr\/wp-json\/wp\/v2\/types\/product"}],"replies":[{"embeddable":true,"href":"https:\/\/upartpal.com\/fr\/wp-json\/wp\/v2\/comments?post=719"}],"wp:featuredmedia":[{"embeddable":true,"href":"https:\/\/upartpal.com\/fr\/wp-json\/wp\/v2\/media\/720"}],"wp:attachment":[{"href":"https:\/\/upartpal.com\/fr\/wp-json\/wp\/v2\/media?parent=719"}],"wp:term":[{"taxonomy":"product_brand","embeddable":true,"href":"https:\/\/upartpal.com\/fr\/wp-json\/wp\/v2\/product_brand?post=719"},{"taxonomy":"product_cat","embeddable":true,"href":"https:\/\/upartpal.com\/fr\/wp-json\/wp\/v2\/product_cat?post=719"},{"taxonomy":"product_tag","embeddable":true,"href":"https:\/\/upartpal.com\/fr\/wp-json\/wp\/v2\/product_tag?post=719"}],"curies":[{"name":"wp","href":"https:\/\/api.w.org\/{rel}","templated":true}]}}