{"id":543,"date":"2025-03-22T21:00:15","date_gmt":"2025-03-22T21:00:15","guid":{"rendered":"https:\/\/upartpal.com\/product\/temporibus-temporibus-corporis-est-dolor-quia\/"},"modified":"2026-01-30T00:48:57","modified_gmt":"2026-01-30T00:48:57","slug":"fisher-paykel-modeles-424569p","status":"publish","type":"product","link":"https:\/\/upartpal.com\/fr\/product\/fisher-paykel-modeles-424569p\/","title":{"rendered":"Kit de suspension pour laveuse, 4 packs pour les mod\u00e8les Fisher &amp; Paykel -424569P"},"content":{"rendered":"<h3>Nom du produit<\/h3>\n<p class=\"break-words\">424569P Tige de suspension pour machine \u00e0 laver<\/p>\n<p><img fetchpriority=\"high\" decoding=\"async\" class=\"alignnone wp-image-712\" src=\"https:\/\/upartpal.com\/wp-content\/uploads\/2025\/03\/1-300x300.webp\" alt=\"Kit de remplacement des tiges de suspension pour lave-linge.\" width=\"600\" height=\"600\" srcset=\"https:\/\/upartpal.com\/wp-content\/uploads\/2025\/03\/1-300x300.webp 300w, https:\/\/upartpal.com\/wp-content\/uploads\/2025\/03\/1-1024x1024.webp 1024w, https:\/\/upartpal.com\/wp-content\/uploads\/2025\/03\/1-150x150.webp 150w, https:\/\/upartpal.com\/wp-content\/uploads\/2025\/03\/1-768x768.webp 768w, https:\/\/upartpal.com\/wp-content\/uploads\/2025\/03\/1-1536x1536.webp 1536w, https:\/\/upartpal.com\/wp-content\/uploads\/2025\/03\/1-600x600.webp 600w, https:\/\/upartpal.com\/wp-content\/uploads\/2025\/03\/1-100x100.webp 100w, https:\/\/upartpal.com\/wp-content\/uploads\/2025\/03\/1.webp 1600w\" sizes=\"(max-width: 600px) 100vw, 600px\" \/><\/p>\n<h3>Caract\u00e9ristiques principales<\/h3>\n<ul class=\"marker:text-secondary\">\n<li class=\"break-words\"><strong>\u00c9paissie et am\u00e9lior\u00e9e<\/strong>: 0,2 pouce plus \u00e9pais que le mod\u00e8le standard, avec un diam\u00e8tre renforc\u00e9 pour une meilleure r\u00e9sistance.<\/li>\n<li class=\"break-words\"><strong>Mat\u00e9riau<\/strong>: Fabriqu\u00e9 en acier inoxydable, il garantit la durabilit\u00e9 et la r\u00e9sistance \u00e0 la rouille.<\/li>\n<li class=\"break-words\"><strong>Dimensions<\/strong>: La longueur de la tige de suspension est d'environ 26,37 pouces.<\/li>\n<li class=\"break-words\"><strong style=\"font-family: -apple-system, BlinkMacSystemFont, 'Segoe UI', Roboto, 'Helvetica Neue', Arial, 'Noto Sans', sans-serif, 'Apple Color Emoji', 'Segoe UI Emoji', 'Segoe UI Symbol', 'Noto Color Emoji';\">Ressort am\u00e9lior\u00e9<\/strong><span style=\"font-family: -apple-system, BlinkMacSystemFont, 'Segoe UI', Roboto, 'Helvetica Neue', Arial, 'Noto Sans', sans-serif, 'Apple Color Emoji', 'Segoe UI Emoji', 'Segoe UI Symbol', 'Noto Color Emoji';\">: \u00c9quip\u00e9 d'un ressort amortisseur \u00e0 haute r\u00e9sistance pour r\u00e9duire efficacement les vibrations et am\u00e9liorer la stabilit\u00e9 du lave-linge pendant son fonctionnement.<\/span><\/li>\n<\/ul>\n<p><img decoding=\"async\" class=\"alignnone wp-image-713\" src=\"https:\/\/upartpal.com\/wp-content\/uploads\/2025\/03\/3-300x300.webp\" alt=\"Quatre tiges de suspension \u00e0 rondelles, en acier inoxydable, pour l&#039;absorption des chocs.\" width=\"600\" height=\"600\" srcset=\"https:\/\/upartpal.com\/wp-content\/uploads\/2025\/03\/3-300x300.webp 300w, https:\/\/upartpal.com\/wp-content\/uploads\/2025\/03\/3-1024x1024.webp 1024w, https:\/\/upartpal.com\/wp-content\/uploads\/2025\/03\/3-150x150.webp 150w, https:\/\/upartpal.com\/wp-content\/uploads\/2025\/03\/3-768x768.webp 768w, https:\/\/upartpal.com\/wp-content\/uploads\/2025\/03\/3-1536x1536.webp 1536w, https:\/\/upartpal.com\/wp-content\/uploads\/2025\/03\/3-600x600.webp 600w, https:\/\/upartpal.com\/wp-content\/uploads\/2025\/03\/3-100x100.webp 100w, https:\/\/upartpal.com\/wp-content\/uploads\/2025\/03\/3.webp 1600w\" sizes=\"(max-width: 600px) 100vw, 600px\" \/><\/p>\n<h3>Compatibilit\u00e9<\/h3>\n<p>Compatible avec les mod\u00e8les de lave-linge Fisher &amp; Paykel suivants :<\/p>\n<ul class=\"marker:text-secondary\">\n<li class=\"break-words\">WL42T26DW1-96198A, WL42T26DW1-96178B, WL42T26DW1-96178A, WL26CW1-96215B<\/li>\n<li class=\"break-words\">WL37T26DW1-96125A, WL26CW2-96114A, WL37T26CW2-96109A, WL37T26DW2-96113A<\/li>\n<li class=\"break-words\">WL26CW1-96215A, WL26CW2, WL37T26KW2-96104A, WL42T26KW1-96174A<\/li>\n<li class=\"break-words\">WL42T26CW1-96176A, WL42T26CW1-96176B, WL42T26CW1-96196A<\/li>\n<li class=\"break-words\">Autres mod\u00e8les compatibles :\n<ul class=\"marker:text-secondary\">\n<li class=\"break-words\">WL8060P1 (92111-A), WL4227J1 (96208-A), WL4227P1 (96207-A), WA4127G1 (96212-A)<\/li>\n<li class=\"break-words\">WA8060P1 (92147-A), WA8060E1 (92168-A), WA8060G1 (92176-A), WA7060E1 (92217-A)<\/li>\n<li class=\"break-words\">WA7060G1, WA8560E1 (92233-A), WA8560G1 (93232-A), WA1068G1<\/li>\n<\/ul>\n<\/li>\n<\/ul>\n<p><img decoding=\"async\" class=\"alignnone wp-image-714\" src=\"https:\/\/upartpal.com\/wp-content\/uploads\/2025\/03\/4-300x300.webp\" alt=\"Les tiges de suspension \u00e0 rondelles permettent de r\u00e9soudre les probl\u00e8mes de vibration et de bruit.\" width=\"600\" height=\"600\" srcset=\"https:\/\/upartpal.com\/wp-content\/uploads\/2025\/03\/4-300x300.webp 300w, https:\/\/upartpal.com\/wp-content\/uploads\/2025\/03\/4-1024x1024.webp 1024w, https:\/\/upartpal.com\/wp-content\/uploads\/2025\/03\/4-150x150.webp 150w, https:\/\/upartpal.com\/wp-content\/uploads\/2025\/03\/4-768x768.webp 768w, https:\/\/upartpal.com\/wp-content\/uploads\/2025\/03\/4-1536x1536.webp 1536w, https:\/\/upartpal.com\/wp-content\/uploads\/2025\/03\/4-600x600.webp 600w, https:\/\/upartpal.com\/wp-content\/uploads\/2025\/03\/4-100x100.webp 100w, https:\/\/upartpal.com\/wp-content\/uploads\/2025\/03\/4.webp 1600w\" sizes=\"(max-width: 600px) 100vw, 600px\" \/><\/p>\n<h3>Num\u00e9ros de pi\u00e8ces de rechange<\/h3>\n<p class=\"break-words\">424569P, 421841P, 1880882<\/p>\n<h3>Avantages du produit<\/h3>\n<ul class=\"marker:text-secondary\">\n<li class=\"break-words\"><strong>Mat\u00e9riau de haute qualit\u00e9<\/strong>: Fabriqu\u00e9 en acier inoxydable pour une r\u00e9sistance \u00e0 la corrosion et des performances durables. Bien qu'il ne s'agisse pas d'un produit OEM, il r\u00e9pond \u00e0 des normes OEM strictes et a fait l'objet de tests approfondis pour garantir une adaptation parfaite aux tiges de suspension des lave-linge Fisher &amp; Paykel.<\/li>\n<li class=\"break-words\"><strong>Installation facile<\/strong>: Con\u00e7ue pour une installation simple et rapide, elle permet d'\u00e9conomiser du temps et des efforts.<\/li>\n<li class=\"break-words\"><strong>R\u00e9soudre les probl\u00e8mes courants<\/strong>: R\u00e9duit efficacement le d\u00e9s\u00e9quilibre, l'oscillation et le bruit excessif pendant le fonctionnement, offrant un soutien et une stabilit\u00e9 fiables pour un fonctionnement r\u00e9gulier de la machine \u00e0 laver.<\/li>\n<\/ul>\n<p><img loading=\"lazy\" decoding=\"async\" class=\"alignnone wp-image-716\" src=\"https:\/\/upartpal.com\/wp-content\/uploads\/2025\/03\/2-300x300.webp\" alt=\"Dimensions du produit avec les mesures du ressort et de la poign\u00e9e.\" width=\"600\" height=\"600\" srcset=\"https:\/\/upartpal.com\/wp-content\/uploads\/2025\/03\/2-300x300.webp 300w, https:\/\/upartpal.com\/wp-content\/uploads\/2025\/03\/2-1024x1024.webp 1024w, https:\/\/upartpal.com\/wp-content\/uploads\/2025\/03\/2-150x150.webp 150w, https:\/\/upartpal.com\/wp-content\/uploads\/2025\/03\/2-768x768.webp 768w, https:\/\/upartpal.com\/wp-content\/uploads\/2025\/03\/2-1536x1536.webp 1536w, https:\/\/upartpal.com\/wp-content\/uploads\/2025\/03\/2-600x600.webp 600w, https:\/\/upartpal.com\/wp-content\/uploads\/2025\/03\/2-100x100.webp 100w, https:\/\/upartpal.com\/wp-content\/uploads\/2025\/03\/2.webp 1600w\" sizes=\"(max-width: 600px) 100vw, 600px\" \/><\/p>\n<h3>Remarques importantes<\/h3>\n<p>La tige de suspension 424569P pour machine \u00e0 laver est <strong>non compatible<\/strong> avec les codes produits suivants :<\/p>\n<ul class=\"marker:text-secondary\">\n<li class=\"break-words\">92263-B, 92264-B, 93264-B, 92266-B, 92262-B, 93262-B, 93265-B<\/li>\n<\/ul>\n<p><img loading=\"lazy\" decoding=\"async\" class=\"alignnone wp-image-715\" src=\"https:\/\/upartpal.com\/wp-content\/uploads\/2025\/03\/5-300x300.webp\" alt=\"Avertissement : risque de choc \u00e9lectrique lors de l&#039;installation.\" width=\"600\" height=\"600\" srcset=\"https:\/\/upartpal.com\/wp-content\/uploads\/2025\/03\/5-300x300.webp 300w, https:\/\/upartpal.com\/wp-content\/uploads\/2025\/03\/5-1024x1024.webp 1024w, https:\/\/upartpal.com\/wp-content\/uploads\/2025\/03\/5-150x150.webp 150w, https:\/\/upartpal.com\/wp-content\/uploads\/2025\/03\/5-768x768.webp 768w, https:\/\/upartpal.com\/wp-content\/uploads\/2025\/03\/5-1536x1536.webp 1536w, https:\/\/upartpal.com\/wp-content\/uploads\/2025\/03\/5-600x600.webp 600w, https:\/\/upartpal.com\/wp-content\/uploads\/2025\/03\/5-100x100.webp 100w, https:\/\/upartpal.com\/wp-content\/uploads\/2025\/03\/5.webp 1600w\" sizes=\"(max-width: 600px) 100vw, 600px\" \/><\/p>","protected":false},"excerpt":{"rendered":"<ul>\n<li>Marque : Upartpal<\/li>\n<li>Num\u00e9ro de mod\u00e8le : 424569P<\/li>\n<li>Num\u00e9ro de pi\u00e8ce : 424569P<\/li>\n<li>Dimensions du produit : 27 x 5 x 3.5 pouces<\/li>\n<li>Poids de l'article : 3,09 livres<\/li>\n<li>Composants inclus : 424569P Kit de tige de suspension de rondelle 4 packs<\/li>\n<\/ul>","protected":false},"featured_media":688,"comment_status":"open","ping_status":"closed","template":"","meta":{"_seopress_robots_primary_cat":"none","_seopress_titles_title":"Upgrade Your Washing Machine's Suspension with 424569P","_seopress_titles_desc":"Upgrade your washing machine's stability with the 424569P suspension rod. Made of stainless steel, it reduces noise and vibration for smoother operation.","_seopress_robots_index":""},"product_brand":[44],"product_cat":[34],"product_tag":[],"class_list":{"0":"post-543","1":"product","2":"type-product","3":"status-publish","4":"has-post-thumbnail","6":"product_brand-fisher-paykel","7":"product_cat-washing-machine-spare-parts","9":"first","10":"instock","11":"sale","12":"shipping-taxable","13":"purchasable","14":"product-type-simple"},"meta_box":[],"_links":{"self":[{"href":"https:\/\/upartpal.com\/fr\/wp-json\/wp\/v2\/product\/543","targetHints":{"allow":["GET"]}}],"collection":[{"href":"https:\/\/upartpal.com\/fr\/wp-json\/wp\/v2\/product"}],"about":[{"href":"https:\/\/upartpal.com\/fr\/wp-json\/wp\/v2\/types\/product"}],"replies":[{"embeddable":true,"href":"https:\/\/upartpal.com\/fr\/wp-json\/wp\/v2\/comments?post=543"}],"wp:featuredmedia":[{"embeddable":true,"href":"https:\/\/upartpal.com\/fr\/wp-json\/wp\/v2\/media\/688"}],"wp:attachment":[{"href":"https:\/\/upartpal.com\/fr\/wp-json\/wp\/v2\/media?parent=543"}],"wp:term":[{"taxonomy":"product_brand","embeddable":true,"href":"https:\/\/upartpal.com\/fr\/wp-json\/wp\/v2\/product_brand?post=543"},{"taxonomy":"product_cat","embeddable":true,"href":"https:\/\/upartpal.com\/fr\/wp-json\/wp\/v2\/product_cat?post=543"},{"taxonomy":"product_tag","embeddable":true,"href":"https:\/\/upartpal.com\/fr\/wp-json\/wp\/v2\/product_tag?post=543"}],"curies":[{"name":"wp","href":"https:\/\/api.w.org\/{rel}","templated":true}]}}