{"id":988,"date":"2025-04-22T02:36:43","date_gmt":"2025-04-22T02:36:43","guid":{"rendered":"https:\/\/upartpal.com\/?post_type=product&#038;p=988"},"modified":"2026-04-08T10:28:45","modified_gmt":"2026-04-08T10:28:45","slug":"kit-de-acoplamiento-de-motor-con-nucleo-metalico","status":"publish","type":"product","link":"https:\/\/upartpal.com\/es\/product\/kit-de-acoplamiento-de-motor-con-nucleo-metalico\/","title":{"rendered":"METAL Core Motor Coupling Kit for Kenmore Whirlpool Washers Parts-285753A"},"content":{"rendered":"<h3>Nombre del producto<\/h3>\n<p class=\"break-words\">METAL Core Motor Coupling Kit for Kenmore Whirlpool Washers Parts-285753A<\/p>\n<figure id=\"attachment_990\" aria-describedby=\"caption-attachment-990\" style=\"width: 600px\" class=\"wp-caption alignnone\"><img fetchpriority=\"high\" decoding=\"async\" class=\"wp-image-990\" src=\"https:\/\/upartpal.com\/wp-content\/uploads\/2025\/04\/METAL-Core-Motor-Coupling-Kit-1-1024x1024.webp\" alt=\"Agitador de lavadora apto para varias marcas.\" width=\"600\" height=\"600\" \/><figcaption id=\"caption-attachment-990\" class=\"wp-caption-text\">Kit de acoplamiento del motor METAL Core<\/figcaption><\/figure>\n<div>\n<h3 dir=\"ltr\" data-pm-slice=\"1 3 []\">Caracter\u00edsticas principales<\/h3>\n<ul class=\"tight\" dir=\"ltr\" data-tight=\"true\">\n<li>\n<p dir=\"ltr\"><strong>Ajuste perfecto<\/strong>: Dise\u00f1ado para proporcionar una conexi\u00f3n amortiguada entre la transmisi\u00f3n y el eje del motor.<\/p>\n<\/li>\n<li>\n<p dir=\"ltr\"><strong>Componentes<\/strong>: Incluye 2 acoplamientos de motor de pl\u00e1stico y 1 aislamiento de motor para un rendimiento fiable.<\/p>\n<\/li>\n<li>\n<p dir=\"ltr\"><strong>Material de alta calidad<\/strong>: Fabricado en pl\u00e1stico resistente con un n\u00facleo de metal mejorado para una mayor resistencia y longevidad.<\/p>\n<\/li>\n<li>\n<p dir=\"ltr\"><strong>Seguro y respetuoso con el medio ambiente<\/strong>: No contiene productos qu\u00edmicos nocivos, lo que garantiza un uso seguro.<\/p>\n<\/li>\n<\/ul>\n<\/div>\n<figure id=\"attachment_991\" aria-describedby=\"caption-attachment-991\" style=\"width: 600px\" class=\"wp-caption alignnone\"><img decoding=\"async\" class=\"wp-image-991\" src=\"https:\/\/upartpal.com\/wp-content\/uploads\/2025\/04\/METAL-Core-Motor-Coupling-Kit-for-Kenmore-Whirlpool-Washers-Part-1024x1024.webp\" alt=\"Materiales de alta calidad: componentes de metal, pl\u00e1stico y caucho.\" width=\"600\" height=\"600\" \/><figcaption id=\"caption-attachment-991\" class=\"wp-caption-text\">Kit de Acoplamiento de Motor con N\u00facleo de METAL para Lavadoras Kenmore Whirlpool Pieza<\/figcaption><\/figure>\n<h3 dir=\"ltr\" data-pm-slice=\"1 1 []\">N\u00fameros de pieza de recambio<\/h3>\n<p dir=\"ltr\">285753A, 1195967, 21003, 280152, 285140, 285743, 285753, 285753AVP, 3352470, 3363664, 3364002, 3364003, 62672, 62693, 661560, 80008, 8559748, AP3963893, PS1485646, AH1485646, EA1485646, ER285753, SB285753A<\/p>\n<figure id=\"attachment_993\" aria-describedby=\"caption-attachment-993\" style=\"width: 600px\" class=\"wp-caption alignnone\"><img decoding=\"async\" class=\"wp-image-993\" src=\"https:\/\/upartpal.com\/wp-content\/uploads\/2025\/04\/METAL-Core-Motor-Coupling-Kit-for-Kenmore-Whirlpool-Washers-Parts.webp\" alt=\"Acoplamiento de motor de lavadora universal compatible con las principales marcas.\" width=\"600\" height=\"588\" srcset=\"https:\/\/upartpal.com\/wp-content\/uploads\/2025\/04\/METAL-Core-Motor-Coupling-Kit-for-Kenmore-Whirlpool-Washers-Parts.webp 992w, https:\/\/upartpal.com\/wp-content\/uploads\/2025\/04\/METAL-Core-Motor-Coupling-Kit-for-Kenmore-Whirlpool-Washers-Parts-300x294.webp 300w, https:\/\/upartpal.com\/wp-content\/uploads\/2025\/04\/METAL-Core-Motor-Coupling-Kit-for-Kenmore-Whirlpool-Washers-Parts-768x753.webp 768w, https:\/\/upartpal.com\/wp-content\/uploads\/2025\/04\/METAL-Core-Motor-Coupling-Kit-for-Kenmore-Whirlpool-Washers-Parts-12x12.webp 12w, https:\/\/upartpal.com\/wp-content\/uploads\/2025\/04\/METAL-Core-Motor-Coupling-Kit-for-Kenmore-Whirlpool-Washers-Parts-600x588.webp 600w\" sizes=\"(max-width: 600px) 100vw, 600px\" \/><figcaption id=\"caption-attachment-993\" class=\"wp-caption-text\">METAL Core Motor Coupling Kit for Kenmore Whirlpool Washers Parts<\/figcaption><\/figure>\n<h3>Compatibilidad<\/h3>\n<p dir=\"ltr\" data-pm-slice=\"1 5 []\">Compatible con la mayor\u00eda de las lavadoras de primeras marcas, incluidas:<\/p>\n<ul class=\"tight\" dir=\"ltr\" data-tight=\"true\">\n<li>\n<p dir=\"ltr\">Whirlpool, Kenmore, KitchenAid, Roper, Estate, Inglis, Crosley, Amana, Maytag, Admiral, General Electric, Magic Chef<\/p>\n<\/li>\n<li>\n<p dir=\"ltr\">Sustituye a los n\u00fameros de pieza:<\/p>\n<ul class=\"tight\" dir=\"ltr\" data-tight=\"true\">\n<li>\n<p dir=\"ltr\">1195967, 21003, 280152, 285140, 285743, 285753, 285753AVP<\/p>\n<\/li>\n<li>3352470, 3363664, 3364002, 3364003, 62672, 62693, 661560, 80008, 8559748<\/li>\n<li>\n<p dir=\"ltr\">AP3963893, PS1485646, AH1485646, EA1485646, ER285753, SB285753A<\/p>\n<\/li>\n<\/ul>\n<\/li>\n<\/ul>\n<figure id=\"attachment_992\" aria-describedby=\"caption-attachment-992\" style=\"width: 600px\" class=\"wp-caption alignnone\"><img loading=\"lazy\" decoding=\"async\" class=\"wp-image-992\" src=\"https:\/\/upartpal.com\/wp-content\/uploads\/2025\/04\/METAL-Core-Motor-Coupling-Kit-for-Kenmore-Whirlpool-Washers-Parts-285753A-1024x1011.webp\" alt=\"Comparaci\u00f3n de piezas duraderas y endebles.\" width=\"600\" height=\"593\" \/><figcaption id=\"caption-attachment-992\" class=\"wp-caption-text\">METAL Core Motor Coupling Kit for Kenmore Whirlpool Washers Parts-285753A<\/figcaption><\/figure>\n<div>\n<h3 dir=\"ltr\" data-pm-slice=\"1 3 []\">Ventajas del producto<\/h3>\n<ul class=\"tight\" dir=\"ltr\" data-tight=\"true\">\n<li>\n<p dir=\"ltr\"><strong>Construcci\u00f3n de alta calidad<\/strong>: Fabricado en pl\u00e1stico resistente con n\u00facleo met\u00e1lico, cumple las normas de los fabricantes de equipos originales en cuanto a durabilidad y rendimiento eficaz.<\/p>\n<\/li>\n<li>\n<p dir=\"ltr\"><strong>F\u00e1cil instalaci\u00f3n<\/strong>: S\u00f3lo requiere un destornillador plano, un destornillador de tuerca de un cuarto de pulgada y un destornillador Phillips, por lo que es f\u00e1cil de usar para reparaciones de bricolaje.<\/p>\n<\/li>\n<li>\n<p dir=\"ltr\"><strong>Resuelve problemas comunes<\/strong>: Soluciona s\u00edntomas como que la lavadora bombee pero no gire, no agite, haga demasiado ruido o gire lentamente, garantizando un funcionamiento sin problemas.<\/p>\n<\/li>\n<li>\n<p dir=\"ltr\"><strong>Rentable<\/strong>: Una soluci\u00f3n asequible para reparar su lavadora, ahorrando tiempo y dinero en comparaci\u00f3n con los servicios profesionales o la sustituci\u00f3n.<\/p>\n<p><figure id=\"attachment_994\" aria-describedby=\"caption-attachment-994\" style=\"width: 600px\" class=\"wp-caption alignnone\"><img loading=\"lazy\" decoding=\"async\" class=\"wp-image-994\" src=\"https:\/\/upartpal.com\/wp-content\/uploads\/2025\/04\/285753A-Direct-Drive-Motor-Coupling-Kit--1024x977.webp\" alt=\"Cuatro amortiguadores de montaje de aparatos, en blanco y negro.\" width=\"600\" height=\"572\" srcset=\"https:\/\/upartpal.com\/wp-content\/uploads\/2025\/04\/285753A-Direct-Drive-Motor-Coupling-Kit--1024x977.webp 1024w, https:\/\/upartpal.com\/wp-content\/uploads\/2025\/04\/285753A-Direct-Drive-Motor-Coupling-Kit--300x286.webp 300w, https:\/\/upartpal.com\/wp-content\/uploads\/2025\/04\/285753A-Direct-Drive-Motor-Coupling-Kit--768x733.webp 768w, https:\/\/upartpal.com\/wp-content\/uploads\/2025\/04\/285753A-Direct-Drive-Motor-Coupling-Kit--13x12.webp 13w, https:\/\/upartpal.com\/wp-content\/uploads\/2025\/04\/285753A-Direct-Drive-Motor-Coupling-Kit--600x572.webp 600w, https:\/\/upartpal.com\/wp-content\/uploads\/2025\/04\/285753A-Direct-Drive-Motor-Coupling-Kit-.webp 1500w\" sizes=\"(max-width: 600px) 100vw, 600px\" \/><figcaption id=\"caption-attachment-994\" class=\"wp-caption-text\">285753A Kit de acoplamiento del motor de transmisi\u00f3n directa<\/figcaption><\/figure><\/li>\n<\/ul>\n<h3 dir=\"ltr\">Notas importantes<\/h3>\n<ul class=\"tight\" dir=\"ltr\" data-tight=\"true\">\n<li>\n<p dir=\"ltr\"><strong>Verificaci\u00f3n de modelos<\/strong>: Compruebe el n\u00famero de modelo de su lavadora antes de realizar el pedido para garantizar la compatibilidad. P\u00f3ngase en contacto con nuestro equipo de asistencia con su n\u00famero de modelo para confirmarlo.<\/p>\n<\/li>\n<li>\n<p dir=\"ltr\"><strong>Precauciones de seguridad<\/strong>: Desenchufe la lavadora antes de la instalaci\u00f3n y use guantes de trabajo para proteger sus manos.<\/p>\n<\/li>\n<li>\n<p dir=\"ltr\"><strong>Modelos no compatibles<\/strong>: Confirme que su modelo no est\u00e1 excluido; p\u00f3ngase en contacto con nosotros si tiene alguna duda sobre el ajuste.<\/p>\n<\/li>\n<\/ul>\n<\/div>","protected":false},"excerpt":{"rendered":"<ul>\n<li>Marca: Upartpal<\/li>\n<li>N\u00famero de art\u00edculo: 285753A 1195967 285753AVP PS1485646<\/li>\n<li>N\u00famero de pieza: 285753A<\/li>\n<li>Dimensiones del producto: 5 x 4 x 0,7 pulgadas<\/li>\n<li>Peso del art\u00edculo: 1,6 onzas<\/li>\n<li>Componentes incluidos: Acoplador del motor de la lavadora 285753A, que incluye 2 acoplamientos de motor de pl\u00e1stico y 1 aislamiento del motor.<\/li>\n<\/ul>","protected":false},"featured_media":989,"comment_status":"open","ping_status":"closed","template":"","meta":{"_seopress_robots_primary_cat":"none","_seopress_titles_title":"Durable Metal Core Motor Coupling Kit for Washers","_seopress_titles_desc":"Enhance washer efficiency with durable METAL Core Motor Coupling Kit for Kenmore Whirlpool. Solve spinning, noise issues easily. Compatible with top brands.","_seopress_robots_index":""},"product_brand":[45,46],"product_cat":[34],"product_tag":[],"class_list":{"0":"post-988","1":"product","2":"type-product","3":"status-publish","4":"has-post-thumbnail","6":"product_brand-kenmore","7":"product_brand-whirlpool","8":"product_cat-washing-machine-spare-parts","10":"first","11":"instock","12":"sale","13":"shipping-taxable","14":"purchasable","15":"product-type-simple"},"meta_box":[],"_links":{"self":[{"href":"https:\/\/upartpal.com\/es\/wp-json\/wp\/v2\/product\/988","targetHints":{"allow":["GET"]}}],"collection":[{"href":"https:\/\/upartpal.com\/es\/wp-json\/wp\/v2\/product"}],"about":[{"href":"https:\/\/upartpal.com\/es\/wp-json\/wp\/v2\/types\/product"}],"replies":[{"embeddable":true,"href":"https:\/\/upartpal.com\/es\/wp-json\/wp\/v2\/comments?post=988"}],"wp:featuredmedia":[{"embeddable":true,"href":"https:\/\/upartpal.com\/es\/wp-json\/wp\/v2\/media\/989"}],"wp:attachment":[{"href":"https:\/\/upartpal.com\/es\/wp-json\/wp\/v2\/media?parent=988"}],"wp:term":[{"taxonomy":"product_brand","embeddable":true,"href":"https:\/\/upartpal.com\/es\/wp-json\/wp\/v2\/product_brand?post=988"},{"taxonomy":"product_cat","embeddable":true,"href":"https:\/\/upartpal.com\/es\/wp-json\/wp\/v2\/product_cat?post=988"},{"taxonomy":"product_tag","embeddable":true,"href":"https:\/\/upartpal.com\/es\/wp-json\/wp\/v2\/product_tag?post=988"}],"curies":[{"name":"wp","href":"https:\/\/api.w.org\/{rel}","templated":true}]}}