{"id":795,"date":"2025-03-27T08:23:16","date_gmt":"2025-03-27T08:23:16","guid":{"rendered":"https:\/\/upartpal.com\/?post_type=product&#038;p=795"},"modified":"2026-04-08T10:28:12","modified_gmt":"2026-04-08T10:28:12","slug":"2x-filtro-de-pelusas-para-fisher-paykel-426451p","status":"publish","type":"product","link":"https:\/\/upartpal.com\/es\/product\/2x-filtro-de-pelusas-para-fisher-paykel-426451p\/","title":{"rendered":"2x FILTRO DE PINTURA PARA FISHER &amp; PAYKEL-426451P"},"content":{"rendered":"<h3>Productos<\/h3>\n<ul class=\"marker:text-secondary\">\n<li class=\"break-words\"><strong>Nombre<\/strong>: 426451P 2x Filtro de pelusa para Fisher &amp; Paykel FabricSmart WA70T60FW1 Top-Loader<\/li>\n<li class=\"break-words\"><strong>Descripci\u00f3n<\/strong>: Este es un juego de dos filtros de pelusa espec\u00edficamente dise\u00f1ados para lavadoras de carga superior Fisher &amp; Paykel.<\/li>\n<\/ul>\n<p><img fetchpriority=\"high\" decoding=\"async\" class=\"alignnone wp-image-798\" src=\"https:\/\/upartpal.com\/wp-content\/uploads\/2025\/03\/426451-2-300x300.webp\" alt=\"Dos filtros de pelusa de carga superior\" width=\"600\" height=\"600\" srcset=\"https:\/\/upartpal.com\/wp-content\/uploads\/2025\/03\/426451-2-300x300.webp 300w, https:\/\/upartpal.com\/wp-content\/uploads\/2025\/03\/426451-2-1024x1024.webp 1024w, https:\/\/upartpal.com\/wp-content\/uploads\/2025\/03\/426451-2-150x150.webp 150w, https:\/\/upartpal.com\/wp-content\/uploads\/2025\/03\/426451-2-768x768.webp 768w, https:\/\/upartpal.com\/wp-content\/uploads\/2025\/03\/426451-2-1536x1536.webp 1536w, https:\/\/upartpal.com\/wp-content\/uploads\/2025\/03\/426451-2-600x600.webp 600w, https:\/\/upartpal.com\/wp-content\/uploads\/2025\/03\/426451-2-100x100.webp 100w, https:\/\/upartpal.com\/wp-content\/uploads\/2025\/03\/426451-2.webp 1600w\" sizes=\"(max-width: 600px) 100vw, 600px\" \/><\/p>\n<div>\n<h3>Ventajas del producto<\/h3>\n<ul class=\"marker:text-secondary\">\n<li class=\"break-words\"><strong>Evita la obstrucci\u00f3n de tuber\u00edas<\/strong>: Muchas lavadoras Fisher &amp; Paykel carecen de filtro de pelusas incorporado, lo que permite que las pelusas fluyan hacia el sistema de alcantarillado. Esto puede obstruir las tuber\u00edas y dar lugar a costosas reparaciones de fontaner\u00eda, que pueden costar cientos de d\u00f3lares.<\/li>\n<li class=\"break-words\"><strong>Eliminaci\u00f3n manual de pelusas<\/strong>: El filtro atrapa las pelusas durante el ciclo de lavado, permiti\u00e9ndole desecharlas en la basura en lugar de dejar que entren en su sistema de desag\u00fce.<\/li>\n<li class=\"break-words\"><strong>Ahorro de costes<\/strong>: Al capturar las pelusas, este filtro protege su lavadora y las tuber\u00edas de su hogar, ayud\u00e1ndole a evitar costosas facturas de reparaci\u00f3n.<\/li>\n<\/ul>\n<p><img decoding=\"async\" class=\"alignnone wp-image-800\" src=\"https:\/\/upartpal.com\/wp-content\/uploads\/2025\/03\/426451-4-300x300.webp\" alt=\"Agitador de lavadora etiquetado Suits Agitador 425025P.\" width=\"600\" height=\"600\" srcset=\"https:\/\/upartpal.com\/wp-content\/uploads\/2025\/03\/426451-4-300x300.webp 300w, https:\/\/upartpal.com\/wp-content\/uploads\/2025\/03\/426451-4-1024x1024.webp 1024w, https:\/\/upartpal.com\/wp-content\/uploads\/2025\/03\/426451-4-150x150.webp 150w, https:\/\/upartpal.com\/wp-content\/uploads\/2025\/03\/426451-4-768x768.webp 768w, https:\/\/upartpal.com\/wp-content\/uploads\/2025\/03\/426451-4-1536x1536.webp 1536w, https:\/\/upartpal.com\/wp-content\/uploads\/2025\/03\/426451-4-600x600.webp 600w, https:\/\/upartpal.com\/wp-content\/uploads\/2025\/03\/426451-4-100x100.webp 100w, https:\/\/upartpal.com\/wp-content\/uploads\/2025\/03\/426451-4.webp 1600w\" sizes=\"(max-width: 600px) 100vw, 600px\" \/><\/p>\n<h3>Especificaciones del producto<\/h3>\n<ul class=\"marker:text-secondary\">\n<li class=\"break-words\"><strong>Accesorio esencial<\/strong>: Dado que la mayor\u00eda de las lavadoras de carga superior de Fisher &amp; Paykel no incluyen filtro de pelusas, este es un complemento imprescindible.<\/li>\n<li class=\"break-words\"><strong>Compatibilidad<\/strong>: Funciona con la mayor\u00eda de los modelos de carga superior Fisher &amp; Paykel que incorporan agitador.<\/li>\n<li class=\"break-words\"><strong>Ajuste perfecto<\/strong>: Dise\u00f1ado para coincidir con el n\u00famero de pieza del agitador <strong>425025P<\/strong>.<\/li>\n<li class=\"break-words\"><strong>F\u00e1cil de usar<\/strong>: F\u00e1cil de instalar, quitar y limpiar.<\/li>\n<li class=\"break-words\"><strong>Reutilizable<\/strong>: L\u00edmpialo despu\u00e9s de cada uso y vuelve a instalarlo para un rendimiento repetido.<\/li>\n<\/ul>\n<p><img decoding=\"async\" class=\"alignnone wp-image-801\" src=\"https:\/\/upartpal.com\/wp-content\/uploads\/2025\/03\/426451-1-300x300.webp\" alt=\"Piezas de recambio de agitadores con n\u00fameros de modelo etiquetados.\" width=\"600\" height=\"600\" srcset=\"https:\/\/upartpal.com\/wp-content\/uploads\/2025\/03\/426451-1-300x300.webp 300w, https:\/\/upartpal.com\/wp-content\/uploads\/2025\/03\/426451-1-1024x1024.webp 1024w, https:\/\/upartpal.com\/wp-content\/uploads\/2025\/03\/426451-1-150x150.webp 150w, https:\/\/upartpal.com\/wp-content\/uploads\/2025\/03\/426451-1-768x768.webp 768w, https:\/\/upartpal.com\/wp-content\/uploads\/2025\/03\/426451-1-1536x1536.webp 1536w, https:\/\/upartpal.com\/wp-content\/uploads\/2025\/03\/426451-1-600x600.webp 600w, https:\/\/upartpal.com\/wp-content\/uploads\/2025\/03\/426451-1-100x100.webp 100w, https:\/\/upartpal.com\/wp-content\/uploads\/2025\/03\/426451-1.webp 1600w\" sizes=\"(max-width: 600px) 100vw, 600px\" \/><\/p>\n<h3>Pasos de la instalaci\u00f3n<\/h3>\n<ol class=\"marker:text-secondary\">\n<li class=\"break-words\">Retire el vaso dispensador de tejido de la parte superior del agitador.<\/li>\n<li class=\"break-words\">Empuje el filtro de pelusa hasta el fondo del agitador.<\/li>\n<li class=\"break-words\">Vuelva a colocar el vaso dispensador de tejido.<\/li>\n<\/ol>\n<h3>Compatibilidad<\/h3>\n<ul class=\"marker:text-secondary\">\n<li class=\"break-words\"><strong>Modelo confirmado<\/strong>: Cargador superior Fisher &amp; Paykel FabricSmart WA70T60FW1.<\/li>\n<\/ul>\n<p><img loading=\"lazy\" decoding=\"async\" class=\"alignnone wp-image-802\" src=\"https:\/\/upartpal.com\/wp-content\/uploads\/2025\/03\/426451-3-300x300.webp\" alt=\"Modelos de agitadores adecuados para lavadoras, Fisher &amp; Paykel\" width=\"600\" height=\"600\" srcset=\"https:\/\/upartpal.com\/wp-content\/uploads\/2025\/03\/426451-3-300x300.webp 300w, https:\/\/upartpal.com\/wp-content\/uploads\/2025\/03\/426451-3-1024x1024.webp 1024w, https:\/\/upartpal.com\/wp-content\/uploads\/2025\/03\/426451-3-150x150.webp 150w, https:\/\/upartpal.com\/wp-content\/uploads\/2025\/03\/426451-3-768x768.webp 768w, https:\/\/upartpal.com\/wp-content\/uploads\/2025\/03\/426451-3-1536x1536.webp 1536w, https:\/\/upartpal.com\/wp-content\/uploads\/2025\/03\/426451-3-600x600.webp 600w, https:\/\/upartpal.com\/wp-content\/uploads\/2025\/03\/426451-3-100x100.webp 100w, https:\/\/upartpal.com\/wp-content\/uploads\/2025\/03\/426451-3.webp 1600w\" sizes=\"(max-width: 600px) 100vw, 600px\" \/><\/p>\n<\/div>","protected":false},"excerpt":{"rendered":"<ul>\n<li>Marca: Upartpal<\/li>\n<li>Modelo del art\u00edculo: 426451P<\/li>\n<li>N\u00famero de pieza: 426451P<\/li>\n<li>Peso aproximado\uff1a0,041 kg<\/li>\n<li>Tama\u00f1o aproximado\uff1a\u03c690*70 mm<\/li>\n<li>Componentes incluidos: 2x FILTRO DE PINTADA PARA FISHER &amp; PAYKEL<\/li>\n<\/ul>","protected":false},"featured_media":797,"comment_status":"open","ping_status":"closed","template":"","meta":{"_seopress_robots_primary_cat":"none","_seopress_titles_title":"Upgrade Your Washing Machine's Suspension with 424569P","_seopress_titles_desc":"Upgrade your washing machine's stability with the 424569P suspension rod. Made of stainless steel, it reduces noise and vibration for smoother operation.","_seopress_robots_index":""},"product_brand":[44],"product_cat":[34],"product_tag":[],"class_list":{"0":"post-795","1":"product","2":"type-product","3":"status-publish","4":"has-post-thumbnail","6":"product_brand-fisher-paykel","7":"product_cat-washing-machine-spare-parts","9":"first","10":"instock","11":"sale","12":"shipping-taxable","13":"purchasable","14":"product-type-simple"},"meta_box":[],"_links":{"self":[{"href":"https:\/\/upartpal.com\/es\/wp-json\/wp\/v2\/product\/795","targetHints":{"allow":["GET"]}}],"collection":[{"href":"https:\/\/upartpal.com\/es\/wp-json\/wp\/v2\/product"}],"about":[{"href":"https:\/\/upartpal.com\/es\/wp-json\/wp\/v2\/types\/product"}],"replies":[{"embeddable":true,"href":"https:\/\/upartpal.com\/es\/wp-json\/wp\/v2\/comments?post=795"}],"wp:featuredmedia":[{"embeddable":true,"href":"https:\/\/upartpal.com\/es\/wp-json\/wp\/v2\/media\/797"}],"wp:attachment":[{"href":"https:\/\/upartpal.com\/es\/wp-json\/wp\/v2\/media?parent=795"}],"wp:term":[{"taxonomy":"product_brand","embeddable":true,"href":"https:\/\/upartpal.com\/es\/wp-json\/wp\/v2\/product_brand?post=795"},{"taxonomy":"product_cat","embeddable":true,"href":"https:\/\/upartpal.com\/es\/wp-json\/wp\/v2\/product_cat?post=795"},{"taxonomy":"product_tag","embeddable":true,"href":"https:\/\/upartpal.com\/es\/wp-json\/wp\/v2\/product_tag?post=795"}],"curies":[{"name":"wp","href":"https:\/\/api.w.org\/{rel}","templated":true}]}}