{"id":719,"date":"2025-03-26T06:28:41","date_gmt":"2025-03-26T06:28:41","guid":{"rendered":"https:\/\/upartpal.com\/?post_type=product&#038;p=719"},"modified":"2026-04-08T10:28:30","modified_gmt":"2026-04-08T10:28:30","slug":"fisher-paykel-modelos-424495p","status":"publish","type":"product","link":"https:\/\/upartpal.com\/es\/product\/fisher-paykel-modelos-424495p\/","title":{"rendered":"Kit de actualizaci\u00f3n de la varilla de suspensi\u00f3n de la lavadora, paquete de 4 para modelos Fisher &amp; Paykel -424495P"},"content":{"rendered":"<h3>Nombre del producto<\/h3>\n<p class=\"break-words\">424495P Barra de suspensi\u00f3n para lavadora<\/p>\n<p><img fetchpriority=\"high\" decoding=\"async\" class=\"alignnone wp-image-723\" src=\"https:\/\/upartpal.com\/wp-content\/uploads\/2025\/03\/2-1-1-300x300.webp\" alt=\"Varillas de suspensi\u00f3n de lavadora y piezas con lavadora.\" width=\"600\" height=\"600\" srcset=\"https:\/\/upartpal.com\/wp-content\/uploads\/2025\/03\/2-1-1-300x300.webp 300w, https:\/\/upartpal.com\/wp-content\/uploads\/2025\/03\/2-1-1-1024x1024.webp 1024w, https:\/\/upartpal.com\/wp-content\/uploads\/2025\/03\/2-1-1-150x150.webp 150w, https:\/\/upartpal.com\/wp-content\/uploads\/2025\/03\/2-1-1-768x768.webp 768w, https:\/\/upartpal.com\/wp-content\/uploads\/2025\/03\/2-1-1-1536x1536.webp 1536w, https:\/\/upartpal.com\/wp-content\/uploads\/2025\/03\/2-1-1-600x600.webp 600w, https:\/\/upartpal.com\/wp-content\/uploads\/2025\/03\/2-1-1-100x100.webp 100w, https:\/\/upartpal.com\/wp-content\/uploads\/2025\/03\/2-1-1.webp 1600w\" sizes=\"(max-width: 600px) 100vw, 600px\" \/><\/p>\n<h3>Caracter\u00edsticas principales<\/h3>\n<ul class=\"marker:text-secondary\">\n<li class=\"break-words\"><strong>Espesado y mejorado<\/strong>: 0,2 pulgadas m\u00e1s grueso que el modelo est\u00e1ndar, con un di\u00e1metro reforzado para una mayor resistencia.<\/li>\n<li class=\"break-words\"><strong>Material<\/strong>: Fabricado en acero inoxidable, lo que garantiza su durabilidad y resistencia a la oxidaci\u00f3n.<\/li>\n<li class=\"break-words\"><strong>Dimensiones<\/strong>: La longitud de la barra de suspensi\u00f3n es de aproximadamente 26,37 pulgadas.<\/li>\n<li class=\"break-words\"><strong style=\"font-family: -apple-system, BlinkMacSystemFont, 'Segoe UI', Roboto, 'Helvetica Neue', Arial, 'Noto Sans', sans-serif, 'Apple Color Emoji', 'Segoe UI Emoji', 'Segoe UI Symbol', 'Noto Color Emoji';\">Muelle mejorado<\/strong><span style=\"font-family: -apple-system, BlinkMacSystemFont, 'Segoe UI', Roboto, 'Helvetica Neue', Arial, 'Noto Sans', sans-serif, 'Apple Color Emoji', 'Segoe UI Emoji', 'Segoe UI Symbol', 'Noto Color Emoji';\">: Equipado con un muelle amortiguador de alta resistencia para reducir eficazmente las vibraciones y mejorar la estabilidad de la lavadora durante el funcionamiento.<\/span><\/li>\n<\/ul>\n<p><img decoding=\"async\" class=\"alignnone wp-image-724\" src=\"https:\/\/upartpal.com\/wp-content\/uploads\/2025\/03\/2-3-300x300.webp\" alt=\"Amortiguadores de lavadora en uso, paquete de cuatro.\" width=\"600\" height=\"600\" srcset=\"https:\/\/upartpal.com\/wp-content\/uploads\/2025\/03\/2-3-300x300.webp 300w, https:\/\/upartpal.com\/wp-content\/uploads\/2025\/03\/2-3-1024x1024.webp 1024w, https:\/\/upartpal.com\/wp-content\/uploads\/2025\/03\/2-3-150x150.webp 150w, https:\/\/upartpal.com\/wp-content\/uploads\/2025\/03\/2-3-768x768.webp 768w, https:\/\/upartpal.com\/wp-content\/uploads\/2025\/03\/2-3-1536x1536.webp 1536w, https:\/\/upartpal.com\/wp-content\/uploads\/2025\/03\/2-3-600x600.webp 600w, https:\/\/upartpal.com\/wp-content\/uploads\/2025\/03\/2-3-100x100.webp 100w, https:\/\/upartpal.com\/wp-content\/uploads\/2025\/03\/2-3.webp 1600w\" sizes=\"(max-width: 600px) 100vw, 600px\" \/><\/p>\n<h3>Compatibilidad<\/h3>\n<p>Compatible con los siguientes modelos de lavadoras Fisher &amp; Paykel:<\/p>\n<ul class=\"marker:text-secondary\">\n<li class=\"break-words\">WL70T60DW1, WL70T60CW1, WL70T60CW2, WL80T65DW1, WL80T65CW1, WL80T65CW2, 93221-A, 93253-A, 93171-A, 93117-A, 93130-A, 93130-B, 93252-A, 93003-A, 93114-A, 93114-B, 93250-A, 93191-A, 93004-A, 93118-A, 93125-A, 93251-A, WL70T60CW, WL80T65DW, WL80T65C, WL70T60DW, WL70T60CW1, 93221-A, 93253-A, WL70T60CW2, 93171-A, WL70T60DW1, 93117-A, 93130-A, 93130-B, 93252-A, WL80T65CW1, 93003-A, 93114-A, 93114-B, 93250-A, WL80T65CW2, 93191-A, WL80T65DW1, 93004-A, 93118-A, 93125-A, 93251-A, WL70T60CW, WL80T65DW, WL80T65C, WL70T60DW, WL80T65CW1, WL42T26CW1, WL42T26DW1, WL42T26KW1, L37T26CW2, WL37T26DW1, WL37T26DW2, WL37T26KW2, WL26CW1, WL26CW2, WL37CW2, WL80T65CW1, 93220-8<\/li>\n<\/ul>\n<p><img decoding=\"async\" class=\"alignnone wp-image-725\" src=\"https:\/\/upartpal.com\/wp-content\/uploads\/2025\/03\/2-2-300x300.webp\" alt=\"Tama\u00f1os de varillas de puntal para cap\u00f3 de coche con medidas detalladas.\" width=\"600\" height=\"600\" srcset=\"https:\/\/upartpal.com\/wp-content\/uploads\/2025\/03\/2-2-300x300.webp 300w, https:\/\/upartpal.com\/wp-content\/uploads\/2025\/03\/2-2-1024x1024.webp 1024w, https:\/\/upartpal.com\/wp-content\/uploads\/2025\/03\/2-2-150x150.webp 150w, https:\/\/upartpal.com\/wp-content\/uploads\/2025\/03\/2-2-768x768.webp 768w, https:\/\/upartpal.com\/wp-content\/uploads\/2025\/03\/2-2-1536x1536.webp 1536w, https:\/\/upartpal.com\/wp-content\/uploads\/2025\/03\/2-2-600x600.webp 600w, https:\/\/upartpal.com\/wp-content\/uploads\/2025\/03\/2-2-100x100.webp 100w, https:\/\/upartpal.com\/wp-content\/uploads\/2025\/03\/2-2.webp 1600w\" sizes=\"(max-width: 600px) 100vw, 600px\" \/><\/p>\n<h3>Ventajas del producto<\/h3>\n<ul class=\"marker:text-secondary\">\n<li class=\"break-words\"><strong>Material de alta calidad<\/strong>: Fabricado en acero inoxidable para ofrecer resistencia a la corrosi\u00f3n y un rendimiento duradero. Aunque no es un producto OEM, cumple las estrictas normas OEM y se ha sometido a pruebas exhaustivas para garantizar un ajuste perfecto con las varillas de suspensi\u00f3n de las lavadoras Fisher &amp; Paykel.<\/li>\n<li class=\"break-words\"><strong>F\u00e1cil instalaci\u00f3n<\/strong>: Dise\u00f1ado para una instalaci\u00f3n sencilla y r\u00e1pida, ahorrando tiempo y esfuerzo.<\/li>\n<li class=\"break-words\"><strong>Resuelve problemas comunes<\/strong>: Reduce eficazmente el desequilibrio, el bamboleo y el ruido excesivo durante el funcionamiento, proporcionando un soporte y una estabilidad fiables para un funcionamiento sin problemas de la lavadora.<\/li>\n<\/ul>\n<p><img loading=\"lazy\" decoding=\"async\" class=\"alignnone wp-image-715\" src=\"https:\/\/upartpal.com\/wp-content\/uploads\/2025\/03\/5-300x300.webp\" alt=\"Advertencia: riesgo de descarga el\u00e9ctrica durante la instalaci\u00f3n.\" width=\"600\" height=\"600\" srcset=\"https:\/\/upartpal.com\/wp-content\/uploads\/2025\/03\/5-300x300.webp 300w, https:\/\/upartpal.com\/wp-content\/uploads\/2025\/03\/5-1024x1024.webp 1024w, https:\/\/upartpal.com\/wp-content\/uploads\/2025\/03\/5-150x150.webp 150w, https:\/\/upartpal.com\/wp-content\/uploads\/2025\/03\/5-768x768.webp 768w, https:\/\/upartpal.com\/wp-content\/uploads\/2025\/03\/5-1536x1536.webp 1536w, https:\/\/upartpal.com\/wp-content\/uploads\/2025\/03\/5-600x600.webp 600w, https:\/\/upartpal.com\/wp-content\/uploads\/2025\/03\/5-100x100.webp 100w, https:\/\/upartpal.com\/wp-content\/uploads\/2025\/03\/5.webp 1600w\" sizes=\"(max-width: 600px) 100vw, 600px\" \/><\/p>","protected":false},"excerpt":{"rendered":"<ul>\n<li>Marca: Upartpal<\/li>\n<li>Modelo del art\u00edculo: 424495P<\/li>\n<li>N\u00famero de pieza: 424495P<\/li>\n<li>Dimensiones del producto: 27 x 5 x 3,5 pulgadas<\/li>\n<li>Peso del art\u00edculo: 3,09 libras<\/li>\n<li>Componentes incluidos: 424495P Arandela Suspensi\u00f3n Varilla Kit 4 Pack<\/li>\n<\/ul>","protected":false},"featured_media":720,"comment_status":"open","ping_status":"closed","template":"","meta":{"_seopress_robots_primary_cat":"none","_seopress_titles_title":"Upgrade Your Washer: 424495P Suspension Rods","_seopress_titles_desc":"Upgrade your Fisher & Paykel washer with our 424495P rod\u2014thickened, stainless steel for durability, reducing noise and imbalance. Easy to install!","_seopress_robots_index":""},"product_brand":[44],"product_cat":[34],"product_tag":[],"class_list":{"0":"post-719","1":"product","2":"type-product","3":"status-publish","4":"has-post-thumbnail","6":"product_brand-fisher-paykel","7":"product_cat-washing-machine-spare-parts","9":"first","10":"instock","11":"sale","12":"shipping-taxable","13":"purchasable","14":"product-type-simple"},"meta_box":[],"_links":{"self":[{"href":"https:\/\/upartpal.com\/es\/wp-json\/wp\/v2\/product\/719","targetHints":{"allow":["GET"]}}],"collection":[{"href":"https:\/\/upartpal.com\/es\/wp-json\/wp\/v2\/product"}],"about":[{"href":"https:\/\/upartpal.com\/es\/wp-json\/wp\/v2\/types\/product"}],"replies":[{"embeddable":true,"href":"https:\/\/upartpal.com\/es\/wp-json\/wp\/v2\/comments?post=719"}],"wp:featuredmedia":[{"embeddable":true,"href":"https:\/\/upartpal.com\/es\/wp-json\/wp\/v2\/media\/720"}],"wp:attachment":[{"href":"https:\/\/upartpal.com\/es\/wp-json\/wp\/v2\/media?parent=719"}],"wp:term":[{"taxonomy":"product_brand","embeddable":true,"href":"https:\/\/upartpal.com\/es\/wp-json\/wp\/v2\/product_brand?post=719"},{"taxonomy":"product_cat","embeddable":true,"href":"https:\/\/upartpal.com\/es\/wp-json\/wp\/v2\/product_cat?post=719"},{"taxonomy":"product_tag","embeddable":true,"href":"https:\/\/upartpal.com\/es\/wp-json\/wp\/v2\/product_tag?post=719"}],"curies":[{"name":"wp","href":"https:\/\/api.w.org\/{rel}","templated":true}]}}