{"id":543,"date":"2025-03-22T21:00:15","date_gmt":"2025-03-22T21:00:15","guid":{"rendered":"https:\/\/upartpal.com\/product\/temporibus-temporibus-corporis-est-dolor-quia\/"},"modified":"2026-01-30T00:48:57","modified_gmt":"2026-01-30T00:48:57","slug":"fisher-paykel-modelos-424569p","status":"publish","type":"product","link":"https:\/\/upartpal.com\/es\/product\/fisher-paykel-modelos-424569p\/","title":{"rendered":"Kit de actualizaci\u00f3n de la varilla de suspensi\u00f3n de la lavadora, paquete de 4 para modelos Fisher &amp; Paykel -424569P"},"content":{"rendered":"<h3>Nombre del producto<\/h3>\n<p class=\"break-words\">424569P Barra de suspensi\u00f3n para lavadora<\/p>\n<p><img fetchpriority=\"high\" decoding=\"async\" class=\"alignnone wp-image-712\" src=\"https:\/\/upartpal.com\/wp-content\/uploads\/2025\/03\/1-300x300.webp\" alt=\"Kit de recambio de varillas de suspensi\u00f3n para lavadoras.\" width=\"600\" height=\"600\" srcset=\"https:\/\/upartpal.com\/wp-content\/uploads\/2025\/03\/1-300x300.webp 300w, https:\/\/upartpal.com\/wp-content\/uploads\/2025\/03\/1-1024x1024.webp 1024w, https:\/\/upartpal.com\/wp-content\/uploads\/2025\/03\/1-150x150.webp 150w, https:\/\/upartpal.com\/wp-content\/uploads\/2025\/03\/1-768x768.webp 768w, https:\/\/upartpal.com\/wp-content\/uploads\/2025\/03\/1-1536x1536.webp 1536w, https:\/\/upartpal.com\/wp-content\/uploads\/2025\/03\/1-600x600.webp 600w, https:\/\/upartpal.com\/wp-content\/uploads\/2025\/03\/1-100x100.webp 100w, https:\/\/upartpal.com\/wp-content\/uploads\/2025\/03\/1.webp 1600w\" sizes=\"(max-width: 600px) 100vw, 600px\" \/><\/p>\n<h3>Caracter\u00edsticas principales<\/h3>\n<ul class=\"marker:text-secondary\">\n<li class=\"break-words\"><strong>Espesado y mejorado<\/strong>: 0,2 pulgadas m\u00e1s grueso que el modelo est\u00e1ndar, con un di\u00e1metro reforzado para una mayor resistencia.<\/li>\n<li class=\"break-words\"><strong>Material<\/strong>: Fabricado en acero inoxidable, lo que garantiza su durabilidad y resistencia a la oxidaci\u00f3n.<\/li>\n<li class=\"break-words\"><strong>Dimensiones<\/strong>: La longitud de la barra de suspensi\u00f3n es de aproximadamente 26,37 pulgadas.<\/li>\n<li class=\"break-words\"><strong style=\"font-family: -apple-system, BlinkMacSystemFont, 'Segoe UI', Roboto, 'Helvetica Neue', Arial, 'Noto Sans', sans-serif, 'Apple Color Emoji', 'Segoe UI Emoji', 'Segoe UI Symbol', 'Noto Color Emoji';\">Muelle mejorado<\/strong><span style=\"font-family: -apple-system, BlinkMacSystemFont, 'Segoe UI', Roboto, 'Helvetica Neue', Arial, 'Noto Sans', sans-serif, 'Apple Color Emoji', 'Segoe UI Emoji', 'Segoe UI Symbol', 'Noto Color Emoji';\">: Equipado con un muelle amortiguador de alta resistencia para reducir eficazmente las vibraciones y mejorar la estabilidad de la lavadora durante el funcionamiento.<\/span><\/li>\n<\/ul>\n<p><img decoding=\"async\" class=\"alignnone wp-image-713\" src=\"https:\/\/upartpal.com\/wp-content\/uploads\/2025\/03\/3-300x300.webp\" alt=\"Cuatro varillas de suspensi\u00f3n de arandela, acero inoxidable, amortiguaci\u00f3n.\" width=\"600\" height=\"600\" srcset=\"https:\/\/upartpal.com\/wp-content\/uploads\/2025\/03\/3-300x300.webp 300w, https:\/\/upartpal.com\/wp-content\/uploads\/2025\/03\/3-1024x1024.webp 1024w, https:\/\/upartpal.com\/wp-content\/uploads\/2025\/03\/3-150x150.webp 150w, https:\/\/upartpal.com\/wp-content\/uploads\/2025\/03\/3-768x768.webp 768w, https:\/\/upartpal.com\/wp-content\/uploads\/2025\/03\/3-1536x1536.webp 1536w, https:\/\/upartpal.com\/wp-content\/uploads\/2025\/03\/3-600x600.webp 600w, https:\/\/upartpal.com\/wp-content\/uploads\/2025\/03\/3-100x100.webp 100w, https:\/\/upartpal.com\/wp-content\/uploads\/2025\/03\/3.webp 1600w\" sizes=\"(max-width: 600px) 100vw, 600px\" \/><\/p>\n<h3>Compatibilidad<\/h3>\n<p>Compatible con los siguientes modelos de lavadoras Fisher &amp; Paykel:<\/p>\n<ul class=\"marker:text-secondary\">\n<li class=\"break-words\">WL42T26DW1-96198A, WL42T26DW1-96178B, WL42T26DW1-96178A, WL26CW1-96215B<\/li>\n<li class=\"break-words\">WL37T26DW1-96125A, WL26CW2-96114A, WL37T26CW2-96109A, WL37T26DW2-96113A<\/li>\n<li class=\"break-words\">WL26CW1-96215A, WL26CW2, WL37T26KW2-96104A, WL42T26KW1-96174A<\/li>\n<li class=\"break-words\">WL42T26CW1-96176A, WL42T26CW1-96176B, WL42T26CW1-96196A<\/li>\n<li class=\"break-words\">Otros modelos compatibles:\n<ul class=\"marker:text-secondary\">\n<li class=\"break-words\">WL8060P1 (92111-A), WL4227J1 (96208-A), WL4227P1 (96207-A), WA4127G1 (96212-A)<\/li>\n<li class=\"break-words\">WA8060P1 (92147-A), WA8060E1 (92168-A), WA8060G1 (92176-A), WA7060E1 (92217-A)<\/li>\n<li class=\"break-words\">WA7060G1, WA8560E1 (92233-A), WA8560G1 (93232-A), WA1068G1<\/li>\n<\/ul>\n<\/li>\n<\/ul>\n<p><img decoding=\"async\" class=\"alignnone wp-image-714\" src=\"https:\/\/upartpal.com\/wp-content\/uploads\/2025\/03\/4-300x300.webp\" alt=\"Las varillas de suspensi\u00f3n lavables solucionan los problemas de vibraciones y ruidos.\" width=\"600\" height=\"600\" srcset=\"https:\/\/upartpal.com\/wp-content\/uploads\/2025\/03\/4-300x300.webp 300w, https:\/\/upartpal.com\/wp-content\/uploads\/2025\/03\/4-1024x1024.webp 1024w, https:\/\/upartpal.com\/wp-content\/uploads\/2025\/03\/4-150x150.webp 150w, https:\/\/upartpal.com\/wp-content\/uploads\/2025\/03\/4-768x768.webp 768w, https:\/\/upartpal.com\/wp-content\/uploads\/2025\/03\/4-1536x1536.webp 1536w, https:\/\/upartpal.com\/wp-content\/uploads\/2025\/03\/4-600x600.webp 600w, https:\/\/upartpal.com\/wp-content\/uploads\/2025\/03\/4-100x100.webp 100w, https:\/\/upartpal.com\/wp-content\/uploads\/2025\/03\/4.webp 1600w\" sizes=\"(max-width: 600px) 100vw, 600px\" \/><\/p>\n<h3>N\u00fameros de pieza de recambio<\/h3>\n<p class=\"break-words\">424569P, 421841P, 1880882<\/p>\n<h3>Ventajas del producto<\/h3>\n<ul class=\"marker:text-secondary\">\n<li class=\"break-words\"><strong>Material de alta calidad<\/strong>: Fabricado en acero inoxidable para ofrecer resistencia a la corrosi\u00f3n y un rendimiento duradero. Aunque no es un producto OEM, cumple las estrictas normas OEM y se ha sometido a pruebas exhaustivas para garantizar un ajuste perfecto con las varillas de suspensi\u00f3n de las lavadoras Fisher &amp; Paykel.<\/li>\n<li class=\"break-words\"><strong>F\u00e1cil instalaci\u00f3n<\/strong>: Dise\u00f1ado para una instalaci\u00f3n sencilla y r\u00e1pida, ahorrando tiempo y esfuerzo.<\/li>\n<li class=\"break-words\"><strong>Resuelve problemas comunes<\/strong>: Reduce eficazmente el desequilibrio, el bamboleo y el ruido excesivo durante el funcionamiento, proporcionando un soporte y una estabilidad fiables para un funcionamiento sin problemas de la lavadora.<\/li>\n<\/ul>\n<p><img loading=\"lazy\" decoding=\"async\" class=\"alignnone wp-image-716\" src=\"https:\/\/upartpal.com\/wp-content\/uploads\/2025\/03\/2-300x300.webp\" alt=\"Dimensiones del producto con medidas de muelles y asas.\" width=\"600\" height=\"600\" srcset=\"https:\/\/upartpal.com\/wp-content\/uploads\/2025\/03\/2-300x300.webp 300w, https:\/\/upartpal.com\/wp-content\/uploads\/2025\/03\/2-1024x1024.webp 1024w, https:\/\/upartpal.com\/wp-content\/uploads\/2025\/03\/2-150x150.webp 150w, https:\/\/upartpal.com\/wp-content\/uploads\/2025\/03\/2-768x768.webp 768w, https:\/\/upartpal.com\/wp-content\/uploads\/2025\/03\/2-1536x1536.webp 1536w, https:\/\/upartpal.com\/wp-content\/uploads\/2025\/03\/2-600x600.webp 600w, https:\/\/upartpal.com\/wp-content\/uploads\/2025\/03\/2-100x100.webp 100w, https:\/\/upartpal.com\/wp-content\/uploads\/2025\/03\/2.webp 1600w\" sizes=\"(max-width: 600px) 100vw, 600px\" \/><\/p>\n<h3>Notas importantes<\/h3>\n<p>La varilla de suspensi\u00f3n para lavadoras 424569P es <strong>no compatible<\/strong> con los siguientes c\u00f3digos de producto:<\/p>\n<ul class=\"marker:text-secondary\">\n<li class=\"break-words\">92263-B, 92264-B, 93264-B, 92266-B, 92262-B, 93262-B, 93265-B<\/li>\n<\/ul>\n<p><img loading=\"lazy\" decoding=\"async\" class=\"alignnone wp-image-715\" src=\"https:\/\/upartpal.com\/wp-content\/uploads\/2025\/03\/5-300x300.webp\" alt=\"Advertencia: riesgo de descarga el\u00e9ctrica durante la instalaci\u00f3n.\" width=\"600\" height=\"600\" srcset=\"https:\/\/upartpal.com\/wp-content\/uploads\/2025\/03\/5-300x300.webp 300w, https:\/\/upartpal.com\/wp-content\/uploads\/2025\/03\/5-1024x1024.webp 1024w, https:\/\/upartpal.com\/wp-content\/uploads\/2025\/03\/5-150x150.webp 150w, https:\/\/upartpal.com\/wp-content\/uploads\/2025\/03\/5-768x768.webp 768w, https:\/\/upartpal.com\/wp-content\/uploads\/2025\/03\/5-1536x1536.webp 1536w, https:\/\/upartpal.com\/wp-content\/uploads\/2025\/03\/5-600x600.webp 600w, https:\/\/upartpal.com\/wp-content\/uploads\/2025\/03\/5-100x100.webp 100w, https:\/\/upartpal.com\/wp-content\/uploads\/2025\/03\/5.webp 1600w\" sizes=\"(max-width: 600px) 100vw, 600px\" \/><\/p>","protected":false},"excerpt":{"rendered":"<ul>\n<li>Marca: Upartpal<\/li>\n<li>Modelo del art\u00edculo: 424569P<\/li>\n<li>N\u00famero de pieza: 424569P<\/li>\n<li>Dimensiones del producto: 27 x 5 x 3,5 pulgadas<\/li>\n<li>Peso del art\u00edculo: 3,09 libras<\/li>\n<li>Componentes incluidos: 424569P Kit de 4 varillas de suspensi\u00f3n con arandela<\/li>\n<\/ul>","protected":false},"featured_media":688,"comment_status":"open","ping_status":"closed","template":"","meta":{"_seopress_robots_primary_cat":"none","_seopress_titles_title":"Upgrade Your Washing Machine's Suspension with 424569P","_seopress_titles_desc":"Upgrade your washing machine's stability with the 424569P suspension rod. Made of stainless steel, it reduces noise and vibration for smoother operation.","_seopress_robots_index":""},"product_brand":[44],"product_cat":[34],"product_tag":[],"class_list":{"0":"post-543","1":"product","2":"type-product","3":"status-publish","4":"has-post-thumbnail","6":"product_brand-fisher-paykel","7":"product_cat-washing-machine-spare-parts","9":"first","10":"instock","11":"sale","12":"shipping-taxable","13":"purchasable","14":"product-type-simple"},"meta_box":[],"_links":{"self":[{"href":"https:\/\/upartpal.com\/es\/wp-json\/wp\/v2\/product\/543","targetHints":{"allow":["GET"]}}],"collection":[{"href":"https:\/\/upartpal.com\/es\/wp-json\/wp\/v2\/product"}],"about":[{"href":"https:\/\/upartpal.com\/es\/wp-json\/wp\/v2\/types\/product"}],"replies":[{"embeddable":true,"href":"https:\/\/upartpal.com\/es\/wp-json\/wp\/v2\/comments?post=543"}],"wp:featuredmedia":[{"embeddable":true,"href":"https:\/\/upartpal.com\/es\/wp-json\/wp\/v2\/media\/688"}],"wp:attachment":[{"href":"https:\/\/upartpal.com\/es\/wp-json\/wp\/v2\/media?parent=543"}],"wp:term":[{"taxonomy":"product_brand","embeddable":true,"href":"https:\/\/upartpal.com\/es\/wp-json\/wp\/v2\/product_brand?post=543"},{"taxonomy":"product_cat","embeddable":true,"href":"https:\/\/upartpal.com\/es\/wp-json\/wp\/v2\/product_cat?post=543"},{"taxonomy":"product_tag","embeddable":true,"href":"https:\/\/upartpal.com\/es\/wp-json\/wp\/v2\/product_tag?post=543"}],"curies":[{"name":"wp","href":"https:\/\/api.w.org\/{rel}","templated":true}]}}