{"id":836,"date":"2025-03-27T13:57:05","date_gmt":"2025-03-27T13:57:05","guid":{"rendered":"https:\/\/upartpal.com\/?post_type=product&#038;p=836"},"modified":"2025-09-04T15:55:46","modified_gmt":"2025-09-04T15:55:46","slug":"fisher-paykel-kompatibel-ruhrwerk-425025p","status":"publish","type":"product","link":"https:\/\/upartpal.com\/de\/product\/fisher-paykel-kompatibel-ruhrwerk-425025p\/","title":{"rendered":"Verbesserte Qualit\u00e4t Fisher und Paykel Kompatibles R\u00fchrwerk-425025P"},"content":{"rendered":"<h3>Produktname<\/h3>\n<p class=\"break-words\">Fisher und Paykel Kompatibles R\u00fchrwerk-425025P<\/p>\n<p><img fetchpriority=\"high\" decoding=\"async\" class=\"alignnone wp-image-839\" src=\"https:\/\/upartpal.com\/wp-content\/uploads\/2025\/03\/Fisher-and-Paykel-Agitator-425025P-300x300.webp\" alt=\"Wei\u00dfer automatischer Staubsaugeraufsatz f\u00fcr Schwimmbecken\" width=\"600\" height=\"600\" srcset=\"https:\/\/upartpal.com\/wp-content\/uploads\/2025\/03\/Fisher-and-Paykel-Agitator-425025P-300x300.webp 300w, https:\/\/upartpal.com\/wp-content\/uploads\/2025\/03\/Fisher-and-Paykel-Agitator-425025P-1024x1024.webp 1024w, https:\/\/upartpal.com\/wp-content\/uploads\/2025\/03\/Fisher-and-Paykel-Agitator-425025P-150x150.webp 150w, https:\/\/upartpal.com\/wp-content\/uploads\/2025\/03\/Fisher-and-Paykel-Agitator-425025P-768x768.webp 768w, https:\/\/upartpal.com\/wp-content\/uploads\/2025\/03\/Fisher-and-Paykel-Agitator-425025P-1536x1536.webp 1536w, https:\/\/upartpal.com\/wp-content\/uploads\/2025\/03\/Fisher-and-Paykel-Agitator-425025P-600x600.webp 600w, https:\/\/upartpal.com\/wp-content\/uploads\/2025\/03\/Fisher-and-Paykel-Agitator-425025P-100x100.webp 100w, https:\/\/upartpal.com\/wp-content\/uploads\/2025\/03\/Fisher-and-Paykel-Agitator-425025P.webp 1600w\" sizes=\"(max-width: 600px) 100vw, 600px\" \/><\/p>\n<div>\n<h3 class=\"break-words\"><strong>Details zum Produkt<\/strong><\/h3>\n<ul class=\"marker:text-secondary\">\n<li class=\"break-words\"><strong>Ersetzt:<\/strong> Teile 425025 und 478083P<\/li>\n<li class=\"break-words\"><strong>Funktion:<\/strong> Das R\u00fchrwerk (Teilenummer 425025P, auch bekannt als AP6791048) wurde f\u00fcr Waschmaschinen entwickelt, um W\u00e4sche effektiv zu reinigen.<\/li>\n<li class=\"break-words\"><strong>Sicherheitshinweis:<\/strong> Ziehen Sie aus Sicherheitsgr\u00fcnden vor der Installation immer den Netzstecker der Waschmaschine.<\/li>\n<\/ul>\n<\/div>\n<p><img decoding=\"async\" class=\"alignnone wp-image-840\" src=\"https:\/\/upartpal.com\/wp-content\/uploads\/2025\/03\/s-l1600-2-300x179.webp\" alt=\"ERSATZR\u00dcHRWERK F\u00dcR WASCHMASCHINE\" width=\"600\" height=\"359\" srcset=\"https:\/\/upartpal.com\/wp-content\/uploads\/2025\/03\/s-l1600-2-300x179.webp 300w, https:\/\/upartpal.com\/wp-content\/uploads\/2025\/03\/s-l1600-2-1024x612.webp 1024w, https:\/\/upartpal.com\/wp-content\/uploads\/2025\/03\/s-l1600-2-768x459.webp 768w, https:\/\/upartpal.com\/wp-content\/uploads\/2025\/03\/s-l1600-2-1536x919.webp 1536w, https:\/\/upartpal.com\/wp-content\/uploads\/2025\/03\/s-l1600-2-600x359.webp 600w, https:\/\/upartpal.com\/wp-content\/uploads\/2025\/03\/s-l1600-2.webp 1600w\" sizes=\"(max-width: 600px) 100vw, 600px\" \/><\/p>\n<h3>Kompatibilit\u00e4t<\/h3>\n<p>Dieses R\u00fchrwerk ist mit einer breiten Palette von Fisher &amp; Paykel-Waschmaschinenmodellen kompatibel, einschlie\u00dflich, aber nicht beschr\u00e4nkt auf:<\/p>\n<ul class=\"marker:text-secondary\">\n<li>GWL11-96151,GWL11-96151B,GWL15-96200A,GWL11-96151,GWL11-96151B,GWL15-96200A,GWL15-96155A,IWL16-96203A,IWL16-96160A,IWL12-96192,IWL12-96154B,WA4127G1-96212-A,GWL12-96187,GWL03-96986,GWL15-96155B,GWL15-96155C,IWL16-96160B,WA37T26EW2-96139A,WA37T26EW2-96146A,WA37T26EW2-96146B,WA37T26EW2-96186A,WA37T26GW-96181A,WA37T26GW2-96133A,WA37T26GW2-96134A,WA37T26GW2-96152A,WA42T26GW1-96172A,WA42T26GW1-96184A,WA42T26GW1-96193A<\/li>\n<\/ul>\n<p><img decoding=\"async\" class=\"alignnone wp-image-841\" src=\"https:\/\/upartpal.com\/wp-content\/uploads\/2025\/03\/s-l1600-300x218.webp\" alt=\"Toplader-Waschmaschine innen mit R\u00fchrwerk\" width=\"600\" height=\"436\" srcset=\"https:\/\/upartpal.com\/wp-content\/uploads\/2025\/03\/s-l1600-300x218.webp 300w, https:\/\/upartpal.com\/wp-content\/uploads\/2025\/03\/s-l1600-1024x744.webp 1024w, https:\/\/upartpal.com\/wp-content\/uploads\/2025\/03\/s-l1600-768x558.webp 768w, https:\/\/upartpal.com\/wp-content\/uploads\/2025\/03\/s-l1600-1536x1116.webp 1536w, https:\/\/upartpal.com\/wp-content\/uploads\/2025\/03\/s-l1600-600x436.webp 600w, https:\/\/upartpal.com\/wp-content\/uploads\/2025\/03\/s-l1600.webp 1600w\" sizes=\"(max-width: 600px) 100vw, 600px\" \/><\/p>\n<h3><strong style=\"font-family: -apple-system, BlinkMacSystemFont, 'Segoe UI', Roboto, 'Helvetica Neue', Arial, 'Noto Sans', sans-serif, 'Apple Color Emoji', 'Segoe UI Emoji', 'Segoe UI Symbol', 'Noto Color Emoji'; font-size: 16px;\">\u00dcber diesen Artikel<\/strong><\/h3>\n<div>\n<ul class=\"marker:text-secondary\">\n<li class=\"break-words\"><strong>Zweck:<\/strong> Ein hochwertiges Ersatzr\u00fchrwerk, das nahtlos in die Toplader-Waschmaschinen von Fisher &amp; Paykel passt.<\/li>\n<li class=\"break-words\"><strong>Kompatibilit\u00e4t:<\/strong> Passend f\u00fcr alle Fisher &amp; Paykel Top-Load-Waschmaschinen.<\/li>\n<li class=\"break-words\"><strong>Benutzerfreundlichkeit:<\/strong> Sie ist einfach zu installieren und zu warten und damit die ideale Wahl f\u00fcr die Nachr\u00fcstung oder Reparatur Ihrer Waschmaschine.<\/li>\n<li class=\"break-words\"><strong>Leistung:<\/strong> Sch\u00fcttelt die W\u00e4sche effektiv f\u00fcr eine gr\u00fcndliche Reinigung in Toplader-Waschmaschinen.<\/li>\n<\/ul>\n<p><img loading=\"lazy\" decoding=\"async\" class=\"alignnone wp-image-842\" src=\"https:\/\/upartpal.com\/wp-content\/uploads\/2025\/03\/s-l1600-1-300x300.webp\" alt=\"Draufsicht auf ein Sieb aus rostfreiem Stahl mit L\u00f6chern.\" width=\"600\" height=\"600\" srcset=\"https:\/\/upartpal.com\/wp-content\/uploads\/2025\/03\/s-l1600-1-300x300.webp 300w, https:\/\/upartpal.com\/wp-content\/uploads\/2025\/03\/s-l1600-1-1024x1024.webp 1024w, https:\/\/upartpal.com\/wp-content\/uploads\/2025\/03\/s-l1600-1-150x150.webp 150w, https:\/\/upartpal.com\/wp-content\/uploads\/2025\/03\/s-l1600-1-768x768.webp 768w, https:\/\/upartpal.com\/wp-content\/uploads\/2025\/03\/s-l1600-1-600x600.webp 600w, https:\/\/upartpal.com\/wp-content\/uploads\/2025\/03\/s-l1600-1-100x100.webp 100w, https:\/\/upartpal.com\/wp-content\/uploads\/2025\/03\/s-l1600-1.webp 1080w\" sizes=\"(max-width: 600px) 100vw, 600px\" \/><\/p>\n<\/div>","protected":false},"excerpt":{"rendered":"<ul>\n<li>Marke: Upartpal<\/li>\n<li>Modellnummer: 425025P<\/li>\n<li>Teilenummer: 425025P<\/li>\n<li>Produkt Abmessungen: 14 x 14 x 17 Zoll<\/li>\n<li>Artikelgewicht: 3,1 Pfund<\/li>\n<li>Enthaltene Komponenten: 1 PCS Fisher und Paykel kompatibles R\u00fchrwerk-425025P<\/li>\n<\/ul>","protected":false},"featured_media":837,"comment_status":"open","ping_status":"closed","template":"","meta":{"_seopress_robots_primary_cat":"none","_seopress_titles_title":"Upgrade Your Washing Machine's Suspension with 424569P","_seopress_titles_desc":"Upgrade your washing machine's stability with the 424569P suspension rod. Made of stainless steel, it reduces noise and vibration for smoother operation.","_seopress_robots_index":""},"product_brand":[44],"product_cat":[34],"product_tag":[],"class_list":{"0":"post-836","1":"product","2":"type-product","3":"status-publish","4":"has-post-thumbnail","6":"product_brand-fisher-paykel","7":"product_cat-washing-machine-spare-parts","9":"first","10":"instock","11":"sale","12":"shipping-taxable","13":"purchasable","14":"product-type-simple"},"meta_box":[],"_links":{"self":[{"href":"https:\/\/upartpal.com\/de\/wp-json\/wp\/v2\/product\/836","targetHints":{"allow":["GET"]}}],"collection":[{"href":"https:\/\/upartpal.com\/de\/wp-json\/wp\/v2\/product"}],"about":[{"href":"https:\/\/upartpal.com\/de\/wp-json\/wp\/v2\/types\/product"}],"replies":[{"embeddable":true,"href":"https:\/\/upartpal.com\/de\/wp-json\/wp\/v2\/comments?post=836"}],"wp:featuredmedia":[{"embeddable":true,"href":"https:\/\/upartpal.com\/de\/wp-json\/wp\/v2\/media\/837"}],"wp:attachment":[{"href":"https:\/\/upartpal.com\/de\/wp-json\/wp\/v2\/media?parent=836"}],"wp:term":[{"taxonomy":"product_brand","embeddable":true,"href":"https:\/\/upartpal.com\/de\/wp-json\/wp\/v2\/product_brand?post=836"},{"taxonomy":"product_cat","embeddable":true,"href":"https:\/\/upartpal.com\/de\/wp-json\/wp\/v2\/product_cat?post=836"},{"taxonomy":"product_tag","embeddable":true,"href":"https:\/\/upartpal.com\/de\/wp-json\/wp\/v2\/product_tag?post=836"}],"curies":[{"name":"wp","href":"https:\/\/api.w.org\/{rel}","templated":true}]}}