{"id":795,"date":"2025-03-27T08:23:16","date_gmt":"2025-03-27T08:23:16","guid":{"rendered":"https:\/\/upartpal.com\/?post_type=product&#038;p=795"},"modified":"2026-04-08T10:28:12","modified_gmt":"2026-04-08T10:28:12","slug":"2x-flusensieb-fur-fisher-paykel-426451p","status":"publish","type":"product","link":"https:\/\/upartpal.com\/de\/product\/2x-flusensieb-fur-fisher-paykel-426451p\/","title":{"rendered":"2x FLECKENFILTER F\u00dcR FISHER &amp; PAYKEL-426451P"},"content":{"rendered":"<h3>Produkt\u00fcbersicht<\/h3>\n<ul class=\"marker:text-secondary\">\n<li class=\"break-words\"><strong>Name<\/strong>: 426451P 2x Flusenfilter f\u00fcr Fisher &amp; Paykel FabricSmart WA70T60FW1 Top-Loader<\/li>\n<li class=\"break-words\"><strong>Beschreibung<\/strong>: Dies ist ein Satz von zwei Flusenfiltern, die speziell f\u00fcr Fisher &amp; Paykel Toplader-Waschmaschinen entwickelt wurden.<\/li>\n<\/ul>\n<p><img fetchpriority=\"high\" decoding=\"async\" class=\"alignnone wp-image-798\" src=\"https:\/\/upartpal.com\/wp-content\/uploads\/2025\/03\/426451-2-300x300.webp\" alt=\"Zwei Toplader-Fusselfilter\" width=\"600\" height=\"600\" srcset=\"https:\/\/upartpal.com\/wp-content\/uploads\/2025\/03\/426451-2-300x300.webp 300w, https:\/\/upartpal.com\/wp-content\/uploads\/2025\/03\/426451-2-1024x1024.webp 1024w, https:\/\/upartpal.com\/wp-content\/uploads\/2025\/03\/426451-2-150x150.webp 150w, https:\/\/upartpal.com\/wp-content\/uploads\/2025\/03\/426451-2-768x768.webp 768w, https:\/\/upartpal.com\/wp-content\/uploads\/2025\/03\/426451-2-1536x1536.webp 1536w, https:\/\/upartpal.com\/wp-content\/uploads\/2025\/03\/426451-2-600x600.webp 600w, https:\/\/upartpal.com\/wp-content\/uploads\/2025\/03\/426451-2-100x100.webp 100w, https:\/\/upartpal.com\/wp-content\/uploads\/2025\/03\/426451-2.webp 1600w\" sizes=\"(max-width: 600px) 100vw, 600px\" \/><\/p>\n<div>\n<h3>Produktvorteile<\/h3>\n<ul class=\"marker:text-secondary\">\n<li class=\"break-words\"><strong>Verhindert Rohrverstopfungen<\/strong>: Viele Fisher &amp; Paykel-Waschmaschinen verf\u00fcgen nicht \u00fcber einen eingebauten Flusensieb, so dass Flusen in die Kanalisation gelangen k\u00f6nnen. Dies kann die Rohre verstopfen und zu kostspieligen Reparaturen f\u00fchren, die m\u00f6glicherweise Hunderte von Dollar kosten k\u00f6nnen.<\/li>\n<li class=\"break-words\"><strong>Manuelle Fusselentsorgung<\/strong>: Der Filter f\u00e4ngt die Flusen w\u00e4hrend des Waschgangs auf, so dass Sie sie im M\u00fcll entsorgen k\u00f6nnen, anstatt sie in das Abwassersystem zu leiten.<\/li>\n<li class=\"break-words\"><strong>Kosteneinsparungen<\/strong>: Durch das Auffangen von Flusen sch\u00fctzt dieser Filter Ihre Waschmaschine und Ihre Hausinstallation und hilft Ihnen, teure Reparaturkosten zu vermeiden.<\/li>\n<\/ul>\n<p><img decoding=\"async\" class=\"alignnone wp-image-800\" src=\"https:\/\/upartpal.com\/wp-content\/uploads\/2025\/03\/426451-4-300x300.webp\" alt=\"Waschmaschinenr\u00fchrwerk mit der Bezeichnung Suits Agitator 425025P.\" width=\"600\" height=\"600\" srcset=\"https:\/\/upartpal.com\/wp-content\/uploads\/2025\/03\/426451-4-300x300.webp 300w, https:\/\/upartpal.com\/wp-content\/uploads\/2025\/03\/426451-4-1024x1024.webp 1024w, https:\/\/upartpal.com\/wp-content\/uploads\/2025\/03\/426451-4-150x150.webp 150w, https:\/\/upartpal.com\/wp-content\/uploads\/2025\/03\/426451-4-768x768.webp 768w, https:\/\/upartpal.com\/wp-content\/uploads\/2025\/03\/426451-4-1536x1536.webp 1536w, https:\/\/upartpal.com\/wp-content\/uploads\/2025\/03\/426451-4-600x600.webp 600w, https:\/\/upartpal.com\/wp-content\/uploads\/2025\/03\/426451-4-100x100.webp 100w, https:\/\/upartpal.com\/wp-content\/uploads\/2025\/03\/426451-4.webp 1600w\" sizes=\"(max-width: 600px) 100vw, 600px\" \/><\/p>\n<h3>Produktspezifikationen<\/h3>\n<ul class=\"marker:text-secondary\">\n<li class=\"break-words\"><strong>Unverzichtbares Accessoire<\/strong>: Da die meisten Toplader von Fisher &amp; Paykel \u00fcber keinen Flusensieb verf\u00fcgen, ist dies ein unverzichtbarer Zusatz.<\/li>\n<li class=\"break-words\"><strong>Kompatibilit\u00e4t<\/strong>: Funktioniert mit den meisten Fisher &amp; Paykel Toplader-Modellen, die \u00fcber ein R\u00fchrwerk verf\u00fcgen.<\/li>\n<li class=\"break-words\"><strong>Perfekte Passform<\/strong>: Passend zur Teilenummer des R\u00fchrwerks <strong>425025P<\/strong>.<\/li>\n<li class=\"break-words\"><strong>Benutzerfreundlich<\/strong>: Einfach zu installieren, zu entfernen und zu reinigen.<\/li>\n<li class=\"break-words\"><strong>Wiederverwendbar<\/strong>: Reinigen Sie es nach jedem Gebrauch und setzen Sie es erneut ein, um die Leistung zu wiederholen.<\/li>\n<\/ul>\n<p><img decoding=\"async\" class=\"alignnone wp-image-801\" src=\"https:\/\/upartpal.com\/wp-content\/uploads\/2025\/03\/426451-1-300x300.webp\" alt=\"R\u00fchrwerksersatzteile mit beschrifteten Modellnummern.\" width=\"600\" height=\"600\" srcset=\"https:\/\/upartpal.com\/wp-content\/uploads\/2025\/03\/426451-1-300x300.webp 300w, https:\/\/upartpal.com\/wp-content\/uploads\/2025\/03\/426451-1-1024x1024.webp 1024w, https:\/\/upartpal.com\/wp-content\/uploads\/2025\/03\/426451-1-150x150.webp 150w, https:\/\/upartpal.com\/wp-content\/uploads\/2025\/03\/426451-1-768x768.webp 768w, https:\/\/upartpal.com\/wp-content\/uploads\/2025\/03\/426451-1-1536x1536.webp 1536w, https:\/\/upartpal.com\/wp-content\/uploads\/2025\/03\/426451-1-600x600.webp 600w, https:\/\/upartpal.com\/wp-content\/uploads\/2025\/03\/426451-1-100x100.webp 100w, https:\/\/upartpal.com\/wp-content\/uploads\/2025\/03\/426451-1.webp 1600w\" sizes=\"(max-width: 600px) 100vw, 600px\" \/><\/p>\n<h3>Schritte zur Installation<\/h3>\n<ol class=\"marker:text-secondary\">\n<li class=\"break-words\">Entfernen Sie den Stoffspenderbecher von der Oberseite des R\u00fchrwerks.<\/li>\n<li class=\"break-words\">Schieben Sie das Flusensieb nach unten auf den Boden des R\u00fchrwerks.<\/li>\n<li class=\"break-words\">Bringen Sie den Stoffspenderbecher wieder an.<\/li>\n<\/ol>\n<h3>Kompatibilit\u00e4t<\/h3>\n<ul class=\"marker:text-secondary\">\n<li class=\"break-words\"><strong>Best\u00e4tigtes Modell<\/strong>: Fisher &amp; Paykel FabricSmart WA70T60FW1 Top-Loader.<\/li>\n<\/ul>\n<p><img loading=\"lazy\" decoding=\"async\" class=\"alignnone wp-image-802\" src=\"https:\/\/upartpal.com\/wp-content\/uploads\/2025\/03\/426451-3-300x300.webp\" alt=\"Geeignete R\u00fchrwerksmodelle f\u00fcr Waschmaschinen, Fisher &amp; Paykel\" width=\"600\" height=\"600\" srcset=\"https:\/\/upartpal.com\/wp-content\/uploads\/2025\/03\/426451-3-300x300.webp 300w, https:\/\/upartpal.com\/wp-content\/uploads\/2025\/03\/426451-3-1024x1024.webp 1024w, https:\/\/upartpal.com\/wp-content\/uploads\/2025\/03\/426451-3-150x150.webp 150w, https:\/\/upartpal.com\/wp-content\/uploads\/2025\/03\/426451-3-768x768.webp 768w, https:\/\/upartpal.com\/wp-content\/uploads\/2025\/03\/426451-3-1536x1536.webp 1536w, https:\/\/upartpal.com\/wp-content\/uploads\/2025\/03\/426451-3-600x600.webp 600w, https:\/\/upartpal.com\/wp-content\/uploads\/2025\/03\/426451-3-100x100.webp 100w, https:\/\/upartpal.com\/wp-content\/uploads\/2025\/03\/426451-3.webp 1600w\" sizes=\"(max-width: 600px) 100vw, 600px\" \/><\/p>\n<\/div>","protected":false},"excerpt":{"rendered":"<ul>\n<li>Marke: Upartpal<\/li>\n<li>Modellnummer: 426451P<\/li>\n<li>Teilenummer: 426451P<\/li>\n<li>Ungef\u00e4hres Gewicht\uff1a0,041 kg<\/li>\n<li>Ungef\u00e4hre Gr\u00f6\u00dfe\uff1a\u03c690*70 mm<\/li>\n<li>Enthaltene Komponenten: 2x LINT-FILTER F\u00dcR FISHER &amp; PAYKEL<\/li>\n<\/ul>","protected":false},"featured_media":797,"comment_status":"open","ping_status":"closed","template":"","meta":{"_seopress_robots_primary_cat":"none","_seopress_titles_title":"Upgrade Your Washing Machine's Suspension with 424569P","_seopress_titles_desc":"Upgrade your washing machine's stability with the 424569P suspension rod. Made of stainless steel, it reduces noise and vibration for smoother operation.","_seopress_robots_index":""},"product_brand":[44],"product_cat":[34],"product_tag":[],"class_list":{"0":"post-795","1":"product","2":"type-product","3":"status-publish","4":"has-post-thumbnail","6":"product_brand-fisher-paykel","7":"product_cat-washing-machine-spare-parts","9":"first","10":"instock","11":"sale","12":"shipping-taxable","13":"purchasable","14":"product-type-simple"},"meta_box":[],"_links":{"self":[{"href":"https:\/\/upartpal.com\/de\/wp-json\/wp\/v2\/product\/795","targetHints":{"allow":["GET"]}}],"collection":[{"href":"https:\/\/upartpal.com\/de\/wp-json\/wp\/v2\/product"}],"about":[{"href":"https:\/\/upartpal.com\/de\/wp-json\/wp\/v2\/types\/product"}],"replies":[{"embeddable":true,"href":"https:\/\/upartpal.com\/de\/wp-json\/wp\/v2\/comments?post=795"}],"wp:featuredmedia":[{"embeddable":true,"href":"https:\/\/upartpal.com\/de\/wp-json\/wp\/v2\/media\/797"}],"wp:attachment":[{"href":"https:\/\/upartpal.com\/de\/wp-json\/wp\/v2\/media?parent=795"}],"wp:term":[{"taxonomy":"product_brand","embeddable":true,"href":"https:\/\/upartpal.com\/de\/wp-json\/wp\/v2\/product_brand?post=795"},{"taxonomy":"product_cat","embeddable":true,"href":"https:\/\/upartpal.com\/de\/wp-json\/wp\/v2\/product_cat?post=795"},{"taxonomy":"product_tag","embeddable":true,"href":"https:\/\/upartpal.com\/de\/wp-json\/wp\/v2\/product_tag?post=795"}],"curies":[{"name":"wp","href":"https:\/\/api.w.org\/{rel}","templated":true}]}}