{"id":719,"date":"2025-03-26T06:28:41","date_gmt":"2025-03-26T06:28:41","guid":{"rendered":"https:\/\/upartpal.com\/?post_type=product&#038;p=719"},"modified":"2026-04-08T10:28:30","modified_gmt":"2026-04-08T10:28:30","slug":"fisher-paykel-modelle-424495p","status":"publish","type":"product","link":"https:\/\/upartpal.com\/de\/product\/fisher-paykel-modelle-424495p\/","title":{"rendered":"Waschmaschinenaufh\u00e4ngung, Upgrade, 4er-Pack f\u00fcr Fisher &amp; Paykel Modelle -424495P"},"content":{"rendered":"<h3>Produktname<\/h3>\n<p class=\"break-words\">424495P Waschmaschinen-Aufh\u00e4ngestange<\/p>\n<p><img fetchpriority=\"high\" decoding=\"async\" class=\"alignnone wp-image-723\" src=\"https:\/\/upartpal.com\/wp-content\/uploads\/2025\/03\/2-1-1-300x300.webp\" alt=\"Aufh\u00e4ngestangen und Teile f\u00fcr Waschmaschinen mit Waschmaschine.\" width=\"600\" height=\"600\" srcset=\"https:\/\/upartpal.com\/wp-content\/uploads\/2025\/03\/2-1-1-300x300.webp 300w, https:\/\/upartpal.com\/wp-content\/uploads\/2025\/03\/2-1-1-1024x1024.webp 1024w, https:\/\/upartpal.com\/wp-content\/uploads\/2025\/03\/2-1-1-150x150.webp 150w, https:\/\/upartpal.com\/wp-content\/uploads\/2025\/03\/2-1-1-768x768.webp 768w, https:\/\/upartpal.com\/wp-content\/uploads\/2025\/03\/2-1-1-1536x1536.webp 1536w, https:\/\/upartpal.com\/wp-content\/uploads\/2025\/03\/2-1-1-600x600.webp 600w, https:\/\/upartpal.com\/wp-content\/uploads\/2025\/03\/2-1-1-100x100.webp 100w, https:\/\/upartpal.com\/wp-content\/uploads\/2025\/03\/2-1-1.webp 1600w\" sizes=\"(max-width: 600px) 100vw, 600px\" \/><\/p>\n<h3>Wesentliche Merkmale<\/h3>\n<ul class=\"marker:text-secondary\">\n<li class=\"break-words\"><strong>Verdickt und aufgewertet<\/strong>: 0,2 Zoll dicker als das Standardmodell, mit verst\u00e4rktem Durchmesser f\u00fcr h\u00f6here Festigkeit.<\/li>\n<li class=\"break-words\"><strong>Material<\/strong>: Hergestellt aus rostfreiem Stahl, der Langlebigkeit und Rostbest\u00e4ndigkeit garantiert.<\/li>\n<li class=\"break-words\"><strong>Abmessungen<\/strong>: Die L\u00e4nge der Aufh\u00e4ngestange betr\u00e4gt etwa 26,37 Zoll.<\/li>\n<li class=\"break-words\"><strong style=\"font-family: -apple-system, BlinkMacSystemFont, 'Segoe UI', Roboto, 'Helvetica Neue', Arial, 'Noto Sans', sans-serif, 'Apple Color Emoji', 'Segoe UI Emoji', 'Segoe UI Symbol', 'Noto Color Emoji';\">Aufger\u00fcstete Feder<\/strong><span style=\"font-family: -apple-system, BlinkMacSystemFont, 'Segoe UI', Roboto, 'Helvetica Neue', Arial, 'Noto Sans', sans-serif, 'Apple Color Emoji', 'Segoe UI Emoji', 'Segoe UI Symbol', 'Noto Color Emoji';\">: Ausgestattet mit einer hochfesten, sto\u00dfd\u00e4mpfenden Feder, die Vibrationen wirksam reduziert und die Stabilit\u00e4t der Waschmaschine w\u00e4hrend des Betriebs verbessert.<\/span><\/li>\n<\/ul>\n<p><img decoding=\"async\" class=\"alignnone wp-image-724\" src=\"https:\/\/upartpal.com\/wp-content\/uploads\/2025\/03\/2-3-300x300.webp\" alt=\"Waschmaschinen-Sto\u00dfd\u00e4mpfer im Einsatz, Viererpack.\" width=\"600\" height=\"600\" srcset=\"https:\/\/upartpal.com\/wp-content\/uploads\/2025\/03\/2-3-300x300.webp 300w, https:\/\/upartpal.com\/wp-content\/uploads\/2025\/03\/2-3-1024x1024.webp 1024w, https:\/\/upartpal.com\/wp-content\/uploads\/2025\/03\/2-3-150x150.webp 150w, https:\/\/upartpal.com\/wp-content\/uploads\/2025\/03\/2-3-768x768.webp 768w, https:\/\/upartpal.com\/wp-content\/uploads\/2025\/03\/2-3-1536x1536.webp 1536w, https:\/\/upartpal.com\/wp-content\/uploads\/2025\/03\/2-3-600x600.webp 600w, https:\/\/upartpal.com\/wp-content\/uploads\/2025\/03\/2-3-100x100.webp 100w, https:\/\/upartpal.com\/wp-content\/uploads\/2025\/03\/2-3.webp 1600w\" sizes=\"(max-width: 600px) 100vw, 600px\" \/><\/p>\n<h3>Kompatibilit\u00e4t<\/h3>\n<p>Kompatibel mit den folgenden Fisher &amp; Paykel Waschmaschinenmodellen:<\/p>\n<ul class=\"marker:text-secondary\">\n<li class=\"break-words\">WL70T60DW1, WL70T60CW1, WL70T60CW2, WL80T65DW1, WL80T65CW1, WL80T65CW2, 93221-A, 93253-A, 93171-A, 93117-A, 93130-A, 93130-B, 93252-A, 93003-A, 93114-A, 93114-B, 93250-A, 93191-A, 93004-A, 93118-A, 93125-A, 93251-A, WL70T60CW, WL80T65DW, WL80T65C, WL70T60DW, WL70T60CW1, 93221-A, 93253-A, WL70T60CW2, 93171-A, WL70T60DW1, 93117-A, 93130-A, 93130-B, 93252-A, WL80T65CW1, 93003-A, 93114-A, 93114-B, 93250-A, WL80T65CW2, 93191-A, WL80T65DW1, 93004-A, 93118-A, 93125-A, 93251-A, WL70T60CW, WL80T65DW, WL80T65C, WL70T60DW, WL80T65CW1, WL42T26CW1, WL42T26DW1, WL42T26KW1, L37T26CW2, WL37T26DW1, WL37T26DW2, WL37T26KW2, WL26CW1, WL26CW2, WL37CW2, WL80T65CW1, 93220-8<\/li>\n<\/ul>\n<p><img decoding=\"async\" class=\"alignnone wp-image-725\" src=\"https:\/\/upartpal.com\/wp-content\/uploads\/2025\/03\/2-2-300x300.webp\" alt=\"Gr\u00f6\u00dfen der Motorhaubenst\u00fctzen mit detaillierten Messungen.\" width=\"600\" height=\"600\" srcset=\"https:\/\/upartpal.com\/wp-content\/uploads\/2025\/03\/2-2-300x300.webp 300w, https:\/\/upartpal.com\/wp-content\/uploads\/2025\/03\/2-2-1024x1024.webp 1024w, https:\/\/upartpal.com\/wp-content\/uploads\/2025\/03\/2-2-150x150.webp 150w, https:\/\/upartpal.com\/wp-content\/uploads\/2025\/03\/2-2-768x768.webp 768w, https:\/\/upartpal.com\/wp-content\/uploads\/2025\/03\/2-2-1536x1536.webp 1536w, https:\/\/upartpal.com\/wp-content\/uploads\/2025\/03\/2-2-600x600.webp 600w, https:\/\/upartpal.com\/wp-content\/uploads\/2025\/03\/2-2-100x100.webp 100w, https:\/\/upartpal.com\/wp-content\/uploads\/2025\/03\/2-2.webp 1600w\" sizes=\"(max-width: 600px) 100vw, 600px\" \/><\/p>\n<h3>Produktvorteile<\/h3>\n<ul class=\"marker:text-secondary\">\n<li class=\"break-words\"><strong>Hochwertiges Material<\/strong>: Hergestellt aus rostfreiem Stahl f\u00fcr Korrosionsbest\u00e4ndigkeit und lang anhaltende Leistung. Obwohl es sich nicht um ein OEM-Produkt handelt, erf\u00fcllt es die strengen OEM-Standards und wurde umfangreichen Tests unterzogen, um eine perfekte Passform mit den Aufh\u00e4ngestangen der Fisher &amp; Paykel-Waschmaschinen zu gew\u00e4hrleisten.<\/li>\n<li class=\"break-words\"><strong>Einfache Installation<\/strong>: F\u00fcr eine einfache und schnelle Installation konzipiert, die Zeit und M\u00fche spart.<\/li>\n<li class=\"break-words\"><strong>L\u00f6st h\u00e4ufige Probleme<\/strong>: Verringert wirksam Unwucht, Wackeln und \u00fcberm\u00e4\u00dfige Ger\u00e4usche w\u00e4hrend des Betriebs und bietet zuverl\u00e4ssige Unterst\u00fctzung und Stabilit\u00e4t f\u00fcr eine reibungslose Waschmaschinenleistung.<\/li>\n<\/ul>\n<p><img loading=\"lazy\" decoding=\"async\" class=\"alignnone wp-image-715\" src=\"https:\/\/upartpal.com\/wp-content\/uploads\/2025\/03\/5-300x300.webp\" alt=\"Warnung: Stromschlaggefahr bei der Installation.\" width=\"600\" height=\"600\" srcset=\"https:\/\/upartpal.com\/wp-content\/uploads\/2025\/03\/5-300x300.webp 300w, https:\/\/upartpal.com\/wp-content\/uploads\/2025\/03\/5-1024x1024.webp 1024w, https:\/\/upartpal.com\/wp-content\/uploads\/2025\/03\/5-150x150.webp 150w, https:\/\/upartpal.com\/wp-content\/uploads\/2025\/03\/5-768x768.webp 768w, https:\/\/upartpal.com\/wp-content\/uploads\/2025\/03\/5-1536x1536.webp 1536w, https:\/\/upartpal.com\/wp-content\/uploads\/2025\/03\/5-600x600.webp 600w, https:\/\/upartpal.com\/wp-content\/uploads\/2025\/03\/5-100x100.webp 100w, https:\/\/upartpal.com\/wp-content\/uploads\/2025\/03\/5.webp 1600w\" sizes=\"(max-width: 600px) 100vw, 600px\" \/><\/p>","protected":false},"excerpt":{"rendered":"<ul>\n<li>Marke: Upartpal<\/li>\n<li>Modellnummer: 424495P<\/li>\n<li>Teilenummer: 424495P<\/li>\n<li>Produkt-Abmessungen: 27 x 5 x 3,5 Zoll<\/li>\n<li>Artikelgewicht: 3,09 Pfund<\/li>\n<li>Enthaltene Komponenten: 424495P Unterlegscheibe Aufh\u00e4ngestangensatz 4er Pack<\/li>\n<\/ul>","protected":false},"featured_media":720,"comment_status":"open","ping_status":"closed","template":"","meta":{"_seopress_robots_primary_cat":"none","_seopress_titles_title":"Upgrade Your Washer: 424495P Suspension Rods","_seopress_titles_desc":"Upgrade your Fisher & Paykel washer with our 424495P rod\u2014thickened, stainless steel for durability, reducing noise and imbalance. Easy to install!","_seopress_robots_index":""},"product_brand":[44],"product_cat":[34],"product_tag":[],"class_list":{"0":"post-719","1":"product","2":"type-product","3":"status-publish","4":"has-post-thumbnail","6":"product_brand-fisher-paykel","7":"product_cat-washing-machine-spare-parts","9":"first","10":"instock","11":"sale","12":"shipping-taxable","13":"purchasable","14":"product-type-simple"},"meta_box":[],"_links":{"self":[{"href":"https:\/\/upartpal.com\/de\/wp-json\/wp\/v2\/product\/719","targetHints":{"allow":["GET"]}}],"collection":[{"href":"https:\/\/upartpal.com\/de\/wp-json\/wp\/v2\/product"}],"about":[{"href":"https:\/\/upartpal.com\/de\/wp-json\/wp\/v2\/types\/product"}],"replies":[{"embeddable":true,"href":"https:\/\/upartpal.com\/de\/wp-json\/wp\/v2\/comments?post=719"}],"wp:featuredmedia":[{"embeddable":true,"href":"https:\/\/upartpal.com\/de\/wp-json\/wp\/v2\/media\/720"}],"wp:attachment":[{"href":"https:\/\/upartpal.com\/de\/wp-json\/wp\/v2\/media?parent=719"}],"wp:term":[{"taxonomy":"product_brand","embeddable":true,"href":"https:\/\/upartpal.com\/de\/wp-json\/wp\/v2\/product_brand?post=719"},{"taxonomy":"product_cat","embeddable":true,"href":"https:\/\/upartpal.com\/de\/wp-json\/wp\/v2\/product_cat?post=719"},{"taxonomy":"product_tag","embeddable":true,"href":"https:\/\/upartpal.com\/de\/wp-json\/wp\/v2\/product_tag?post=719"}],"curies":[{"name":"wp","href":"https:\/\/api.w.org\/{rel}","templated":true}]}}