{"id":543,"date":"2025-03-22T21:00:15","date_gmt":"2025-03-22T21:00:15","guid":{"rendered":"https:\/\/upartpal.com\/product\/temporibus-temporibus-corporis-est-dolor-quia\/"},"modified":"2026-01-30T00:48:57","modified_gmt":"2026-01-30T00:48:57","slug":"fisher-paykel-modelle-424569p","status":"publish","type":"product","link":"https:\/\/upartpal.com\/de\/product\/fisher-paykel-modelle-424569p\/","title":{"rendered":"Waschmaschinenaufh\u00e4ngung, Upgrade, 4er-Pack f\u00fcr Fisher &amp; Paykel Modelle -424569P"},"content":{"rendered":"<h3>Produktname<\/h3>\n<p class=\"break-words\">424569P Waschmaschinen-Aufh\u00e4ngestange<\/p>\n<p><img fetchpriority=\"high\" decoding=\"async\" class=\"alignnone wp-image-712\" src=\"https:\/\/upartpal.com\/wp-content\/uploads\/2025\/03\/1-300x300.webp\" alt=\"Waschmaschinenaufh\u00e4ngungsstangen-Ersatzteilsatz.\" width=\"600\" height=\"600\" srcset=\"https:\/\/upartpal.com\/wp-content\/uploads\/2025\/03\/1-300x300.webp 300w, https:\/\/upartpal.com\/wp-content\/uploads\/2025\/03\/1-1024x1024.webp 1024w, https:\/\/upartpal.com\/wp-content\/uploads\/2025\/03\/1-150x150.webp 150w, https:\/\/upartpal.com\/wp-content\/uploads\/2025\/03\/1-768x768.webp 768w, https:\/\/upartpal.com\/wp-content\/uploads\/2025\/03\/1-1536x1536.webp 1536w, https:\/\/upartpal.com\/wp-content\/uploads\/2025\/03\/1-600x600.webp 600w, https:\/\/upartpal.com\/wp-content\/uploads\/2025\/03\/1-100x100.webp 100w, https:\/\/upartpal.com\/wp-content\/uploads\/2025\/03\/1.webp 1600w\" sizes=\"(max-width: 600px) 100vw, 600px\" \/><\/p>\n<h3>Wesentliche Merkmale<\/h3>\n<ul class=\"marker:text-secondary\">\n<li class=\"break-words\"><strong>Verdickt und aufgewertet<\/strong>: 0,2 Zoll dicker als das Standardmodell, mit verst\u00e4rktem Durchmesser f\u00fcr h\u00f6here Festigkeit.<\/li>\n<li class=\"break-words\"><strong>Material<\/strong>: Hergestellt aus rostfreiem Stahl, der Langlebigkeit und Rostbest\u00e4ndigkeit garantiert.<\/li>\n<li class=\"break-words\"><strong>Abmessungen<\/strong>: Die L\u00e4nge der Aufh\u00e4ngestange betr\u00e4gt etwa 26,37 Zoll.<\/li>\n<li class=\"break-words\"><strong style=\"font-family: -apple-system, BlinkMacSystemFont, 'Segoe UI', Roboto, 'Helvetica Neue', Arial, 'Noto Sans', sans-serif, 'Apple Color Emoji', 'Segoe UI Emoji', 'Segoe UI Symbol', 'Noto Color Emoji';\">Aufger\u00fcstete Feder<\/strong><span style=\"font-family: -apple-system, BlinkMacSystemFont, 'Segoe UI', Roboto, 'Helvetica Neue', Arial, 'Noto Sans', sans-serif, 'Apple Color Emoji', 'Segoe UI Emoji', 'Segoe UI Symbol', 'Noto Color Emoji';\">: Ausgestattet mit einer hochfesten, sto\u00dfd\u00e4mpfenden Feder, die Vibrationen wirksam reduziert und die Stabilit\u00e4t der Waschmaschine w\u00e4hrend des Betriebs verbessert.<\/span><\/li>\n<\/ul>\n<p><img decoding=\"async\" class=\"alignnone wp-image-713\" src=\"https:\/\/upartpal.com\/wp-content\/uploads\/2025\/03\/3-300x300.webp\" alt=\"Vier Unterlegscheiben f\u00fcr die Aufh\u00e4ngung, rostfreier Stahl, sto\u00dfd\u00e4mpfend.\" width=\"600\" height=\"600\" srcset=\"https:\/\/upartpal.com\/wp-content\/uploads\/2025\/03\/3-300x300.webp 300w, https:\/\/upartpal.com\/wp-content\/uploads\/2025\/03\/3-1024x1024.webp 1024w, https:\/\/upartpal.com\/wp-content\/uploads\/2025\/03\/3-150x150.webp 150w, https:\/\/upartpal.com\/wp-content\/uploads\/2025\/03\/3-768x768.webp 768w, https:\/\/upartpal.com\/wp-content\/uploads\/2025\/03\/3-1536x1536.webp 1536w, https:\/\/upartpal.com\/wp-content\/uploads\/2025\/03\/3-600x600.webp 600w, https:\/\/upartpal.com\/wp-content\/uploads\/2025\/03\/3-100x100.webp 100w, https:\/\/upartpal.com\/wp-content\/uploads\/2025\/03\/3.webp 1600w\" sizes=\"(max-width: 600px) 100vw, 600px\" \/><\/p>\n<h3>Kompatibilit\u00e4t<\/h3>\n<p>Kompatibel mit den folgenden Fisher &amp; Paykel Waschmaschinenmodellen:<\/p>\n<ul class=\"marker:text-secondary\">\n<li class=\"break-words\">WL42T26DW1-96198A, WL42T26DW1-96178B, WL42T26DW1-96178A, WL26CW1-96215B<\/li>\n<li class=\"break-words\">WL37T26DW1-96125A, WL26CW2-96114A, WL37T26CW2-96109A, WL37T26DW2-96113A<\/li>\n<li class=\"break-words\">WL26CW1-96215A, WL26CW2, WL37T26KW2-96104A, WL42T26KW1-96174A<\/li>\n<li class=\"break-words\">WL42T26CW1-96176A, WL42T26CW1-96176B, WL42T26CW1-96196A<\/li>\n<li class=\"break-words\">Weitere kompatible Modelle:\n<ul class=\"marker:text-secondary\">\n<li class=\"break-words\">WL8060P1 (92111-A), WL4227J1 (96208-A), WL4227P1 (96207-A), WA4127G1 (96212-A)<\/li>\n<li class=\"break-words\">WA8060P1 (92147-A), WA8060E1 (92168-A), WA8060G1 (92176-A), WA7060E1 (92217-A)<\/li>\n<li class=\"break-words\">WA7060G1, WA8560E1 (92233-A), WA8560G1 (93232-A), WA1068G1<\/li>\n<\/ul>\n<\/li>\n<\/ul>\n<p><img decoding=\"async\" class=\"alignnone wp-image-714\" src=\"https:\/\/upartpal.com\/wp-content\/uploads\/2025\/03\/4-300x300.webp\" alt=\"Unterlegscheibenaufh\u00e4ngungen beheben Vibrations- und Ger\u00e4uschprobleme.\" width=\"600\" height=\"600\" srcset=\"https:\/\/upartpal.com\/wp-content\/uploads\/2025\/03\/4-300x300.webp 300w, https:\/\/upartpal.com\/wp-content\/uploads\/2025\/03\/4-1024x1024.webp 1024w, https:\/\/upartpal.com\/wp-content\/uploads\/2025\/03\/4-150x150.webp 150w, https:\/\/upartpal.com\/wp-content\/uploads\/2025\/03\/4-768x768.webp 768w, https:\/\/upartpal.com\/wp-content\/uploads\/2025\/03\/4-1536x1536.webp 1536w, https:\/\/upartpal.com\/wp-content\/uploads\/2025\/03\/4-600x600.webp 600w, https:\/\/upartpal.com\/wp-content\/uploads\/2025\/03\/4-100x100.webp 100w, https:\/\/upartpal.com\/wp-content\/uploads\/2025\/03\/4.webp 1600w\" sizes=\"(max-width: 600px) 100vw, 600px\" \/><\/p>\n<h3>Ersatzteil-Nummern<\/h3>\n<p class=\"break-words\">424569P, 421841P, 1880882<\/p>\n<h3>Produktvorteile<\/h3>\n<ul class=\"marker:text-secondary\">\n<li class=\"break-words\"><strong>Hochwertiges Material<\/strong>: Hergestellt aus rostfreiem Stahl f\u00fcr Korrosionsbest\u00e4ndigkeit und lang anhaltende Leistung. Obwohl es sich nicht um ein OEM-Produkt handelt, erf\u00fcllt es die strengen OEM-Standards und wurde umfangreichen Tests unterzogen, um eine perfekte Passform mit den Aufh\u00e4ngestangen der Fisher &amp; Paykel-Waschmaschinen zu gew\u00e4hrleisten.<\/li>\n<li class=\"break-words\"><strong>Einfache Installation<\/strong>: F\u00fcr eine einfache und schnelle Installation konzipiert, die Zeit und M\u00fche spart.<\/li>\n<li class=\"break-words\"><strong>L\u00f6st h\u00e4ufige Probleme<\/strong>: Verringert wirksam Unwucht, Wackeln und \u00fcberm\u00e4\u00dfige Ger\u00e4usche w\u00e4hrend des Betriebs und bietet zuverl\u00e4ssige Unterst\u00fctzung und Stabilit\u00e4t f\u00fcr eine reibungslose Waschmaschinenleistung.<\/li>\n<\/ul>\n<p><img loading=\"lazy\" decoding=\"async\" class=\"alignnone wp-image-716\" src=\"https:\/\/upartpal.com\/wp-content\/uploads\/2025\/03\/2-300x300.webp\" alt=\"Produktabmessungen mit Feder- und Griffma\u00dfen.\" width=\"600\" height=\"600\" srcset=\"https:\/\/upartpal.com\/wp-content\/uploads\/2025\/03\/2-300x300.webp 300w, https:\/\/upartpal.com\/wp-content\/uploads\/2025\/03\/2-1024x1024.webp 1024w, https:\/\/upartpal.com\/wp-content\/uploads\/2025\/03\/2-150x150.webp 150w, https:\/\/upartpal.com\/wp-content\/uploads\/2025\/03\/2-768x768.webp 768w, https:\/\/upartpal.com\/wp-content\/uploads\/2025\/03\/2-1536x1536.webp 1536w, https:\/\/upartpal.com\/wp-content\/uploads\/2025\/03\/2-600x600.webp 600w, https:\/\/upartpal.com\/wp-content\/uploads\/2025\/03\/2-100x100.webp 100w, https:\/\/upartpal.com\/wp-content\/uploads\/2025\/03\/2.webp 1600w\" sizes=\"(max-width: 600px) 100vw, 600px\" \/><\/p>\n<h3>Wichtige Hinweise<\/h3>\n<p>Die Waschmaschinen-Aufh\u00e4ngestange 424569P ist <strong>nicht kompatibel<\/strong> mit den folgenden Produktcodes:<\/p>\n<ul class=\"marker:text-secondary\">\n<li class=\"break-words\">92263-B, 92264-B, 93264-B, 92266-B, 92262-B, 93262-B, 93265-B<\/li>\n<\/ul>\n<p><img loading=\"lazy\" decoding=\"async\" class=\"alignnone wp-image-715\" src=\"https:\/\/upartpal.com\/wp-content\/uploads\/2025\/03\/5-300x300.webp\" alt=\"Warnung: Stromschlaggefahr bei der Installation.\" width=\"600\" height=\"600\" srcset=\"https:\/\/upartpal.com\/wp-content\/uploads\/2025\/03\/5-300x300.webp 300w, https:\/\/upartpal.com\/wp-content\/uploads\/2025\/03\/5-1024x1024.webp 1024w, https:\/\/upartpal.com\/wp-content\/uploads\/2025\/03\/5-150x150.webp 150w, https:\/\/upartpal.com\/wp-content\/uploads\/2025\/03\/5-768x768.webp 768w, https:\/\/upartpal.com\/wp-content\/uploads\/2025\/03\/5-1536x1536.webp 1536w, https:\/\/upartpal.com\/wp-content\/uploads\/2025\/03\/5-600x600.webp 600w, https:\/\/upartpal.com\/wp-content\/uploads\/2025\/03\/5-100x100.webp 100w, https:\/\/upartpal.com\/wp-content\/uploads\/2025\/03\/5.webp 1600w\" sizes=\"(max-width: 600px) 100vw, 600px\" \/><\/p>","protected":false},"excerpt":{"rendered":"<ul>\n<li>Marke: Upartpal<\/li>\n<li>Modellnummer: 424569P<\/li>\n<li>Teilenummer: 424569P<\/li>\n<li>Produkt-Abmessungen: 27 x 5 x 3,5 Zoll<\/li>\n<li>Artikelgewicht: 3,09 Pfund<\/li>\n<li>Enthaltene Komponenten: 424569P Unterlegscheibe Aufh\u00e4ngestangensatz 4er Pack<\/li>\n<\/ul>","protected":false},"featured_media":688,"comment_status":"open","ping_status":"closed","template":"","meta":{"_seopress_robots_primary_cat":"none","_seopress_titles_title":"Upgrade Your Washing Machine's Suspension with 424569P","_seopress_titles_desc":"Upgrade your washing machine's stability with the 424569P suspension rod. Made of stainless steel, it reduces noise and vibration for smoother operation.","_seopress_robots_index":""},"product_brand":[44],"product_cat":[34],"product_tag":[],"class_list":{"0":"post-543","1":"product","2":"type-product","3":"status-publish","4":"has-post-thumbnail","6":"product_brand-fisher-paykel","7":"product_cat-washing-machine-spare-parts","9":"first","10":"instock","11":"sale","12":"shipping-taxable","13":"purchasable","14":"product-type-simple"},"meta_box":[],"_links":{"self":[{"href":"https:\/\/upartpal.com\/de\/wp-json\/wp\/v2\/product\/543","targetHints":{"allow":["GET"]}}],"collection":[{"href":"https:\/\/upartpal.com\/de\/wp-json\/wp\/v2\/product"}],"about":[{"href":"https:\/\/upartpal.com\/de\/wp-json\/wp\/v2\/types\/product"}],"replies":[{"embeddable":true,"href":"https:\/\/upartpal.com\/de\/wp-json\/wp\/v2\/comments?post=543"}],"wp:featuredmedia":[{"embeddable":true,"href":"https:\/\/upartpal.com\/de\/wp-json\/wp\/v2\/media\/688"}],"wp:attachment":[{"href":"https:\/\/upartpal.com\/de\/wp-json\/wp\/v2\/media?parent=543"}],"wp:term":[{"taxonomy":"product_brand","embeddable":true,"href":"https:\/\/upartpal.com\/de\/wp-json\/wp\/v2\/product_brand?post=543"},{"taxonomy":"product_cat","embeddable":true,"href":"https:\/\/upartpal.com\/de\/wp-json\/wp\/v2\/product_cat?post=543"},{"taxonomy":"product_tag","embeddable":true,"href":"https:\/\/upartpal.com\/de\/wp-json\/wp\/v2\/product_tag?post=543"}],"curies":[{"name":"wp","href":"https:\/\/api.w.org\/{rel}","templated":true}]}}